{"id":2698,"date":"2024-04-09T09:17:49","date_gmt":"2024-04-09T06:17:49","guid":{"rendered":"https:\/\/www.medifirstaid.gr\/clinics\/"},"modified":"2024-10-25T13:19:59","modified_gmt":"2024-10-25T10:19:59","slug":"clinics","status":"publish","type":"page","link":"https:\/\/www.medifirstaid.gr\/ro\/clinics\/","title":{"rendered":"Kliniki"},"content":{"rendered":"\t\t<div data-elementor-type=\"wp-page\" data-elementor-id=\"2698\" class=\"elementor elementor-2698 elementor-104\" data-elementor-post-type=\"page\">\n\t\t\t\t<div class=\"elementor-element elementor-element-63eb15d6 e-flex e-con-boxed e-con e-parent\" data-id=\"63eb15d6\" data-element_type=\"container\">\n\t\t\t\t\t<div class=\"e-con-inner\">\n\t\t<div class=\"elementor-element elementor-element-78dd729e e-con-full e-flex e-con e-child\" data-id=\"78dd729e\" data-element_type=\"container\">\n\t\t\t\t<div class=\"elementor-element elementor-element-3d41ab00 elementor-invisible elementor-widget elementor-widget-heading\" data-id=\"3d41ab00\" data-element_type=\"widget\" data-settings=\"{&quot;_animation&quot;:&quot;fadeInUp&quot;}\" data-widget_type=\"heading.default\">\n\t\t\t\t<div class=\"elementor-widget-container\">\n\t\t\t\t\t<h2 class=\"elementor-heading-title elementor-size-default\">\u015awiadczymy us\u0142ugi podstawowej opieki zdrowotnej w ponad 20 5* hotelach i kurortach w ca\u0142ej Grecji!\n<\/h2>\t\t\t\t<\/div>\n\t\t\t\t<\/div>\n\t\t\t\t<div class=\"elementor-element elementor-element-74c182c elementor-invisible elementor-widget elementor-widget-accordion\" data-id=\"74c182c\" data-element_type=\"widget\" data-settings=\"{&quot;_animation&quot;:&quot;zoomInUp&quot;}\" data-widget_type=\"accordion.default\">\n\t\t\t\t<div class=\"elementor-widget-container\">\n\t\t\t\t\t\t\t<div class=\"elementor-accordion\">\n\t\t\t\t\t\t\t<div class=\"elementor-accordion-item\">\n\t\t\t\t\t<div id=\"elementor-tab-title-1221\" class=\"elementor-tab-title\" data-tab=\"1\" role=\"button\" aria-controls=\"elementor-tab-content-1221\" aria-expanded=\"false\">\n\t\t\t\t\t\t\t\t\t\t\t\t\t<span class=\"elementor-accordion-icon elementor-accordion-icon-right\" aria-hidden=\"true\">\n\t\t\t\t\t\t\t\t\t\t\t\t\t\t\t<span class=\"elementor-accordion-icon-closed\"><svg xmlns=\"http:\/\/www.w3.org\/2000\/svg\" width=\"28\" height=\"29\" viewBox=\"0 0 28 29\" fill=\"none\"><path d=\"M24.0625 13.625H14.875V4.4375H13.125V13.625H3.9375V15.375H13.125V24.5625H14.875V15.375H24.0625V13.625Z\" fill=\"#0FA4E4\"><\/path><\/svg><\/span>\n\t\t\t\t\t\t\t\t<span class=\"elementor-accordion-icon-opened\"><svg xmlns=\"http:\/\/www.w3.org\/2000\/svg\" width=\"28\" height=\"29\" viewBox=\"0 0 28 29\" fill=\"none\"><rect x=\"4\" y=\"14\" width=\"20\" height=\"2\" fill=\"#0FA4E4\"><\/rect><\/svg><\/span>\n\t\t\t\t\t\t\t\t\t\t\t\t\t\t<\/span>\n\t\t\t\t\t\t\t\t\t\t\t\t<a class=\"elementor-accordion-title\" tabindex=\"0\">Centralne biuro w Atenach<\/a>\n\t\t\t\t\t<\/div>\n\t\t\t\t\t<div id=\"elementor-tab-content-1221\" class=\"elementor-tab-content elementor-clearfix\" data-tab=\"1\" role=\"region\" aria-labelledby=\"elementor-tab-title-1221\"><p>Medi First Aid Aid Athens<br \/>Lotnik Papanastasiou 6<br \/>Mobile:\u00a0<a href=\"tel:+306938330678\">+30 6938330678<\/a>\u00a0\u2013 Coordinator Number<br \/>Tel:\u00a0<a href=\"tel:+302106740424\">+30 2106740424<\/a><\/p><p><a class=\"elementor-button\" href=\"https:\/\/www.medifirstaid.gr\/clinic\/athina-kentriko-grafeio-2\/\">Czytaj wi\u0119cej<\/a><\/p><\/div>\n\t\t\t\t<\/div>\n\t\t\t\t\t\t\t<div class=\"elementor-accordion-item\">\n\t\t\t\t\t<div id=\"elementor-tab-title-1222\" class=\"elementor-tab-title\" data-tab=\"2\" role=\"button\" aria-controls=\"elementor-tab-content-1222\" aria-expanded=\"false\">\n\t\t\t\t\t\t\t\t\t\t\t\t\t<span class=\"elementor-accordion-icon elementor-accordion-icon-right\" aria-hidden=\"true\">\n\t\t\t\t\t\t\t\t\t\t\t\t\t\t\t<span class=\"elementor-accordion-icon-closed\"><svg xmlns=\"http:\/\/www.w3.org\/2000\/svg\" width=\"28\" height=\"29\" viewBox=\"0 0 28 29\" fill=\"none\"><path d=\"M24.0625 13.625H14.875V4.4375H13.125V13.625H3.9375V15.375H13.125V24.5625H14.875V15.375H24.0625V13.625Z\" fill=\"#0FA4E4\"><\/path><\/svg><\/span>\n\t\t\t\t\t\t\t\t<span class=\"elementor-accordion-icon-opened\"><svg xmlns=\"http:\/\/www.w3.org\/2000\/svg\" width=\"28\" height=\"29\" viewBox=\"0 0 28 29\" fill=\"none\"><rect x=\"4\" y=\"14\" width=\"20\" height=\"2\" fill=\"#0FA4E4\"><\/rect><\/svg><\/span>\n\t\t\t\t\t\t\t\t\t\t\t\t\t\t<\/span>\n\t\t\t\t\t\t\t\t\t\t\t\t<a class=\"elementor-accordion-title\" tabindex=\"0\">Saloniki<\/a>\n\t\t\t\t\t<\/div>\n\t\t\t\t\t<div id=\"elementor-tab-content-1222\" class=\"elementor-tab-content elementor-clearfix\" data-tab=\"2\" role=\"region\" aria-labelledby=\"elementor-tab-title-1222\"><p>Medi First Aid Saloniki<br \/>Mobile:\u00a0<a href=\"tel:+306938330678\">+30 6938330678<\/a>\u00a0\u2013 Coordinator Number<br \/>Tel:\u00a0<a href=\"tel:+302106740424\">+30 2106740424<\/a><\/p><p><a class=\"elementor-button\" href=\"https:\/\/www.medifirstaid.gr\/clinic\/thessaloniki\/\">Czytaj wi\u0119cej<\/a><\/p><\/div>\n\t\t\t\t<\/div>\n\t\t\t\t\t\t\t<div class=\"elementor-accordion-item\">\n\t\t\t\t\t<div id=\"elementor-tab-title-1223\" class=\"elementor-tab-title\" data-tab=\"3\" role=\"button\" aria-controls=\"elementor-tab-content-1223\" aria-expanded=\"false\">\n\t\t\t\t\t\t\t\t\t\t\t\t\t<span class=\"elementor-accordion-icon elementor-accordion-icon-right\" aria-hidden=\"true\">\n\t\t\t\t\t\t\t\t\t\t\t\t\t\t\t<span class=\"elementor-accordion-icon-closed\"><svg xmlns=\"http:\/\/www.w3.org\/2000\/svg\" width=\"28\" height=\"29\" viewBox=\"0 0 28 29\" fill=\"none\"><path d=\"M24.0625 13.625H14.875V4.4375H13.125V13.625H3.9375V15.375H13.125V24.5625H14.875V15.375H24.0625V13.625Z\" fill=\"#0FA4E4\"><\/path><\/svg><\/span>\n\t\t\t\t\t\t\t\t<span class=\"elementor-accordion-icon-opened\"><svg xmlns=\"http:\/\/www.w3.org\/2000\/svg\" width=\"28\" height=\"29\" viewBox=\"0 0 28 29\" fill=\"none\"><rect x=\"4\" y=\"14\" width=\"20\" height=\"2\" fill=\"#0FA4E4\"><\/rect><\/svg><\/span>\n\t\t\t\t\t\t\t\t\t\t\t\t\t\t<\/span>\n\t\t\t\t\t\t\t\t\t\t\t\t<a class=\"elementor-accordion-title\" tabindex=\"0\">Pieria<\/a>\n\t\t\t\t\t<\/div>\n\t\t\t\t\t<div id=\"elementor-tab-content-1223\" class=\"elementor-tab-content elementor-clearfix\" data-tab=\"3\" role=\"region\" aria-labelledby=\"elementor-tab-title-1223\"><p>Medi First Aid Pieria<\/p><p>Kr\u00f3l Pawe\u0142 16 &#8211; Katarzyna Paralia<br \/>Mobile: <a href=\"tel:+302106740424\">+30 2106740424 <\/a>\u2013 Coordinator Number +30 6938330678<br \/>Tel: <a href=\"tel:+306938330678\">+30 2351062177<\/a><\/p><p><a class=\"elementor-button\" href=\"https:\/\/www.medifirstaid.gr\/clinic\/pieria\/\">Czytaj wi\u0119cej<\/a><\/p><\/div>\n\t\t\t\t<\/div>\n\t\t\t\t\t\t\t<div class=\"elementor-accordion-item\">\n\t\t\t\t\t<div id=\"elementor-tab-title-1224\" class=\"elementor-tab-title\" data-tab=\"4\" role=\"button\" aria-controls=\"elementor-tab-content-1224\" aria-expanded=\"false\">\n\t\t\t\t\t\t\t\t\t\t\t\t\t<span class=\"elementor-accordion-icon elementor-accordion-icon-right\" aria-hidden=\"true\">\n\t\t\t\t\t\t\t\t\t\t\t\t\t\t\t<span class=\"elementor-accordion-icon-closed\"><svg xmlns=\"http:\/\/www.w3.org\/2000\/svg\" width=\"28\" height=\"29\" viewBox=\"0 0 28 29\" fill=\"none\"><path d=\"M24.0625 13.625H14.875V4.4375H13.125V13.625H3.9375V15.375H13.125V24.5625H14.875V15.375H24.0625V13.625Z\" fill=\"#0FA4E4\"><\/path><\/svg><\/span>\n\t\t\t\t\t\t\t\t<span class=\"elementor-accordion-icon-opened\"><svg xmlns=\"http:\/\/www.w3.org\/2000\/svg\" width=\"28\" height=\"29\" viewBox=\"0 0 28 29\" fill=\"none\"><rect x=\"4\" y=\"14\" width=\"20\" height=\"2\" fill=\"#0FA4E4\"><\/rect><\/svg><\/span>\n\t\t\t\t\t\t\t\t\t\t\t\t\t\t<\/span>\n\t\t\t\t\t\t\t\t\t\t\t\t<a class=\"elementor-accordion-title\" tabindex=\"0\">Halkidiki<\/a>\n\t\t\t\t\t<\/div>\n\t\t\t\t\t<div id=\"elementor-tab-content-1224\" class=\"elementor-tab-content elementor-clearfix\" data-tab=\"4\" role=\"region\" aria-labelledby=\"elementor-tab-title-1224\"><p>Medi First Aid Halkidiki<br \/>Mobile:\u00a0<a href=\"tel:+306938330678\">+30 6938330678<\/a>\u00a0\u2013 Coordinator Number<br \/>Tel:\u00a0<a href=\"tel:+302106740424\">+30 2106740424<\/a><\/p><p><a class=\"elementor-button\" href=\"https:\/\/www.medifirstaid.gr\/clinic\/chalkidiki\/\">Czytaj wi\u0119cej<\/a><\/p><\/div>\n\t\t\t\t<\/div>\n\t\t\t\t\t\t\t<div class=\"elementor-accordion-item\">\n\t\t\t\t\t<div id=\"elementor-tab-title-1225\" class=\"elementor-tab-title\" data-tab=\"5\" role=\"button\" aria-controls=\"elementor-tab-content-1225\" aria-expanded=\"false\">\n\t\t\t\t\t\t\t\t\t\t\t\t\t<span class=\"elementor-accordion-icon elementor-accordion-icon-right\" aria-hidden=\"true\">\n\t\t\t\t\t\t\t\t\t\t\t\t\t\t\t<span class=\"elementor-accordion-icon-closed\"><svg xmlns=\"http:\/\/www.w3.org\/2000\/svg\" width=\"28\" height=\"29\" viewBox=\"0 0 28 29\" fill=\"none\"><path d=\"M24.0625 13.625H14.875V4.4375H13.125V13.625H3.9375V15.375H13.125V24.5625H14.875V15.375H24.0625V13.625Z\" fill=\"#0FA4E4\"><\/path><\/svg><\/span>\n\t\t\t\t\t\t\t\t<span class=\"elementor-accordion-icon-opened\"><svg xmlns=\"http:\/\/www.w3.org\/2000\/svg\" width=\"28\" height=\"29\" viewBox=\"0 0 28 29\" fill=\"none\"><rect x=\"4\" y=\"14\" width=\"20\" height=\"2\" fill=\"#0FA4E4\"><\/rect><\/svg><\/span>\n\t\t\t\t\t\t\t\t\t\t\t\t\t\t<\/span>\n\t\t\t\t\t\t\t\t\t\t\t\t<a class=\"elementor-accordion-title\" tabindex=\"0\">Kreta<\/a>\n\t\t\t\t\t<\/div>\n\t\t\t\t\t<div id=\"elementor-tab-content-1225\" class=\"elementor-tab-content elementor-clearfix\" data-tab=\"5\" role=\"region\" aria-labelledby=\"elementor-tab-title-1225\"><p>Medi First Aid Kreta<br \/>Mobile:\u00a0<a href=\"tel:+306938330678\">+30 6938330678<\/a>\u00a0\u2013 Coordinator Number<br \/>Tel:\u00a0<a href=\"tel:+302106740424\">+30 2106740424<\/a><\/p><p><a class=\"elementor-button\" href=\"https:\/\/www.medifirstaid.gr\/clinic\/kriti\/\">Czytaj wi\u0119cej<\/a><\/p><\/div>\n\t\t\t\t<\/div>\n\t\t\t\t\t\t\t<div class=\"elementor-accordion-item\">\n\t\t\t\t\t<div id=\"elementor-tab-title-1226\" class=\"elementor-tab-title\" data-tab=\"6\" role=\"button\" aria-controls=\"elementor-tab-content-1226\" aria-expanded=\"false\">\n\t\t\t\t\t\t\t\t\t\t\t\t\t<span class=\"elementor-accordion-icon elementor-accordion-icon-right\" aria-hidden=\"true\">\n\t\t\t\t\t\t\t\t\t\t\t\t\t\t\t<span class=\"elementor-accordion-icon-closed\"><svg xmlns=\"http:\/\/www.w3.org\/2000\/svg\" width=\"28\" height=\"29\" viewBox=\"0 0 28 29\" fill=\"none\"><path d=\"M24.0625 13.625H14.875V4.4375H13.125V13.625H3.9375V15.375H13.125V24.5625H14.875V15.375H24.0625V13.625Z\" fill=\"#0FA4E4\"><\/path><\/svg><\/span>\n\t\t\t\t\t\t\t\t<span class=\"elementor-accordion-icon-opened\"><svg xmlns=\"http:\/\/www.w3.org\/2000\/svg\" width=\"28\" height=\"29\" viewBox=\"0 0 28 29\" fill=\"none\"><rect x=\"4\" y=\"14\" width=\"20\" height=\"2\" fill=\"#0FA4E4\"><\/rect><\/svg><\/span>\n\t\t\t\t\t\t\t\t\t\t\t\t\t\t<\/span>\n\t\t\t\t\t\t\t\t\t\t\t\t<a class=\"elementor-accordion-title\" tabindex=\"0\">Rodos<\/a>\n\t\t\t\t\t<\/div>\n\t\t\t\t\t<div id=\"elementor-tab-content-1226\" class=\"elementor-tab-content elementor-clearfix\" data-tab=\"6\" role=\"region\" aria-labelledby=\"elementor-tab-title-1226\"><p>Medi First Aid Rodos<br \/>Mobile:\u00a0<a href=\"tel:+306938330678\">+30 6938330678<\/a>\u00a0\u2013 Coordinator Number<br \/>Tel:\u00a0<a href=\"tel:+302106740424\">+30 2106740424<\/a><\/p><p><a class=\"elementor-button\" href=\"https:\/\/www.medifirstaid.gr\/clinic\/rodos\/\">Czytaj wi\u0119cej<\/a><\/p><\/div>\n\t\t\t\t<\/div>\n\t\t\t\t\t\t\t<div class=\"elementor-accordion-item\">\n\t\t\t\t\t<div id=\"elementor-tab-title-1227\" class=\"elementor-tab-title\" data-tab=\"7\" role=\"button\" aria-controls=\"elementor-tab-content-1227\" aria-expanded=\"false\">\n\t\t\t\t\t\t\t\t\t\t\t\t\t<span class=\"elementor-accordion-icon elementor-accordion-icon-right\" aria-hidden=\"true\">\n\t\t\t\t\t\t\t\t\t\t\t\t\t\t\t<span class=\"elementor-accordion-icon-closed\"><svg xmlns=\"http:\/\/www.w3.org\/2000\/svg\" width=\"28\" height=\"29\" viewBox=\"0 0 28 29\" fill=\"none\"><path d=\"M24.0625 13.625H14.875V4.4375H13.125V13.625H3.9375V15.375H13.125V24.5625H14.875V15.375H24.0625V13.625Z\" fill=\"#0FA4E4\"><\/path><\/svg><\/span>\n\t\t\t\t\t\t\t\t<span class=\"elementor-accordion-icon-opened\"><svg xmlns=\"http:\/\/www.w3.org\/2000\/svg\" width=\"28\" height=\"29\" viewBox=\"0 0 28 29\" fill=\"none\"><rect x=\"4\" y=\"14\" width=\"20\" height=\"2\" fill=\"#0FA4E4\"><\/rect><\/svg><\/span>\n\t\t\t\t\t\t\t\t\t\t\t\t\t\t<\/span>\n\t\t\t\t\t\t\t\t\t\t\t\t<a class=\"elementor-accordion-title\" tabindex=\"0\">Peloponez<\/a>\n\t\t\t\t\t<\/div>\n\t\t\t\t\t<div id=\"elementor-tab-content-1227\" class=\"elementor-tab-content elementor-clearfix\" data-tab=\"7\" role=\"region\" aria-labelledby=\"elementor-tab-title-1227\"><p>Medi First Aid Peloponez<br \/>Mobile:\u00a0<a href=\"tel:+306938330678\">+30 6938330678<\/a>\u00a0\u2013 Coordinator Number<br \/>Tel:\u00a0<a href=\"tel:+302106740424\">+30 2106740424<\/a><\/p><p><a class=\"elementor-button\" href=\"https:\/\/www.medifirstaid.gr\/clinic\/peloponnisos\/\">Czytaj wi\u0119cej<\/a><\/p><\/div>\n\t\t\t\t<\/div>\n\t\t\t\t\t\t\t\t<\/div>\n\t\t\t\t\t\t<\/div>\n\t\t\t\t<\/div>\n\t\t<div class=\"elementor-element elementor-element-a882a6c e-flex e-con-boxed elementor-invisible e-con e-child\" data-id=\"a882a6c\" data-element_type=\"container\" data-settings=\"{&quot;animation&quot;:&quot;fadeInUp&quot;}\">\n\t\t\t\t\t<div class=\"e-con-inner\">\n\t\t\t\t<div class=\"elementor-element elementor-element-30feee2 elementor-widget elementor-widget-heading\" data-id=\"30feee2\" data-element_type=\"widget\" data-widget_type=\"heading.default\">\n\t\t\t\t<div class=\"elementor-widget-container\">\n\t\t\t\t\t<h2 class=\"elementor-heading-title elementor-size-default\">Medi First Aid<\/h2>\t\t\t\t<\/div>\n\t\t\t\t<\/div>\n\t\t\t\t<div class=\"elementor-element elementor-element-b4ea32a elementor-widget elementor-widget-text-editor\" data-id=\"b4ea32a\" data-element_type=\"widget\" data-widget_type=\"text-editor.default\">\n\t\t\t\t<div class=\"elementor-widget-container\">\n\t\t\t\t\t\t\t\t\t<p>W Medi First Aid jeste\u015bmy zaanga\u017cowani w \u015bwiadczenie wysokiej jako\u015bci i zaawansowanych us\u0142ug diagnostycznych i leczniczych w ca\u0142ej Grecji. Dzi\u0119ki klinikom w r\u00f3\u017cnych miastach zaspokajamy potrzeby zdrowotne spo\u0142ecze\u0144stwa w ca\u0142ym kraju.<\/p><p>Nasze kliniki znajduj\u0105 si\u0119 w centrach takich miast jak Ateny, Saloniki, Kreta i innych, oferuj\u0105c natychmiastowy dost\u0119p do us\u0142ug diagnostycznych i opieki medycznej w ka\u017cdym zak\u0105tku Grecji.<\/p><p>W Medi First Aid nasi pacjenci mog\u0105 korzysta\u0107 z szerokiego zakresu specjalistycznych us\u0142ug.<\/p><p>Nasi lekarze s\u0105 wykwalifikowani i do\u015bwiadczeni, oferuj\u0105c indywidualne podej\u015bcie i wysokiej jako\u015bci opiek\u0119 dla ka\u017cdego pacjenta. Ponadto najnowocze\u015bniejsza technologia, z kt\u00f3rej korzystamy, zapewnia dok\u0142adne diagnozy i skuteczne leczenie.<\/p><p>Odwied\u017a jedn\u0105 z naszych klinik ju\u017c dzi\u015b i skorzystaj z wiedzy i troski Medi First Aid o Twoje zdrowie!<\/p>\t\t\t\t\t\t\t\t<\/div>\n\t\t\t\t<\/div>\n\t\t\t\t\t<\/div>\n\t\t\t\t<\/div>\n\t\t\t\t<\/div>\n\t\t\t\t\t<\/div>\n\t\t\t\t<\/div>\n\t\t\t\t<\/div>\n\t\t","protected":false},"excerpt":{"rendered":"<p>\u015awiadczymy us\u0142ugi podstawowej opieki zdrowotnej w ponad 20 5* hotelach i kurortach w ca\u0142ej Grecji! Centralne biuro w Atenach Medi First Aid Aid AthensLotnik Papanastasiou 6Mobile:\u00a0+30 6938330678\u00a0\u2013 Coordinator NumberTel:\u00a0+30 2106740424 Czytaj wi\u0119cej Saloniki Medi First Aid SalonikiMobile:\u00a0+30 6938330678\u00a0\u2013 Coordinator NumberTel:\u00a0+30 2106740424 Czytaj wi\u0119cej Pieria Medi First Aid Pieria Kr\u00f3l Pawe\u0142 16 &#8211; Katarzyna ParaliaMobile: +30 [&hellip;]<\/p>\n","protected":false},"author":1,"featured_media":0,"parent":0,"menu_order":0,"comment_status":"closed","ping_status":"closed","template":"","meta":{"footnotes":""},"class_list":["post-2698","page","type-page","status-publish","hentry"],"yoast_head":"<!-- This site is optimized with the Yoast SEO plugin v26.7 - https:\/\/yoast.com\/wordpress\/plugins\/seo\/ -->\n<title>Kliniki - MediFirstAid<\/title>\n<meta name=\"robots\" content=\"index, follow, max-snippet:-1, max-image-preview:large, max-video-preview:-1\" \/>\n<link rel=\"canonical\" href=\"https:\/\/www.medifirstaid.gr\/clinics\/\" \/>\n<meta property=\"og:locale\" content=\"ro_RO\" \/>\n<meta property=\"og:type\" content=\"article\" \/>\n<meta property=\"og:title\" content=\"Kliniki - MediFirstAid\" \/>\n<meta property=\"og:description\" content=\"\u015awiadczymy us\u0142ugi podstawowej opieki zdrowotnej w ponad 20 5* hotelach i kurortach w ca\u0142ej Grecji! Centralne biuro w Atenach Medi First Aid Aid AthensLotnik Papanastasiou 6Mobile:\u00a0+30 6938330678\u00a0\u2013 Coordinator NumberTel:\u00a0+30 2106740424 Czytaj wi\u0119cej Saloniki Medi First Aid SalonikiMobile:\u00a0+30 6938330678\u00a0\u2013 Coordinator NumberTel:\u00a0+30 2106740424 Czytaj wi\u0119cej Pieria Medi First Aid Pieria Kr\u00f3l Pawe\u0142 16 &#8211; Katarzyna ParaliaMobile: +30 [&hellip;]\" \/>\n<meta property=\"og:url\" content=\"https:\/\/www.medifirstaid.gr\/clinics\/\" \/>\n<meta property=\"og:site_name\" content=\"MediFirstAid\" \/>\n<meta property=\"article:modified_time\" content=\"2024-10-25T10:19:59+00:00\" \/>\n<meta name=\"twitter:card\" content=\"summary_large_image\" \/>\n<meta name=\"twitter:label1\" content=\"Timp estimat pentru citire\" \/>\n\t<meta name=\"twitter:data1\" content=\"2 minute\" \/>\n<script type=\"application\/ld+json\" class=\"yoast-schema-graph\">{\"@context\":\"https:\/\/schema.org\",\"@graph\":[{\"@type\":\"WebPage\",\"@id\":\"https:\/\/www.medifirstaid.gr\/clinics\/\",\"url\":\"https:\/\/www.medifirstaid.gr\/clinics\/\",\"name\":\"Kliniki - MediFirstAid\",\"isPartOf\":{\"@id\":\"https:\/\/www.medifirstaid.gr\/#website\"},\"datePublished\":\"2024-04-09T06:17:49+00:00\",\"dateModified\":\"2024-10-25T10:19:59+00:00\",\"breadcrumb\":{\"@id\":\"https:\/\/www.medifirstaid.gr\/clinics\/#breadcrumb\"},\"inLanguage\":\"ro-RO\",\"potentialAction\":[{\"@type\":\"ReadAction\",\"target\":[\"https:\/\/www.medifirstaid.gr\/clinics\/\"]}]},{\"@type\":\"BreadcrumbList\",\"@id\":\"https:\/\/www.medifirstaid.gr\/clinics\/#breadcrumb\",\"itemListElement\":[{\"@type\":\"ListItem\",\"position\":1,\"name\":\"Home\",\"item\":\"https:\/\/www.medifirstaid.gr\/ro\/\"},{\"@type\":\"ListItem\",\"position\":2,\"name\":\"Kliniki\"}]},{\"@type\":\"WebSite\",\"@id\":\"https:\/\/www.medifirstaid.gr\/#website\",\"url\":\"https:\/\/www.medifirstaid.gr\/\",\"name\":\"MediFirstAid\",\"description\":\"\",\"publisher\":{\"@id\":\"https:\/\/www.medifirstaid.gr\/#organization\"},\"potentialAction\":[{\"@type\":\"SearchAction\",\"target\":{\"@type\":\"EntryPoint\",\"urlTemplate\":\"https:\/\/www.medifirstaid.gr\/?s={search_term_string}\"},\"query-input\":{\"@type\":\"PropertyValueSpecification\",\"valueRequired\":true,\"valueName\":\"search_term_string\"}}],\"inLanguage\":\"ro-RO\"},{\"@type\":\"Organization\",\"@id\":\"https:\/\/www.medifirstaid.gr\/#organization\",\"name\":\"MediFirstAid\",\"url\":\"https:\/\/www.medifirstaid.gr\/\",\"logo\":{\"@type\":\"ImageObject\",\"inLanguage\":\"ro-RO\",\"@id\":\"https:\/\/www.medifirstaid.gr\/#\/schema\/logo\/image\/\",\"url\":\"https:\/\/www.medifirstaid.gr\/wp-content\/uploads\/2024\/04\/logo.png\",\"contentUrl\":\"https:\/\/www.medifirstaid.gr\/wp-content\/uploads\/2024\/04\/logo.png\",\"width\":382,\"height\":136,\"caption\":\"MediFirstAid\"},\"image\":{\"@id\":\"https:\/\/www.medifirstaid.gr\/#\/schema\/logo\/image\/\"}}]}<\/script>\n<!-- \/ Yoast SEO plugin. -->","yoast_head_json":{"title":"Kliniki - MediFirstAid","robots":{"index":"index","follow":"follow","max-snippet":"max-snippet:-1","max-image-preview":"max-image-preview:large","max-video-preview":"max-video-preview:-1"},"canonical":"https:\/\/www.medifirstaid.gr\/clinics\/","og_locale":"ro_RO","og_type":"article","og_title":"Kliniki - MediFirstAid","og_description":"\u015awiadczymy us\u0142ugi podstawowej opieki zdrowotnej w ponad 20 5* hotelach i kurortach w ca\u0142ej Grecji! Centralne biuro w Atenach Medi First Aid Aid AthensLotnik Papanastasiou 6Mobile:\u00a0+30 6938330678\u00a0\u2013 Coordinator NumberTel:\u00a0+30 2106740424 Czytaj wi\u0119cej Saloniki Medi First Aid SalonikiMobile:\u00a0+30 6938330678\u00a0\u2013 Coordinator NumberTel:\u00a0+30 2106740424 Czytaj wi\u0119cej Pieria Medi First Aid Pieria Kr\u00f3l Pawe\u0142 16 &#8211; Katarzyna ParaliaMobile: +30 [&hellip;]","og_url":"https:\/\/www.medifirstaid.gr\/clinics\/","og_site_name":"MediFirstAid","article_modified_time":"2024-10-25T10:19:59+00:00","twitter_card":"summary_large_image","twitter_misc":{"Timp estimat pentru citire":"2 minute"},"schema":{"@context":"https:\/\/schema.org","@graph":[{"@type":"WebPage","@id":"https:\/\/www.medifirstaid.gr\/clinics\/","url":"https:\/\/www.medifirstaid.gr\/clinics\/","name":"Kliniki - MediFirstAid","isPartOf":{"@id":"https:\/\/www.medifirstaid.gr\/#website"},"datePublished":"2024-04-09T06:17:49+00:00","dateModified":"2024-10-25T10:19:59+00:00","breadcrumb":{"@id":"https:\/\/www.medifirstaid.gr\/clinics\/#breadcrumb"},"inLanguage":"ro-RO","potentialAction":[{"@type":"ReadAction","target":["https:\/\/www.medifirstaid.gr\/clinics\/"]}]},{"@type":"BreadcrumbList","@id":"https:\/\/www.medifirstaid.gr\/clinics\/#breadcrumb","itemListElement":[{"@type":"ListItem","position":1,"name":"Home","item":"https:\/\/www.medifirstaid.gr\/ro\/"},{"@type":"ListItem","position":2,"name":"Kliniki"}]},{"@type":"WebSite","@id":"https:\/\/www.medifirstaid.gr\/#website","url":"https:\/\/www.medifirstaid.gr\/","name":"MediFirstAid","description":"","publisher":{"@id":"https:\/\/www.medifirstaid.gr\/#organization"},"potentialAction":[{"@type":"SearchAction","target":{"@type":"EntryPoint","urlTemplate":"https:\/\/www.medifirstaid.gr\/?s={search_term_string}"},"query-input":{"@type":"PropertyValueSpecification","valueRequired":true,"valueName":"search_term_string"}}],"inLanguage":"ro-RO"},{"@type":"Organization","@id":"https:\/\/www.medifirstaid.gr\/#organization","name":"MediFirstAid","url":"https:\/\/www.medifirstaid.gr\/","logo":{"@type":"ImageObject","inLanguage":"ro-RO","@id":"https:\/\/www.medifirstaid.gr\/#\/schema\/logo\/image\/","url":"https:\/\/www.medifirstaid.gr\/wp-content\/uploads\/2024\/04\/logo.png","contentUrl":"https:\/\/www.medifirstaid.gr\/wp-content\/uploads\/2024\/04\/logo.png","width":382,"height":136,"caption":"MediFirstAid"},"image":{"@id":"https:\/\/www.medifirstaid.gr\/#\/schema\/logo\/image\/"}}]}},"_links":{"self":[{"href":"https:\/\/www.medifirstaid.gr\/ro\/wp-json\/wp\/v2\/pages\/2698","targetHints":{"allow":["GET"]}}],"collection":[{"href":"https:\/\/www.medifirstaid.gr\/ro\/wp-json\/wp\/v2\/pages"}],"about":[{"href":"https:\/\/www.medifirstaid.gr\/ro\/wp-json\/wp\/v2\/types\/page"}],"author":[{"embeddable":true,"href":"https:\/\/www.medifirstaid.gr\/ro\/wp-json\/wp\/v2\/users\/1"}],"replies":[{"embeddable":true,"href":"https:\/\/www.medifirstaid.gr\/ro\/wp-json\/wp\/v2\/comments?post=2698"}],"version-history":[{"count":31,"href":"https:\/\/www.medifirstaid.gr\/ro\/wp-json\/wp\/v2\/pages\/2698\/revisions"}],"predecessor-version":[{"id":6496,"href":"https:\/\/www.medifirstaid.gr\/ro\/wp-json\/wp\/v2\/pages\/2698\/revisions\/6496"}],"wp:attachment":[{"href":"https:\/\/www.medifirstaid.gr\/ro\/wp-json\/wp\/v2\/media?parent=2698"}],"curies":[{"name":"wp","href":"https:\/\/api.w.org\/{rel}","templated":true}]}}