{"id":2660,"date":"2024-04-09T09:08:28","date_gmt":"2024-04-09T06:08:28","guid":{"rendered":"https:\/\/www.medifirstaid.gr\/company\/"},"modified":"2024-07-26T14:01:42","modified_gmt":"2024-07-26T11:01:42","slug":"etaireia","status":"publish","type":"page","link":"https:\/\/www.medifirstaid.gr\/pl\/etaireia\/","title":{"rendered":"Firma"},"content":{"rendered":"\t\t<div data-elementor-type=\"wp-page\" data-elementor-id=\"2660\" class=\"elementor elementor-2660 elementor-94\" data-elementor-post-type=\"page\">\n\t\t\t\t<div class=\"elementor-element elementor-element-7a9c5c5 e-flex e-con-boxed e-con e-parent\" data-id=\"7a9c5c5\" data-element_type=\"container\">\n\t\t\t\t\t<div class=\"e-con-inner\">\n\t\t\t\t<div class=\"elementor-element elementor-element-43a44f2 elementor-widget elementor-widget-spacer\" data-id=\"43a44f2\" data-element_type=\"widget\" data-widget_type=\"spacer.default\">\n\t\t\t\t<div class=\"elementor-widget-container\">\n\t\t\t\t\t\t\t<div class=\"elementor-spacer\">\n\t\t\t<div class=\"elementor-spacer-inner\"><\/div>\n\t\t<\/div>\n\t\t\t\t\t\t<\/div>\n\t\t\t\t<\/div>\n\t\t\t\t<div class=\"elementor-element elementor-element-3ebcd9b elementor-invisible elementor-widget elementor-widget-heading\" data-id=\"3ebcd9b\" data-element_type=\"widget\" data-settings=\"{&quot;_animation&quot;:&quot;fadeInUp&quot;}\" data-widget_type=\"heading.default\">\n\t\t\t\t<div class=\"elementor-widget-container\">\n\t\t\t\t\t<span class=\"elementor-heading-title elementor-size-default\">Poniewa\u017c zdrowie jest najwa\u017cniejsze...<\/span>\t\t\t\t<\/div>\n\t\t\t\t<\/div>\n\t\t\t\t<div class=\"elementor-element elementor-element-c8ae2f9 elementor-invisible elementor-widget elementor-widget-heading\" data-id=\"c8ae2f9\" data-element_type=\"widget\" data-settings=\"{&quot;_animation&quot;:&quot;fadeInUp&quot;}\" data-widget_type=\"heading.default\">\n\t\t\t\t<div class=\"elementor-widget-container\">\n\t\t\t\t\t<h2 class=\"elementor-heading-title elementor-size-default\">Naszym celem jest zapewnienie wszystkim \u0142atwego, szybkiego i przyst\u0119pnego cenowo dost\u0119pu do opieki zdrowotnej.<\/h2>\t\t\t\t<\/div>\n\t\t\t\t<\/div>\n\t\t\t\t<div class=\"elementor-element elementor-element-1ab6604 elementor-invisible elementor-widget elementor-widget-text-editor\" data-id=\"1ab6604\" data-element_type=\"widget\" data-settings=\"{&quot;_animation&quot;:&quot;fadeInUp&quot;}\" data-widget_type=\"text-editor.default\">\n\t\t\t\t<div class=\"elementor-widget-container\">\n\t\t\t\t\t\t\t\t\t<p>Medi First Aid to nowoczesne, innowacyjne centrum diagnostyki medycznej podstawowej opieki zdrowotnej, kt\u00f3rego g\u0142\u00f3wnym celem jest oferowanie kompleksowych rozwi\u0105za\u0144 dla potrzeb zdrowotnych ka\u017cdej rodziny, ka\u017cdej ubezpieczonej lub nieubezpieczonej osoby w ka\u017cdym wieku.<\/p>\t\t\t\t\t\t\t\t<\/div>\n\t\t\t\t<\/div>\n\t\t\t\t<div class=\"elementor-element elementor-element-fa3a91e elementor-invisible elementor-widget elementor-widget-text-editor\" data-id=\"fa3a91e\" data-element_type=\"widget\" data-settings=\"{&quot;_animation&quot;:&quot;fadeInUp&quot;}\" data-widget_type=\"text-editor.default\">\n\t\t\t\t<div class=\"elementor-widget-container\">\n\t\t\t\t\t\t\t\t\t<p>Naszym celem jest zapewnienie wszystkim \u0142atwego, szybkiego i przyst\u0119pnego cenowo dost\u0119pu do opieki zdrowotnej.<\/p><p>Zesp\u00f3\u0142 ludzi z wizj\u0105, mi\u0142o\u015bci\u0105 do bli\u017anich i wieloletnim do\u015bwiadczeniem w sektorze opieki zdrowotnej stworzy\u0142 Medi First Aid.<\/p><p>Znaj\u0105c obecne problemy systemu opieki zdrowotnej, a tak\u017ce rzeczywiste potrzeby naszych bli\u017anich, zainspirowali\u015bmy rozwi\u0105zanie, kt\u00f3rego chcia\u0142by ka\u017cdy pacjent.<\/p><p>Naszym g\u0142\u00f3wnym celem jest profilaktyka.<\/p><p>Profilaktyka realizowana poprzez w\u0142a\u015bciw\u0105 diagnoz\u0119, niezb\u0119dne badania i rzetelne leczenie przez naszych lekarzy.<\/p><p>K\u0142adziemy nacisk na wysok\u0105 jako\u015b\u0107 \u015bwiadczonych us\u0142ug medycznych, dob\u00f3r do\u015bwiadczonego personelu medycznego oraz wyposa\u017cenie w nowoczesny sprz\u0119t medyczny. Naszym priorytetem jest szacunek dla cz\u0142owieka.<\/p><p>Nasz personel pomo\u017ce znale\u017a\u0107 rozwi\u0105zanie dla ka\u017cdego problemu zdrowotnego.<\/p><p>Medi Pierwsza Pomoc to kompleksowa plac\u00f3wka podstawowej opieki zdrowotnej.<\/p><p>Posiada wiele specjalizacji medycznych, ma mo\u017cliwo\u015b\u0107 wykonywania bada\u0144 diagnostycznych, a tak\u017ce zabieg\u00f3w chirurgicznych.<\/p><p>Masz mo\u017cliwo\u015b\u0107 odwiedzenia dowolnego specjalisty medycznego w naszym centrum w trybie planowym lub nag\u0142ym.<\/p>\t\t\t\t\t\t\t\t<\/div>\n\t\t\t\t<\/div>\n\t\t\t\t\t<\/div>\n\t\t\t\t<\/div>\n\t\t\t\t<\/div>\n\t\t","protected":false},"excerpt":{"rendered":"<p>Poniewa\u017c zdrowie jest najwa\u017cniejsze&#8230; Naszym celem jest zapewnienie wszystkim \u0142atwego, szybkiego i przyst\u0119pnego cenowo dost\u0119pu do opieki zdrowotnej. Medi First Aid to nowoczesne, innowacyjne centrum diagnostyki medycznej podstawowej opieki zdrowotnej, kt\u00f3rego g\u0142\u00f3wnym celem jest oferowanie kompleksowych rozwi\u0105za\u0144 dla potrzeb zdrowotnych ka\u017cdej rodziny, ka\u017cdej ubezpieczonej lub nieubezpieczonej osoby w ka\u017cdym wieku. Naszym celem jest zapewnienie wszystkim [&hellip;]<\/p>\n","protected":false},"author":1,"featured_media":0,"parent":0,"menu_order":0,"comment_status":"closed","ping_status":"closed","template":"","meta":{"footnotes":""},"class_list":["post-2660","page","type-page","status-publish","hentry"],"yoast_head":"<!-- This site is optimized with the Yoast SEO plugin v26.7 - https:\/\/yoast.com\/wordpress\/plugins\/seo\/ -->\n<title>Firma - MediFirstAid<\/title>\n<meta name=\"robots\" content=\"index, follow, max-snippet:-1, max-image-preview:large, max-video-preview:-1\" \/>\n<link rel=\"canonical\" href=\"https:\/\/www.medifirstaid.gr\/pl\/etaireia\/\" \/>\n<meta property=\"og:locale\" content=\"pl_PL\" \/>\n<meta property=\"og:type\" content=\"article\" \/>\n<meta property=\"og:title\" content=\"Firma - MediFirstAid\" \/>\n<meta property=\"og:description\" content=\"Poniewa\u017c zdrowie jest najwa\u017cniejsze&#8230; Naszym celem jest zapewnienie wszystkim \u0142atwego, szybkiego i przyst\u0119pnego cenowo dost\u0119pu do opieki zdrowotnej. Medi First Aid to nowoczesne, innowacyjne centrum diagnostyki medycznej podstawowej opieki zdrowotnej, kt\u00f3rego g\u0142\u00f3wnym celem jest oferowanie kompleksowych rozwi\u0105za\u0144 dla potrzeb zdrowotnych ka\u017cdej rodziny, ka\u017cdej ubezpieczonej lub nieubezpieczonej osoby w ka\u017cdym wieku. Naszym celem jest zapewnienie wszystkim [&hellip;]\" \/>\n<meta property=\"og:url\" content=\"https:\/\/www.medifirstaid.gr\/pl\/etaireia\/\" \/>\n<meta property=\"og:site_name\" content=\"MediFirstAid\" \/>\n<meta property=\"article:modified_time\" content=\"2024-07-26T11:01:42+00:00\" \/>\n<meta name=\"twitter:card\" content=\"summary_large_image\" \/>\n<meta name=\"twitter:label1\" content=\"Szacowany czas czytania\" \/>\n\t<meta name=\"twitter:data1\" content=\"2 minuty\" \/>\n<script type=\"application\/ld+json\" class=\"yoast-schema-graph\">{\"@context\":\"https:\/\/schema.org\",\"@graph\":[{\"@type\":\"WebPage\",\"@id\":\"https:\/\/www.medifirstaid.gr\/pl\/etaireia\/\",\"url\":\"https:\/\/www.medifirstaid.gr\/pl\/etaireia\/\",\"name\":\"Firma - MediFirstAid\",\"isPartOf\":{\"@id\":\"https:\/\/www.medifirstaid.gr\/#website\"},\"datePublished\":\"2024-04-09T06:08:28+00:00\",\"dateModified\":\"2024-07-26T11:01:42+00:00\",\"breadcrumb\":{\"@id\":\"https:\/\/www.medifirstaid.gr\/pl\/etaireia\/#breadcrumb\"},\"inLanguage\":\"pl-PL\",\"potentialAction\":[{\"@type\":\"ReadAction\",\"target\":[\"https:\/\/www.medifirstaid.gr\/pl\/etaireia\/\"]}]},{\"@type\":\"BreadcrumbList\",\"@id\":\"https:\/\/www.medifirstaid.gr\/pl\/etaireia\/#breadcrumb\",\"itemListElement\":[{\"@type\":\"ListItem\",\"position\":1,\"name\":\"Home\",\"item\":\"https:\/\/www.medifirstaid.gr\/pl\/\"},{\"@type\":\"ListItem\",\"position\":2,\"name\":\"Firma\"}]},{\"@type\":\"WebSite\",\"@id\":\"https:\/\/www.medifirstaid.gr\/#website\",\"url\":\"https:\/\/www.medifirstaid.gr\/\",\"name\":\"MediFirstAid\",\"description\":\"\",\"publisher\":{\"@id\":\"https:\/\/www.medifirstaid.gr\/#organization\"},\"potentialAction\":[{\"@type\":\"SearchAction\",\"target\":{\"@type\":\"EntryPoint\",\"urlTemplate\":\"https:\/\/www.medifirstaid.gr\/?s={search_term_string}\"},\"query-input\":{\"@type\":\"PropertyValueSpecification\",\"valueRequired\":true,\"valueName\":\"search_term_string\"}}],\"inLanguage\":\"pl-PL\"},{\"@type\":\"Organization\",\"@id\":\"https:\/\/www.medifirstaid.gr\/#organization\",\"name\":\"MediFirstAid\",\"url\":\"https:\/\/www.medifirstaid.gr\/\",\"logo\":{\"@type\":\"ImageObject\",\"inLanguage\":\"pl-PL\",\"@id\":\"https:\/\/www.medifirstaid.gr\/#\/schema\/logo\/image\/\",\"url\":\"https:\/\/www.medifirstaid.gr\/wp-content\/uploads\/2024\/04\/logo.png\",\"contentUrl\":\"https:\/\/www.medifirstaid.gr\/wp-content\/uploads\/2024\/04\/logo.png\",\"width\":382,\"height\":136,\"caption\":\"MediFirstAid\"},\"image\":{\"@id\":\"https:\/\/www.medifirstaid.gr\/#\/schema\/logo\/image\/\"}}]}<\/script>\n<!-- \/ Yoast SEO plugin. -->","yoast_head_json":{"title":"Firma - MediFirstAid","robots":{"index":"index","follow":"follow","max-snippet":"max-snippet:-1","max-image-preview":"max-image-preview:large","max-video-preview":"max-video-preview:-1"},"canonical":"https:\/\/www.medifirstaid.gr\/pl\/etaireia\/","og_locale":"pl_PL","og_type":"article","og_title":"Firma - MediFirstAid","og_description":"Poniewa\u017c zdrowie jest najwa\u017cniejsze&#8230; Naszym celem jest zapewnienie wszystkim \u0142atwego, szybkiego i przyst\u0119pnego cenowo dost\u0119pu do opieki zdrowotnej. Medi First Aid to nowoczesne, innowacyjne centrum diagnostyki medycznej podstawowej opieki zdrowotnej, kt\u00f3rego g\u0142\u00f3wnym celem jest oferowanie kompleksowych rozwi\u0105za\u0144 dla potrzeb zdrowotnych ka\u017cdej rodziny, ka\u017cdej ubezpieczonej lub nieubezpieczonej osoby w ka\u017cdym wieku. Naszym celem jest zapewnienie wszystkim [&hellip;]","og_url":"https:\/\/www.medifirstaid.gr\/pl\/etaireia\/","og_site_name":"MediFirstAid","article_modified_time":"2024-07-26T11:01:42+00:00","twitter_card":"summary_large_image","twitter_misc":{"Szacowany czas czytania":"2 minuty"},"schema":{"@context":"https:\/\/schema.org","@graph":[{"@type":"WebPage","@id":"https:\/\/www.medifirstaid.gr\/pl\/etaireia\/","url":"https:\/\/www.medifirstaid.gr\/pl\/etaireia\/","name":"Firma - MediFirstAid","isPartOf":{"@id":"https:\/\/www.medifirstaid.gr\/#website"},"datePublished":"2024-04-09T06:08:28+00:00","dateModified":"2024-07-26T11:01:42+00:00","breadcrumb":{"@id":"https:\/\/www.medifirstaid.gr\/pl\/etaireia\/#breadcrumb"},"inLanguage":"pl-PL","potentialAction":[{"@type":"ReadAction","target":["https:\/\/www.medifirstaid.gr\/pl\/etaireia\/"]}]},{"@type":"BreadcrumbList","@id":"https:\/\/www.medifirstaid.gr\/pl\/etaireia\/#breadcrumb","itemListElement":[{"@type":"ListItem","position":1,"name":"Home","item":"https:\/\/www.medifirstaid.gr\/pl\/"},{"@type":"ListItem","position":2,"name":"Firma"}]},{"@type":"WebSite","@id":"https:\/\/www.medifirstaid.gr\/#website","url":"https:\/\/www.medifirstaid.gr\/","name":"MediFirstAid","description":"","publisher":{"@id":"https:\/\/www.medifirstaid.gr\/#organization"},"potentialAction":[{"@type":"SearchAction","target":{"@type":"EntryPoint","urlTemplate":"https:\/\/www.medifirstaid.gr\/?s={search_term_string}"},"query-input":{"@type":"PropertyValueSpecification","valueRequired":true,"valueName":"search_term_string"}}],"inLanguage":"pl-PL"},{"@type":"Organization","@id":"https:\/\/www.medifirstaid.gr\/#organization","name":"MediFirstAid","url":"https:\/\/www.medifirstaid.gr\/","logo":{"@type":"ImageObject","inLanguage":"pl-PL","@id":"https:\/\/www.medifirstaid.gr\/#\/schema\/logo\/image\/","url":"https:\/\/www.medifirstaid.gr\/wp-content\/uploads\/2024\/04\/logo.png","contentUrl":"https:\/\/www.medifirstaid.gr\/wp-content\/uploads\/2024\/04\/logo.png","width":382,"height":136,"caption":"MediFirstAid"},"image":{"@id":"https:\/\/www.medifirstaid.gr\/#\/schema\/logo\/image\/"}}]}},"_links":{"self":[{"href":"https:\/\/www.medifirstaid.gr\/pl\/wp-json\/wp\/v2\/pages\/2660","targetHints":{"allow":["GET"]}}],"collection":[{"href":"https:\/\/www.medifirstaid.gr\/pl\/wp-json\/wp\/v2\/pages"}],"about":[{"href":"https:\/\/www.medifirstaid.gr\/pl\/wp-json\/wp\/v2\/types\/page"}],"author":[{"embeddable":true,"href":"https:\/\/www.medifirstaid.gr\/pl\/wp-json\/wp\/v2\/users\/1"}],"replies":[{"embeddable":true,"href":"https:\/\/www.medifirstaid.gr\/pl\/wp-json\/wp\/v2\/comments?post=2660"}],"version-history":[{"count":17,"href":"https:\/\/www.medifirstaid.gr\/pl\/wp-json\/wp\/v2\/pages\/2660\/revisions"}],"predecessor-version":[{"id":5971,"href":"https:\/\/www.medifirstaid.gr\/pl\/wp-json\/wp\/v2\/pages\/2660\/revisions\/5971"}],"wp:attachment":[{"href":"https:\/\/www.medifirstaid.gr\/pl\/wp-json\/wp\/v2\/media?parent=2660"}],"curies":[{"name":"wp","href":"https:\/\/api.w.org\/{rel}","templated":true}]}}