{"id":2692,"date":"2024-04-09T09:17:49","date_gmt":"2024-04-09T06:17:49","guid":{"rendered":"https:\/\/www.medifirstaid.gr\/clinics\/"},"modified":"2024-10-23T17:52:15","modified_gmt":"2024-10-23T14:52:15","slug":"clinics","status":"publish","type":"page","link":"https:\/\/www.medifirstaid.gr\/hu\/clinics\/","title":{"rendered":"Klinik\u00e1k"},"content":{"rendered":"\t\t<div data-elementor-type=\"wp-page\" data-elementor-id=\"2692\" class=\"elementor elementor-2692 elementor-104\" data-elementor-post-type=\"page\">\n\t\t\t\t<div class=\"elementor-element elementor-element-63eb15d6 e-flex e-con-boxed e-con e-parent\" data-id=\"63eb15d6\" data-element_type=\"container\">\n\t\t\t\t\t<div class=\"e-con-inner\">\n\t\t<div class=\"elementor-element elementor-element-78dd729e e-con-full e-flex e-con e-child\" data-id=\"78dd729e\" data-element_type=\"container\">\n\t\t\t\t<div class=\"elementor-element elementor-element-3d41ab00 elementor-invisible elementor-widget elementor-widget-heading\" data-id=\"3d41ab00\" data-element_type=\"widget\" data-settings=\"{&quot;_animation&quot;:&quot;fadeInUp&quot;}\" data-widget_type=\"heading.default\">\n\t\t\t\t<div class=\"elementor-widget-container\">\n\t\t\t\t\t<h2 class=\"elementor-heading-title elementor-size-default\">T\u00f6bb mint 20 5*-os sz\u00e1llod\u00e1ban \u00e9s \u00fcd\u00fcl\u0151helyen ny\u00fajtunk eg\u00e9szs\u00e9g\u00fcgyi alapell\u00e1t\u00e1st G\u00f6r\u00f6gorsz\u00e1g-szerte!\n<\/h2>\t\t\t\t<\/div>\n\t\t\t\t<\/div>\n\t\t\t\t<div class=\"elementor-element elementor-element-74c182c elementor-invisible elementor-widget elementor-widget-accordion\" data-id=\"74c182c\" data-element_type=\"widget\" data-settings=\"{&quot;_animation&quot;:&quot;zoomInUp&quot;}\" data-widget_type=\"accordion.default\">\n\t\t\t\t<div class=\"elementor-widget-container\">\n\t\t\t\t\t\t\t<div class=\"elementor-accordion\">\n\t\t\t\t\t\t\t<div class=\"elementor-accordion-item\">\n\t\t\t\t\t<div id=\"elementor-tab-title-1221\" class=\"elementor-tab-title\" data-tab=\"1\" role=\"button\" aria-controls=\"elementor-tab-content-1221\" aria-expanded=\"false\">\n\t\t\t\t\t\t\t\t\t\t\t\t\t<span class=\"elementor-accordion-icon elementor-accordion-icon-right\" aria-hidden=\"true\">\n\t\t\t\t\t\t\t\t\t\t\t\t\t\t\t<span class=\"elementor-accordion-icon-closed\"><svg xmlns=\"http:\/\/www.w3.org\/2000\/svg\" width=\"28\" height=\"29\" viewBox=\"0 0 28 29\" fill=\"none\"><path d=\"M24.0625 13.625H14.875V4.4375H13.125V13.625H3.9375V15.375H13.125V24.5625H14.875V15.375H24.0625V13.625Z\" fill=\"#0FA4E4\"><\/path><\/svg><\/span>\n\t\t\t\t\t\t\t\t<span class=\"elementor-accordion-icon-opened\"><svg xmlns=\"http:\/\/www.w3.org\/2000\/svg\" width=\"28\" height=\"29\" viewBox=\"0 0 28 29\" fill=\"none\"><rect x=\"4\" y=\"14\" width=\"20\" height=\"2\" fill=\"#0FA4E4\"><\/rect><\/svg><\/span>\n\t\t\t\t\t\t\t\t\t\t\t\t\t\t<\/span>\n\t\t\t\t\t\t\t\t\t\t\t\t<a class=\"elementor-accordion-title\" tabindex=\"0\">Ath\u00e9ni K\u00f6zponti Hivatal<\/a>\n\t\t\t\t\t<\/div>\n\t\t\t\t\t<div id=\"elementor-tab-content-1221\" class=\"elementor-tab-content elementor-clearfix\" data-tab=\"1\" role=\"region\" aria-labelledby=\"elementor-tab-title-1221\"><p>Medi First Aid Aid Athens<br \/>Papanastasiou pil\u00f3ta 6<br \/>Mobile:\u00a0<a href=\"tel:+306938330678\">+30 6938330678<\/a>\u00a0\u2013 Coordinator Number<br \/>Tel:\u00a0<a href=\"tel:+302106740424\">+30 2106740424<\/a><\/p><p><a class=\"elementor-button\" href=\"https:\/\/www.medifirstaid.gr\/clinic\/athina-kentriko-grafeio-2\/\">B\u0151vebben<\/a><\/p><\/div>\n\t\t\t\t<\/div>\n\t\t\t\t\t\t\t<div class=\"elementor-accordion-item\">\n\t\t\t\t\t<div id=\"elementor-tab-title-1222\" class=\"elementor-tab-title\" data-tab=\"2\" role=\"button\" aria-controls=\"elementor-tab-content-1222\" aria-expanded=\"false\">\n\t\t\t\t\t\t\t\t\t\t\t\t\t<span class=\"elementor-accordion-icon elementor-accordion-icon-right\" aria-hidden=\"true\">\n\t\t\t\t\t\t\t\t\t\t\t\t\t\t\t<span class=\"elementor-accordion-icon-closed\"><svg xmlns=\"http:\/\/www.w3.org\/2000\/svg\" width=\"28\" height=\"29\" viewBox=\"0 0 28 29\" fill=\"none\"><path d=\"M24.0625 13.625H14.875V4.4375H13.125V13.625H3.9375V15.375H13.125V24.5625H14.875V15.375H24.0625V13.625Z\" fill=\"#0FA4E4\"><\/path><\/svg><\/span>\n\t\t\t\t\t\t\t\t<span class=\"elementor-accordion-icon-opened\"><svg xmlns=\"http:\/\/www.w3.org\/2000\/svg\" width=\"28\" height=\"29\" viewBox=\"0 0 28 29\" fill=\"none\"><rect x=\"4\" y=\"14\" width=\"20\" height=\"2\" fill=\"#0FA4E4\"><\/rect><\/svg><\/span>\n\t\t\t\t\t\t\t\t\t\t\t\t\t\t<\/span>\n\t\t\t\t\t\t\t\t\t\t\t\t<a class=\"elementor-accordion-title\" tabindex=\"0\">Thesszaloniki<\/a>\n\t\t\t\t\t<\/div>\n\t\t\t\t\t<div id=\"elementor-tab-content-1222\" class=\"elementor-tab-content elementor-clearfix\" data-tab=\"2\" role=\"region\" aria-labelledby=\"elementor-tab-title-1222\"><p>Medi First Aid Thesszaloniki<br \/>Mobile:\u00a0<a href=\"tel:+306938330678\">+30 6938330678<\/a>\u00a0\u2013 Coordinator Number<br \/>Tel:\u00a0<a href=\"tel:+302106740424\">+30 2106740424<\/a><\/p><p><a class=\"elementor-button\" href=\"https:\/\/www.medifirstaid.gr\/clinic\/thessaloniki\/\">B\u0151vebben<\/a><\/p><\/div>\n\t\t\t\t<\/div>\n\t\t\t\t\t\t\t<div class=\"elementor-accordion-item\">\n\t\t\t\t\t<div id=\"elementor-tab-title-1223\" class=\"elementor-tab-title\" data-tab=\"3\" role=\"button\" aria-controls=\"elementor-tab-content-1223\" aria-expanded=\"false\">\n\t\t\t\t\t\t\t\t\t\t\t\t\t<span class=\"elementor-accordion-icon elementor-accordion-icon-right\" aria-hidden=\"true\">\n\t\t\t\t\t\t\t\t\t\t\t\t\t\t\t<span class=\"elementor-accordion-icon-closed\"><svg xmlns=\"http:\/\/www.w3.org\/2000\/svg\" width=\"28\" height=\"29\" viewBox=\"0 0 28 29\" fill=\"none\"><path d=\"M24.0625 13.625H14.875V4.4375H13.125V13.625H3.9375V15.375H13.125V24.5625H14.875V15.375H24.0625V13.625Z\" fill=\"#0FA4E4\"><\/path><\/svg><\/span>\n\t\t\t\t\t\t\t\t<span class=\"elementor-accordion-icon-opened\"><svg xmlns=\"http:\/\/www.w3.org\/2000\/svg\" width=\"28\" height=\"29\" viewBox=\"0 0 28 29\" fill=\"none\"><rect x=\"4\" y=\"14\" width=\"20\" height=\"2\" fill=\"#0FA4E4\"><\/rect><\/svg><\/span>\n\t\t\t\t\t\t\t\t\t\t\t\t\t\t<\/span>\n\t\t\t\t\t\t\t\t\t\t\t\t<a class=\"elementor-accordion-title\" tabindex=\"0\">Pieria<\/a>\n\t\t\t\t\t<\/div>\n\t\t\t\t\t<div id=\"elementor-tab-content-1223\" class=\"elementor-tab-content elementor-clearfix\" data-tab=\"3\" role=\"region\" aria-labelledby=\"elementor-tab-title-1223\"><p>Medi First Aid Pieria<\/p><p>P\u00e1l kir\u00e1ly 16 &#8211; Catherine Paralia<br \/>Mobile: <a href=\"tel:+302106740424\">+30 2106740424 <\/a>\u2013 Coordinator Number +30 6938330678<br \/>Tel: <a href=\"tel:+306938330678\">+30 2351062177<\/a><\/p><p><a class=\"elementor-button\" href=\"https:\/\/www.medifirstaid.gr\/clinic\/pieria\/\">B\u0151vebben<\/a><\/p><\/div>\n\t\t\t\t<\/div>\n\t\t\t\t\t\t\t<div class=\"elementor-accordion-item\">\n\t\t\t\t\t<div id=\"elementor-tab-title-1224\" class=\"elementor-tab-title\" data-tab=\"4\" role=\"button\" aria-controls=\"elementor-tab-content-1224\" aria-expanded=\"false\">\n\t\t\t\t\t\t\t\t\t\t\t\t\t<span class=\"elementor-accordion-icon elementor-accordion-icon-right\" aria-hidden=\"true\">\n\t\t\t\t\t\t\t\t\t\t\t\t\t\t\t<span class=\"elementor-accordion-icon-closed\"><svg xmlns=\"http:\/\/www.w3.org\/2000\/svg\" width=\"28\" height=\"29\" viewBox=\"0 0 28 29\" fill=\"none\"><path d=\"M24.0625 13.625H14.875V4.4375H13.125V13.625H3.9375V15.375H13.125V24.5625H14.875V15.375H24.0625V13.625Z\" fill=\"#0FA4E4\"><\/path><\/svg><\/span>\n\t\t\t\t\t\t\t\t<span class=\"elementor-accordion-icon-opened\"><svg xmlns=\"http:\/\/www.w3.org\/2000\/svg\" width=\"28\" height=\"29\" viewBox=\"0 0 28 29\" fill=\"none\"><rect x=\"4\" y=\"14\" width=\"20\" height=\"2\" fill=\"#0FA4E4\"><\/rect><\/svg><\/span>\n\t\t\t\t\t\t\t\t\t\t\t\t\t\t<\/span>\n\t\t\t\t\t\t\t\t\t\t\t\t<a class=\"elementor-accordion-title\" tabindex=\"0\">Halkidiki<\/a>\n\t\t\t\t\t<\/div>\n\t\t\t\t\t<div id=\"elementor-tab-content-1224\" class=\"elementor-tab-content elementor-clearfix\" data-tab=\"4\" role=\"region\" aria-labelledby=\"elementor-tab-title-1224\"><p>Medi First Aid Halkidiki<br \/>Mobile:\u00a0<a href=\"tel:+306938330678\">+30 6938330678<\/a>\u00a0\u2013 Coordinator Number<br \/>Tel:\u00a0<a href=\"tel:+302106740424\">+30 2106740424<\/a><\/p><p><a class=\"elementor-button\" href=\"https:\/\/www.medifirstaid.gr\/clinic\/chalkidiki\/\">B\u0151vebben<\/a><\/p><\/div>\n\t\t\t\t<\/div>\n\t\t\t\t\t\t\t<div class=\"elementor-accordion-item\">\n\t\t\t\t\t<div id=\"elementor-tab-title-1225\" class=\"elementor-tab-title\" data-tab=\"5\" role=\"button\" aria-controls=\"elementor-tab-content-1225\" aria-expanded=\"false\">\n\t\t\t\t\t\t\t\t\t\t\t\t\t<span class=\"elementor-accordion-icon elementor-accordion-icon-right\" aria-hidden=\"true\">\n\t\t\t\t\t\t\t\t\t\t\t\t\t\t\t<span class=\"elementor-accordion-icon-closed\"><svg xmlns=\"http:\/\/www.w3.org\/2000\/svg\" width=\"28\" height=\"29\" viewBox=\"0 0 28 29\" fill=\"none\"><path d=\"M24.0625 13.625H14.875V4.4375H13.125V13.625H3.9375V15.375H13.125V24.5625H14.875V15.375H24.0625V13.625Z\" fill=\"#0FA4E4\"><\/path><\/svg><\/span>\n\t\t\t\t\t\t\t\t<span class=\"elementor-accordion-icon-opened\"><svg xmlns=\"http:\/\/www.w3.org\/2000\/svg\" width=\"28\" height=\"29\" viewBox=\"0 0 28 29\" fill=\"none\"><rect x=\"4\" y=\"14\" width=\"20\" height=\"2\" fill=\"#0FA4E4\"><\/rect><\/svg><\/span>\n\t\t\t\t\t\t\t\t\t\t\t\t\t\t<\/span>\n\t\t\t\t\t\t\t\t\t\t\t\t<a class=\"elementor-accordion-title\" tabindex=\"0\">Kr\u00e9ta<\/a>\n\t\t\t\t\t<\/div>\n\t\t\t\t\t<div id=\"elementor-tab-content-1225\" class=\"elementor-tab-content elementor-clearfix\" data-tab=\"5\" role=\"region\" aria-labelledby=\"elementor-tab-title-1225\"><p>Medi First Aid Kr\u00e9ta<br \/>Mobile:\u00a0<a href=\"tel:+306938330678\">+30 6938330678<\/a>\u00a0\u2013 Coordinator Number<br \/>Tel:\u00a0<a href=\"tel:+302106740424\">+30 2106740424<\/a><\/p><p><a class=\"elementor-button\" href=\"https:\/\/www.medifirstaid.gr\/clinic\/kriti\/\">B\u0151vebben<\/a><\/p><\/div>\n\t\t\t\t<\/div>\n\t\t\t\t\t\t\t<div class=\"elementor-accordion-item\">\n\t\t\t\t\t<div id=\"elementor-tab-title-1226\" class=\"elementor-tab-title\" data-tab=\"6\" role=\"button\" aria-controls=\"elementor-tab-content-1226\" aria-expanded=\"false\">\n\t\t\t\t\t\t\t\t\t\t\t\t\t<span class=\"elementor-accordion-icon elementor-accordion-icon-right\" aria-hidden=\"true\">\n\t\t\t\t\t\t\t\t\t\t\t\t\t\t\t<span class=\"elementor-accordion-icon-closed\"><svg xmlns=\"http:\/\/www.w3.org\/2000\/svg\" width=\"28\" height=\"29\" viewBox=\"0 0 28 29\" fill=\"none\"><path d=\"M24.0625 13.625H14.875V4.4375H13.125V13.625H3.9375V15.375H13.125V24.5625H14.875V15.375H24.0625V13.625Z\" fill=\"#0FA4E4\"><\/path><\/svg><\/span>\n\t\t\t\t\t\t\t\t<span class=\"elementor-accordion-icon-opened\"><svg xmlns=\"http:\/\/www.w3.org\/2000\/svg\" width=\"28\" height=\"29\" viewBox=\"0 0 28 29\" fill=\"none\"><rect x=\"4\" y=\"14\" width=\"20\" height=\"2\" fill=\"#0FA4E4\"><\/rect><\/svg><\/span>\n\t\t\t\t\t\t\t\t\t\t\t\t\t\t<\/span>\n\t\t\t\t\t\t\t\t\t\t\t\t<a class=\"elementor-accordion-title\" tabindex=\"0\">Rodosz<\/a>\n\t\t\t\t\t<\/div>\n\t\t\t\t\t<div id=\"elementor-tab-content-1226\" class=\"elementor-tab-content elementor-clearfix\" data-tab=\"6\" role=\"region\" aria-labelledby=\"elementor-tab-title-1226\"><p>Medi First Aid Rodosz<br \/>Mobile:\u00a0<a href=\"tel:+306938330678\">+30 6938330678<\/a>\u00a0\u2013 Coordinator Number<br \/>Tel:\u00a0<a href=\"tel:+302106740424\">+30 2106740424<\/a><\/p><p><a class=\"elementor-button\" href=\"https:\/\/www.medifirstaid.gr\/clinic\/rodos\/\">B\u0151vebben<\/a><\/p><\/div>\n\t\t\t\t<\/div>\n\t\t\t\t\t\t\t<div class=\"elementor-accordion-item\">\n\t\t\t\t\t<div id=\"elementor-tab-title-1227\" class=\"elementor-tab-title\" data-tab=\"7\" role=\"button\" aria-controls=\"elementor-tab-content-1227\" aria-expanded=\"false\">\n\t\t\t\t\t\t\t\t\t\t\t\t\t<span class=\"elementor-accordion-icon elementor-accordion-icon-right\" aria-hidden=\"true\">\n\t\t\t\t\t\t\t\t\t\t\t\t\t\t\t<span class=\"elementor-accordion-icon-closed\"><svg xmlns=\"http:\/\/www.w3.org\/2000\/svg\" width=\"28\" height=\"29\" viewBox=\"0 0 28 29\" fill=\"none\"><path d=\"M24.0625 13.625H14.875V4.4375H13.125V13.625H3.9375V15.375H13.125V24.5625H14.875V15.375H24.0625V13.625Z\" fill=\"#0FA4E4\"><\/path><\/svg><\/span>\n\t\t\t\t\t\t\t\t<span class=\"elementor-accordion-icon-opened\"><svg xmlns=\"http:\/\/www.w3.org\/2000\/svg\" width=\"28\" height=\"29\" viewBox=\"0 0 28 29\" fill=\"none\"><rect x=\"4\" y=\"14\" width=\"20\" height=\"2\" fill=\"#0FA4E4\"><\/rect><\/svg><\/span>\n\t\t\t\t\t\t\t\t\t\t\t\t\t\t<\/span>\n\t\t\t\t\t\t\t\t\t\t\t\t<a class=\"elementor-accordion-title\" tabindex=\"0\">Peloponn\u00e9szosz<\/a>\n\t\t\t\t\t<\/div>\n\t\t\t\t\t<div id=\"elementor-tab-content-1227\" class=\"elementor-tab-content elementor-clearfix\" data-tab=\"7\" role=\"region\" aria-labelledby=\"elementor-tab-title-1227\"><p>Medi First Aid Peloponn\u00e9szosz<br \/>Mobile:\u00a0<a href=\"tel:+306938330678\">+30 6938330678<\/a>\u00a0\u2013 Coordinator Number<br \/>Tel:\u00a0<a href=\"tel:+302106740424\">+30 2106740424<\/a><\/p><p><a class=\"elementor-button\" href=\"https:\/\/www.medifirstaid.gr\/clinic\/peloponnisos\/\">B\u0151vebben<\/a><\/p><\/div>\n\t\t\t\t<\/div>\n\t\t\t\t\t\t\t\t<\/div>\n\t\t\t\t\t\t<\/div>\n\t\t\t\t<\/div>\n\t\t<div class=\"elementor-element elementor-element-a882a6c e-flex e-con-boxed elementor-invisible e-con e-child\" data-id=\"a882a6c\" data-element_type=\"container\" data-settings=\"{&quot;animation&quot;:&quot;fadeInUp&quot;}\">\n\t\t\t\t\t<div class=\"e-con-inner\">\n\t\t\t\t<div class=\"elementor-element elementor-element-30feee2 elementor-widget elementor-widget-heading\" data-id=\"30feee2\" data-element_type=\"widget\" data-widget_type=\"heading.default\">\n\t\t\t\t<div class=\"elementor-widget-container\">\n\t\t\t\t\t<h2 class=\"elementor-heading-title elementor-size-default\">Medi First Aid<\/h2>\t\t\t\t<\/div>\n\t\t\t\t<\/div>\n\t\t\t\t<div class=\"elementor-element elementor-element-b4ea32a elementor-widget elementor-widget-text-editor\" data-id=\"b4ea32a\" data-element_type=\"widget\" data-widget_type=\"text-editor.default\">\n\t\t\t\t<div class=\"elementor-widget-container\">\n\t\t\t\t\t\t\t\t\t<p>A Medi First Aidn\u00e9l elk\u00f6telezettek vagyunk a magas sz\u00ednvonal\u00fa \u00e9s fejlett diagnosztikai \u00e9s kezel\u00e9si szolg\u00e1ltat\u00e1sok ny\u00fajt\u00e1sa ir\u00e1nt eg\u00e9sz G\u00f6r\u00f6gorsz\u00e1gban. A k\u00fcl\u00f6nb\u00f6z\u0151 v\u00e1rosokban tal\u00e1lhat\u00f3 klinik\u00e1inkkal orsz\u00e1gszerte kiel\u00e9g\u00edtj\u00fck a lakoss\u00e1g eg\u00e9szs\u00e9g\u00fcgyi ig\u00e9nyeit.<\/p><p>Klinik\u00e1ink olyan v\u00e1rosok csom\u00f3pontjaiban tal\u00e1lhat\u00f3k, mint Ath\u00e9n, Szaloniki, Kr\u00e9ta \u00e9s m\u00e1s v\u00e1rosok, \u00edgy G\u00f6r\u00f6gorsz\u00e1g minden szeglet\u00e9ben azonnali hozz\u00e1f\u00e9r\u00e9st biztos\u00edtunk a diagnosztikai \u00e9s orvosi ell\u00e1t\u00e1si szolg\u00e1ltat\u00e1sokhoz.<\/p><p>A Medi First Aidn\u00e9l p\u00e1cienseink a speci\u00e1lis szolg\u00e1ltat\u00e1sok sz\u00e9les sk\u00e1l\u00e1j\u00e1t vehetik ig\u00e9nybe.<\/p><p>Orvosaink k\u00e9pzettek \u00e9s tapasztaltak, akik egy\u00e9ni megk\u00f6zel\u00edt\u00e9st \u00e9s magas sz\u00ednvonal\u00fa ell\u00e1t\u00e1st ny\u00fajtanak minden egyes betegnek. Emellett az \u00e1ltalunk haszn\u00e1lt legmodernebb technol\u00f3gia biztos\u00edtja a pontos diagn\u00f3zist \u00e9s a hat\u00e9kony kezel\u00e9st.<\/p><p>L\u00e1togasson el m\u00e9g ma valamelyik klinik\u00e1nkra, \u00e9s vegye ig\u00e9nybe a Medi First Aid szak\u00e9rtelm\u00e9t \u00e9s az \u00d6n eg\u00e9szs\u00e9g\u00e9r\u0151l val\u00f3 gondoskod\u00e1st!<\/p>\t\t\t\t\t\t\t\t<\/div>\n\t\t\t\t<\/div>\n\t\t\t\t\t<\/div>\n\t\t\t\t<\/div>\n\t\t\t\t<\/div>\n\t\t\t\t\t<\/div>\n\t\t\t\t<\/div>\n\t\t\t\t<\/div>\n\t\t","protected":false},"excerpt":{"rendered":"<p>T\u00f6bb mint 20 5*-os sz\u00e1llod\u00e1ban \u00e9s \u00fcd\u00fcl\u0151helyen ny\u00fajtunk eg\u00e9szs\u00e9g\u00fcgyi alapell\u00e1t\u00e1st G\u00f6r\u00f6gorsz\u00e1g-szerte! Ath\u00e9ni K\u00f6zponti Hivatal Medi First Aid Aid AthensPapanastasiou pil\u00f3ta 6Mobile:\u00a0+30 6938330678\u00a0\u2013 Coordinator NumberTel:\u00a0+30 2106740424 B\u0151vebben Thesszaloniki Medi First Aid ThesszalonikiMobile:\u00a0+30 6938330678\u00a0\u2013 Coordinator NumberTel:\u00a0+30 2106740424 B\u0151vebben Pieria Medi First Aid Pieria P\u00e1l kir\u00e1ly 16 &#8211; Catherine ParaliaMobile: +30 2106740424 \u2013 Coordinator Number +30 6938330678Tel: +30 [&hellip;]<\/p>\n","protected":false},"author":1,"featured_media":0,"parent":0,"menu_order":0,"comment_status":"closed","ping_status":"closed","template":"","meta":{"footnotes":""},"class_list":["post-2692","page","type-page","status-publish","hentry"],"yoast_head":"<!-- This site is optimized with the Yoast SEO plugin v26.7 - https:\/\/yoast.com\/wordpress\/plugins\/seo\/ -->\n<title>Klinik\u00e1k - MediFirstAid<\/title>\n<meta name=\"robots\" content=\"index, follow, max-snippet:-1, max-image-preview:large, max-video-preview:-1\" \/>\n<link rel=\"canonical\" href=\"https:\/\/www.medifirstaid.gr\/hu\/clinics\/\" \/>\n<meta property=\"og:locale\" content=\"hu_HU\" \/>\n<meta property=\"og:type\" content=\"article\" \/>\n<meta property=\"og:title\" content=\"Klinik\u00e1k - MediFirstAid\" \/>\n<meta property=\"og:description\" content=\"T\u00f6bb mint 20 5*-os sz\u00e1llod\u00e1ban \u00e9s \u00fcd\u00fcl\u0151helyen ny\u00fajtunk eg\u00e9szs\u00e9g\u00fcgyi alapell\u00e1t\u00e1st G\u00f6r\u00f6gorsz\u00e1g-szerte! Ath\u00e9ni K\u00f6zponti Hivatal Medi First Aid Aid AthensPapanastasiou pil\u00f3ta 6Mobile:\u00a0+30 6938330678\u00a0\u2013 Coordinator NumberTel:\u00a0+30 2106740424 B\u0151vebben Thesszaloniki Medi First Aid ThesszalonikiMobile:\u00a0+30 6938330678\u00a0\u2013 Coordinator NumberTel:\u00a0+30 2106740424 B\u0151vebben Pieria Medi First Aid Pieria P\u00e1l kir\u00e1ly 16 &#8211; Catherine ParaliaMobile: +30 2106740424 \u2013 Coordinator Number +30 6938330678Tel: +30 [&hellip;]\" \/>\n<meta property=\"og:url\" content=\"https:\/\/www.medifirstaid.gr\/hu\/clinics\/\" \/>\n<meta property=\"og:site_name\" content=\"MediFirstAid\" \/>\n<meta property=\"article:modified_time\" content=\"2024-10-23T14:52:15+00:00\" \/>\n<meta name=\"twitter:card\" content=\"summary_large_image\" \/>\n<meta name=\"twitter:label1\" content=\"Becs\u00fclt olvas\u00e1si id\u0151\" \/>\n\t<meta name=\"twitter:data1\" content=\"2 perc\" \/>\n<script type=\"application\/ld+json\" class=\"yoast-schema-graph\">{\"@context\":\"https:\/\/schema.org\",\"@graph\":[{\"@type\":\"WebPage\",\"@id\":\"https:\/\/www.medifirstaid.gr\/hu\/clinics\/\",\"url\":\"https:\/\/www.medifirstaid.gr\/hu\/clinics\/\",\"name\":\"Klinik\u00e1k - MediFirstAid\",\"isPartOf\":{\"@id\":\"https:\/\/www.medifirstaid.gr\/#website\"},\"datePublished\":\"2024-04-09T06:17:49+00:00\",\"dateModified\":\"2024-10-23T14:52:15+00:00\",\"breadcrumb\":{\"@id\":\"https:\/\/www.medifirstaid.gr\/hu\/clinics\/#breadcrumb\"},\"inLanguage\":\"hu\",\"potentialAction\":[{\"@type\":\"ReadAction\",\"target\":[\"https:\/\/www.medifirstaid.gr\/hu\/clinics\/\"]}]},{\"@type\":\"BreadcrumbList\",\"@id\":\"https:\/\/www.medifirstaid.gr\/hu\/clinics\/#breadcrumb\",\"itemListElement\":[{\"@type\":\"ListItem\",\"position\":1,\"name\":\"Home\",\"item\":\"https:\/\/www.medifirstaid.gr\/hu\/\"},{\"@type\":\"ListItem\",\"position\":2,\"name\":\"Klinik\u00e1k\"}]},{\"@type\":\"WebSite\",\"@id\":\"https:\/\/www.medifirstaid.gr\/#website\",\"url\":\"https:\/\/www.medifirstaid.gr\/\",\"name\":\"MediFirstAid\",\"description\":\"\",\"publisher\":{\"@id\":\"https:\/\/www.medifirstaid.gr\/#organization\"},\"potentialAction\":[{\"@type\":\"SearchAction\",\"target\":{\"@type\":\"EntryPoint\",\"urlTemplate\":\"https:\/\/www.medifirstaid.gr\/?s={search_term_string}\"},\"query-input\":{\"@type\":\"PropertyValueSpecification\",\"valueRequired\":true,\"valueName\":\"search_term_string\"}}],\"inLanguage\":\"hu\"},{\"@type\":\"Organization\",\"@id\":\"https:\/\/www.medifirstaid.gr\/#organization\",\"name\":\"MediFirstAid\",\"url\":\"https:\/\/www.medifirstaid.gr\/\",\"logo\":{\"@type\":\"ImageObject\",\"inLanguage\":\"hu\",\"@id\":\"https:\/\/www.medifirstaid.gr\/#\/schema\/logo\/image\/\",\"url\":\"https:\/\/www.medifirstaid.gr\/wp-content\/uploads\/2024\/04\/logo.png\",\"contentUrl\":\"https:\/\/www.medifirstaid.gr\/wp-content\/uploads\/2024\/04\/logo.png\",\"width\":382,\"height\":136,\"caption\":\"MediFirstAid\"},\"image\":{\"@id\":\"https:\/\/www.medifirstaid.gr\/#\/schema\/logo\/image\/\"}}]}<\/script>\n<!-- \/ Yoast SEO plugin. -->","yoast_head_json":{"title":"Klinik\u00e1k - MediFirstAid","robots":{"index":"index","follow":"follow","max-snippet":"max-snippet:-1","max-image-preview":"max-image-preview:large","max-video-preview":"max-video-preview:-1"},"canonical":"https:\/\/www.medifirstaid.gr\/hu\/clinics\/","og_locale":"hu_HU","og_type":"article","og_title":"Klinik\u00e1k - MediFirstAid","og_description":"T\u00f6bb mint 20 5*-os sz\u00e1llod\u00e1ban \u00e9s \u00fcd\u00fcl\u0151helyen ny\u00fajtunk eg\u00e9szs\u00e9g\u00fcgyi alapell\u00e1t\u00e1st G\u00f6r\u00f6gorsz\u00e1g-szerte! Ath\u00e9ni K\u00f6zponti Hivatal Medi First Aid Aid AthensPapanastasiou pil\u00f3ta 6Mobile:\u00a0+30 6938330678\u00a0\u2013 Coordinator NumberTel:\u00a0+30 2106740424 B\u0151vebben Thesszaloniki Medi First Aid ThesszalonikiMobile:\u00a0+30 6938330678\u00a0\u2013 Coordinator NumberTel:\u00a0+30 2106740424 B\u0151vebben Pieria Medi First Aid Pieria P\u00e1l kir\u00e1ly 16 &#8211; Catherine ParaliaMobile: +30 2106740424 \u2013 Coordinator Number +30 6938330678Tel: +30 [&hellip;]","og_url":"https:\/\/www.medifirstaid.gr\/hu\/clinics\/","og_site_name":"MediFirstAid","article_modified_time":"2024-10-23T14:52:15+00:00","twitter_card":"summary_large_image","twitter_misc":{"Becs\u00fclt olvas\u00e1si id\u0151":"2 perc"},"schema":{"@context":"https:\/\/schema.org","@graph":[{"@type":"WebPage","@id":"https:\/\/www.medifirstaid.gr\/hu\/clinics\/","url":"https:\/\/www.medifirstaid.gr\/hu\/clinics\/","name":"Klinik\u00e1k - MediFirstAid","isPartOf":{"@id":"https:\/\/www.medifirstaid.gr\/#website"},"datePublished":"2024-04-09T06:17:49+00:00","dateModified":"2024-10-23T14:52:15+00:00","breadcrumb":{"@id":"https:\/\/www.medifirstaid.gr\/hu\/clinics\/#breadcrumb"},"inLanguage":"hu","potentialAction":[{"@type":"ReadAction","target":["https:\/\/www.medifirstaid.gr\/hu\/clinics\/"]}]},{"@type":"BreadcrumbList","@id":"https:\/\/www.medifirstaid.gr\/hu\/clinics\/#breadcrumb","itemListElement":[{"@type":"ListItem","position":1,"name":"Home","item":"https:\/\/www.medifirstaid.gr\/hu\/"},{"@type":"ListItem","position":2,"name":"Klinik\u00e1k"}]},{"@type":"WebSite","@id":"https:\/\/www.medifirstaid.gr\/#website","url":"https:\/\/www.medifirstaid.gr\/","name":"MediFirstAid","description":"","publisher":{"@id":"https:\/\/www.medifirstaid.gr\/#organization"},"potentialAction":[{"@type":"SearchAction","target":{"@type":"EntryPoint","urlTemplate":"https:\/\/www.medifirstaid.gr\/?s={search_term_string}"},"query-input":{"@type":"PropertyValueSpecification","valueRequired":true,"valueName":"search_term_string"}}],"inLanguage":"hu"},{"@type":"Organization","@id":"https:\/\/www.medifirstaid.gr\/#organization","name":"MediFirstAid","url":"https:\/\/www.medifirstaid.gr\/","logo":{"@type":"ImageObject","inLanguage":"hu","@id":"https:\/\/www.medifirstaid.gr\/#\/schema\/logo\/image\/","url":"https:\/\/www.medifirstaid.gr\/wp-content\/uploads\/2024\/04\/logo.png","contentUrl":"https:\/\/www.medifirstaid.gr\/wp-content\/uploads\/2024\/04\/logo.png","width":382,"height":136,"caption":"MediFirstAid"},"image":{"@id":"https:\/\/www.medifirstaid.gr\/#\/schema\/logo\/image\/"}}]}},"_links":{"self":[{"href":"https:\/\/www.medifirstaid.gr\/hu\/wp-json\/wp\/v2\/pages\/2692","targetHints":{"allow":["GET"]}}],"collection":[{"href":"https:\/\/www.medifirstaid.gr\/hu\/wp-json\/wp\/v2\/pages"}],"about":[{"href":"https:\/\/www.medifirstaid.gr\/hu\/wp-json\/wp\/v2\/types\/page"}],"author":[{"embeddable":true,"href":"https:\/\/www.medifirstaid.gr\/hu\/wp-json\/wp\/v2\/users\/1"}],"replies":[{"embeddable":true,"href":"https:\/\/www.medifirstaid.gr\/hu\/wp-json\/wp\/v2\/comments?post=2692"}],"version-history":[{"count":34,"href":"https:\/\/www.medifirstaid.gr\/hu\/wp-json\/wp\/v2\/pages\/2692\/revisions"}],"predecessor-version":[{"id":6470,"href":"https:\/\/www.medifirstaid.gr\/hu\/wp-json\/wp\/v2\/pages\/2692\/revisions\/6470"}],"wp:attachment":[{"href":"https:\/\/www.medifirstaid.gr\/hu\/wp-json\/wp\/v2\/media?parent=2692"}],"curies":[{"name":"wp","href":"https:\/\/api.w.org\/{rel}","templated":true}]}}