{"id":2656,"date":"2024-04-09T09:08:28","date_gmt":"2024-04-09T06:08:28","guid":{"rendered":"https:\/\/www.medifirstaid.gr\/company\/"},"modified":"2024-07-24T14:04:38","modified_gmt":"2024-07-24T11:04:38","slug":"etaireia","status":"publish","type":"page","link":"https:\/\/www.medifirstaid.gr\/hu\/etaireia\/","title":{"rendered":"C\u00e9g"},"content":{"rendered":"\t\t<div data-elementor-type=\"wp-page\" data-elementor-id=\"2656\" class=\"elementor elementor-2656 elementor-94\" data-elementor-post-type=\"page\">\n\t\t\t\t<div class=\"elementor-element elementor-element-7a9c5c5 e-flex e-con-boxed e-con e-parent\" data-id=\"7a9c5c5\" data-element_type=\"container\">\n\t\t\t\t\t<div class=\"e-con-inner\">\n\t\t\t\t<div class=\"elementor-element elementor-element-43a44f2 elementor-widget elementor-widget-spacer\" data-id=\"43a44f2\" data-element_type=\"widget\" data-widget_type=\"spacer.default\">\n\t\t\t\t<div class=\"elementor-widget-container\">\n\t\t\t\t\t\t\t<div class=\"elementor-spacer\">\n\t\t\t<div class=\"elementor-spacer-inner\"><\/div>\n\t\t<\/div>\n\t\t\t\t\t\t<\/div>\n\t\t\t\t<\/div>\n\t\t\t\t<div class=\"elementor-element elementor-element-3ebcd9b elementor-invisible elementor-widget elementor-widget-heading\" data-id=\"3ebcd9b\" data-element_type=\"widget\" data-settings=\"{&quot;_animation&quot;:&quot;fadeInUp&quot;}\" data-widget_type=\"heading.default\">\n\t\t\t\t<div class=\"elementor-widget-container\">\n\t\t\t\t\t<span class=\"elementor-heading-title elementor-size-default\">Mert az eg\u00e9szs\u00e9g az els\u0151...<\/span>\t\t\t\t<\/div>\n\t\t\t\t<\/div>\n\t\t\t\t<div class=\"elementor-element elementor-element-c8ae2f9 elementor-invisible elementor-widget elementor-widget-heading\" data-id=\"c8ae2f9\" data-element_type=\"widget\" data-settings=\"{&quot;_animation&quot;:&quot;fadeInUp&quot;}\" data-widget_type=\"heading.default\">\n\t\t\t\t<div class=\"elementor-widget-container\">\n\t\t\t\t\t<h2 class=\"elementor-heading-title elementor-size-default\">C\u00e9lunk, hogy az eg\u00e9szs\u00e9g\u00fcgyi ell\u00e1t\u00e1shoz val\u00f3 hozz\u00e1f\u00e9r\u00e9s mindenki sz\u00e1m\u00e1ra egyszer\u0171, gyors \u00e9s megfizethet\u0151 legyen.<\/h2>\t\t\t\t<\/div>\n\t\t\t\t<\/div>\n\t\t\t\t<div class=\"elementor-element elementor-element-1ab6604 elementor-invisible elementor-widget elementor-widget-text-editor\" data-id=\"1ab6604\" data-element_type=\"widget\" data-settings=\"{&quot;_animation&quot;:&quot;fadeInUp&quot;}\" data-widget_type=\"text-editor.default\">\n\t\t\t\t<div class=\"elementor-widget-container\">\n\t\t\t\t\t\t\t\t\t<p>A Medi First Aid egy modern, innovat\u00edv alapell\u00e1t\u00e1si orvosi diagnosztikai k\u00f6zpont, amelynek f\u0151 c\u00e9lja, hogy \u00e1tfog\u00f3 megold\u00e1st k\u00edn\u00e1ljon minden csal\u00e1d, minden biztos\u00edtott \u00e9s nem biztos\u00edtott szem\u00e9ly eg\u00e9szs\u00e9g\u00fcgyi ig\u00e9nyeire, b\u00e1rmely \u00e9letkorban.<\/p>\t\t\t\t\t\t\t\t<\/div>\n\t\t\t\t<\/div>\n\t\t\t\t<div class=\"elementor-element elementor-element-fa3a91e elementor-invisible elementor-widget elementor-widget-text-editor\" data-id=\"fa3a91e\" data-element_type=\"widget\" data-settings=\"{&quot;_animation&quot;:&quot;fadeInUp&quot;}\" data-widget_type=\"text-editor.default\">\n\t\t\t\t<div class=\"elementor-widget-container\">\n\t\t\t\t\t\t\t\t\t<p>C\u00e9lunk, hogy az eg\u00e9szs\u00e9g\u00fcgyi ell\u00e1t\u00e1shoz val\u00f3 hozz\u00e1f\u00e9r\u00e9s mindenki sz\u00e1m\u00e1ra egyszer\u0171, gyors \u00e9s megfizethet\u0151 legyen.<\/p><p>A Medi First Aid-et egy olyan csapat hozta l\u00e9tre, amely l\u00e1t\u00e1sm\u00f3ddal, embert\u00e1rsaik ir\u00e1nti szeretettel \u00e9s az eg\u00e9szs\u00e9g\u00fcgyben szerzett sok\u00e9ves tapasztalattal rendelkezik.<\/p><p>Ismerve az eg\u00e9szs\u00e9g\u00fcgyi rendszer jelenlegi probl\u00e9m\u00e1it, valamint embert\u00e1rsaink val\u00f3s ig\u00e9nyeit, olyan megold\u00e1st ihlett\u00fcnk, amelyet minden beteg szeretne.<\/p><p>F\u0151 c\u00e9lunk a megel\u0151z\u00e9s.<\/p><p>A megel\u0151z\u00e9s, amelyet orvosaink megfelel\u0151 diagn\u00f3zissal, sz\u00fcks\u00e9ges vizsg\u00e1latokkal \u00e9s megb\u00edzhat\u00f3 kezel\u00e9ssel \u00e9rnek el.<\/p><p>Hangs\u00falyt fektet\u00fcnk a ny\u00fajtott orvosi szolg\u00e1ltat\u00e1sok magas min\u0151s\u00e9g\u00e9re, a tapasztalt eg\u00e9szs\u00e9g\u00fcgyi szem\u00e9lyzet kiv\u00e1laszt\u00e1s\u00e1ra \u00e9s a modern orvosi g\u00e9pekkel val\u00f3 felszerelts\u00e9gre. Kiemelt c\u00e9lunk az ember tisztelete.<\/p><p>Munkat\u00e1rsaink seg\u00edtenek \u00d6nnek abban, hogy megold\u00e1st tal\u00e1ljanak b\u00e1rmilyen eg\u00e9szs\u00e9g\u00fcgyi probl\u00e9m\u00e1j\u00e1ra.<\/p><p>A Medi First Aid egy \u00e1tfog\u00f3 eg\u00e9szs\u00e9g\u00fcgyi alapell\u00e1t\u00e1st ny\u00fajt\u00f3 int\u00e9zm\u00e9ny.<\/p><p>Sz\u00e1mos orvosi szakter\u00fclettel rendelkezik k\u00e9pes diagnosztikai vizsg\u00e1latokat \u00e9s seb\u00e9szeti beavatkoz\u00e1sokat is v\u00e9gezni.<\/p><p>Lehet\u0151s\u00e9ge van arra, hogy k\u00f6zpontunkban b\u00e1rmelyik szakorvost felkeresse \u00fctemezetten vagy s\u00fcrg\u0151ss\u00e9gi alapon.<\/p>\t\t\t\t\t\t\t\t<\/div>\n\t\t\t\t<\/div>\n\t\t\t\t\t<\/div>\n\t\t\t\t<\/div>\n\t\t\t\t<\/div>\n\t\t","protected":false},"excerpt":{"rendered":"<p>Mert az eg\u00e9szs\u00e9g az els\u0151&#8230; C\u00e9lunk, hogy az eg\u00e9szs\u00e9g\u00fcgyi ell\u00e1t\u00e1shoz val\u00f3 hozz\u00e1f\u00e9r\u00e9s mindenki sz\u00e1m\u00e1ra egyszer\u0171, gyors \u00e9s megfizethet\u0151 legyen. A Medi First Aid egy modern, innovat\u00edv alapell\u00e1t\u00e1si orvosi diagnosztikai k\u00f6zpont, amelynek f\u0151 c\u00e9lja, hogy \u00e1tfog\u00f3 megold\u00e1st k\u00edn\u00e1ljon minden csal\u00e1d, minden biztos\u00edtott \u00e9s nem biztos\u00edtott szem\u00e9ly eg\u00e9szs\u00e9g\u00fcgyi ig\u00e9nyeire, b\u00e1rmely \u00e9letkorban. C\u00e9lunk, hogy az eg\u00e9szs\u00e9g\u00fcgyi ell\u00e1t\u00e1shoz val\u00f3 [&hellip;]<\/p>\n","protected":false},"author":1,"featured_media":0,"parent":0,"menu_order":0,"comment_status":"closed","ping_status":"closed","template":"","meta":{"footnotes":""},"class_list":["post-2656","page","type-page","status-publish","hentry"],"yoast_head":"<!-- This site is optimized with the Yoast SEO plugin v26.7 - https:\/\/yoast.com\/wordpress\/plugins\/seo\/ -->\n<title>C\u00e9g - MediFirstAid<\/title>\n<meta name=\"robots\" content=\"index, follow, max-snippet:-1, max-image-preview:large, max-video-preview:-1\" \/>\n<link rel=\"canonical\" href=\"https:\/\/www.medifirstaid.gr\/hu\/etaireia\/\" \/>\n<meta property=\"og:locale\" content=\"hu_HU\" \/>\n<meta property=\"og:type\" content=\"article\" \/>\n<meta property=\"og:title\" content=\"C\u00e9g - MediFirstAid\" \/>\n<meta property=\"og:description\" content=\"Mert az eg\u00e9szs\u00e9g az els\u0151&#8230; C\u00e9lunk, hogy az eg\u00e9szs\u00e9g\u00fcgyi ell\u00e1t\u00e1shoz val\u00f3 hozz\u00e1f\u00e9r\u00e9s mindenki sz\u00e1m\u00e1ra egyszer\u0171, gyors \u00e9s megfizethet\u0151 legyen. A Medi First Aid egy modern, innovat\u00edv alapell\u00e1t\u00e1si orvosi diagnosztikai k\u00f6zpont, amelynek f\u0151 c\u00e9lja, hogy \u00e1tfog\u00f3 megold\u00e1st k\u00edn\u00e1ljon minden csal\u00e1d, minden biztos\u00edtott \u00e9s nem biztos\u00edtott szem\u00e9ly eg\u00e9szs\u00e9g\u00fcgyi ig\u00e9nyeire, b\u00e1rmely \u00e9letkorban. C\u00e9lunk, hogy az eg\u00e9szs\u00e9g\u00fcgyi ell\u00e1t\u00e1shoz val\u00f3 [&hellip;]\" \/>\n<meta property=\"og:url\" content=\"https:\/\/www.medifirstaid.gr\/hu\/etaireia\/\" \/>\n<meta property=\"og:site_name\" content=\"MediFirstAid\" \/>\n<meta property=\"article:modified_time\" content=\"2024-07-24T11:04:38+00:00\" \/>\n<meta name=\"twitter:card\" content=\"summary_large_image\" \/>\n<meta name=\"twitter:label1\" content=\"Becs\u00fclt olvas\u00e1si id\u0151\" \/>\n\t<meta name=\"twitter:data1\" content=\"2 perc\" \/>\n<script type=\"application\/ld+json\" class=\"yoast-schema-graph\">{\"@context\":\"https:\/\/schema.org\",\"@graph\":[{\"@type\":\"WebPage\",\"@id\":\"https:\/\/www.medifirstaid.gr\/hu\/etaireia\/\",\"url\":\"https:\/\/www.medifirstaid.gr\/hu\/etaireia\/\",\"name\":\"C\u00e9g - MediFirstAid\",\"isPartOf\":{\"@id\":\"https:\/\/www.medifirstaid.gr\/#website\"},\"datePublished\":\"2024-04-09T06:08:28+00:00\",\"dateModified\":\"2024-07-24T11:04:38+00:00\",\"breadcrumb\":{\"@id\":\"https:\/\/www.medifirstaid.gr\/hu\/etaireia\/#breadcrumb\"},\"inLanguage\":\"hu\",\"potentialAction\":[{\"@type\":\"ReadAction\",\"target\":[\"https:\/\/www.medifirstaid.gr\/hu\/etaireia\/\"]}]},{\"@type\":\"BreadcrumbList\",\"@id\":\"https:\/\/www.medifirstaid.gr\/hu\/etaireia\/#breadcrumb\",\"itemListElement\":[{\"@type\":\"ListItem\",\"position\":1,\"name\":\"Home\",\"item\":\"https:\/\/www.medifirstaid.gr\/hu\/\"},{\"@type\":\"ListItem\",\"position\":2,\"name\":\"C\u00e9g\"}]},{\"@type\":\"WebSite\",\"@id\":\"https:\/\/www.medifirstaid.gr\/#website\",\"url\":\"https:\/\/www.medifirstaid.gr\/\",\"name\":\"MediFirstAid\",\"description\":\"\",\"publisher\":{\"@id\":\"https:\/\/www.medifirstaid.gr\/#organization\"},\"potentialAction\":[{\"@type\":\"SearchAction\",\"target\":{\"@type\":\"EntryPoint\",\"urlTemplate\":\"https:\/\/www.medifirstaid.gr\/?s={search_term_string}\"},\"query-input\":{\"@type\":\"PropertyValueSpecification\",\"valueRequired\":true,\"valueName\":\"search_term_string\"}}],\"inLanguage\":\"hu\"},{\"@type\":\"Organization\",\"@id\":\"https:\/\/www.medifirstaid.gr\/#organization\",\"name\":\"MediFirstAid\",\"url\":\"https:\/\/www.medifirstaid.gr\/\",\"logo\":{\"@type\":\"ImageObject\",\"inLanguage\":\"hu\",\"@id\":\"https:\/\/www.medifirstaid.gr\/#\/schema\/logo\/image\/\",\"url\":\"https:\/\/www.medifirstaid.gr\/wp-content\/uploads\/2024\/04\/logo.png\",\"contentUrl\":\"https:\/\/www.medifirstaid.gr\/wp-content\/uploads\/2024\/04\/logo.png\",\"width\":382,\"height\":136,\"caption\":\"MediFirstAid\"},\"image\":{\"@id\":\"https:\/\/www.medifirstaid.gr\/#\/schema\/logo\/image\/\"}}]}<\/script>\n<!-- \/ Yoast SEO plugin. -->","yoast_head_json":{"title":"C\u00e9g - MediFirstAid","robots":{"index":"index","follow":"follow","max-snippet":"max-snippet:-1","max-image-preview":"max-image-preview:large","max-video-preview":"max-video-preview:-1"},"canonical":"https:\/\/www.medifirstaid.gr\/hu\/etaireia\/","og_locale":"hu_HU","og_type":"article","og_title":"C\u00e9g - MediFirstAid","og_description":"Mert az eg\u00e9szs\u00e9g az els\u0151&#8230; C\u00e9lunk, hogy az eg\u00e9szs\u00e9g\u00fcgyi ell\u00e1t\u00e1shoz val\u00f3 hozz\u00e1f\u00e9r\u00e9s mindenki sz\u00e1m\u00e1ra egyszer\u0171, gyors \u00e9s megfizethet\u0151 legyen. A Medi First Aid egy modern, innovat\u00edv alapell\u00e1t\u00e1si orvosi diagnosztikai k\u00f6zpont, amelynek f\u0151 c\u00e9lja, hogy \u00e1tfog\u00f3 megold\u00e1st k\u00edn\u00e1ljon minden csal\u00e1d, minden biztos\u00edtott \u00e9s nem biztos\u00edtott szem\u00e9ly eg\u00e9szs\u00e9g\u00fcgyi ig\u00e9nyeire, b\u00e1rmely \u00e9letkorban. C\u00e9lunk, hogy az eg\u00e9szs\u00e9g\u00fcgyi ell\u00e1t\u00e1shoz val\u00f3 [&hellip;]","og_url":"https:\/\/www.medifirstaid.gr\/hu\/etaireia\/","og_site_name":"MediFirstAid","article_modified_time":"2024-07-24T11:04:38+00:00","twitter_card":"summary_large_image","twitter_misc":{"Becs\u00fclt olvas\u00e1si id\u0151":"2 perc"},"schema":{"@context":"https:\/\/schema.org","@graph":[{"@type":"WebPage","@id":"https:\/\/www.medifirstaid.gr\/hu\/etaireia\/","url":"https:\/\/www.medifirstaid.gr\/hu\/etaireia\/","name":"C\u00e9g - MediFirstAid","isPartOf":{"@id":"https:\/\/www.medifirstaid.gr\/#website"},"datePublished":"2024-04-09T06:08:28+00:00","dateModified":"2024-07-24T11:04:38+00:00","breadcrumb":{"@id":"https:\/\/www.medifirstaid.gr\/hu\/etaireia\/#breadcrumb"},"inLanguage":"hu","potentialAction":[{"@type":"ReadAction","target":["https:\/\/www.medifirstaid.gr\/hu\/etaireia\/"]}]},{"@type":"BreadcrumbList","@id":"https:\/\/www.medifirstaid.gr\/hu\/etaireia\/#breadcrumb","itemListElement":[{"@type":"ListItem","position":1,"name":"Home","item":"https:\/\/www.medifirstaid.gr\/hu\/"},{"@type":"ListItem","position":2,"name":"C\u00e9g"}]},{"@type":"WebSite","@id":"https:\/\/www.medifirstaid.gr\/#website","url":"https:\/\/www.medifirstaid.gr\/","name":"MediFirstAid","description":"","publisher":{"@id":"https:\/\/www.medifirstaid.gr\/#organization"},"potentialAction":[{"@type":"SearchAction","target":{"@type":"EntryPoint","urlTemplate":"https:\/\/www.medifirstaid.gr\/?s={search_term_string}"},"query-input":{"@type":"PropertyValueSpecification","valueRequired":true,"valueName":"search_term_string"}}],"inLanguage":"hu"},{"@type":"Organization","@id":"https:\/\/www.medifirstaid.gr\/#organization","name":"MediFirstAid","url":"https:\/\/www.medifirstaid.gr\/","logo":{"@type":"ImageObject","inLanguage":"hu","@id":"https:\/\/www.medifirstaid.gr\/#\/schema\/logo\/image\/","url":"https:\/\/www.medifirstaid.gr\/wp-content\/uploads\/2024\/04\/logo.png","contentUrl":"https:\/\/www.medifirstaid.gr\/wp-content\/uploads\/2024\/04\/logo.png","width":382,"height":136,"caption":"MediFirstAid"},"image":{"@id":"https:\/\/www.medifirstaid.gr\/#\/schema\/logo\/image\/"}}]}},"_links":{"self":[{"href":"https:\/\/www.medifirstaid.gr\/hu\/wp-json\/wp\/v2\/pages\/2656","targetHints":{"allow":["GET"]}}],"collection":[{"href":"https:\/\/www.medifirstaid.gr\/hu\/wp-json\/wp\/v2\/pages"}],"about":[{"href":"https:\/\/www.medifirstaid.gr\/hu\/wp-json\/wp\/v2\/types\/page"}],"author":[{"embeddable":true,"href":"https:\/\/www.medifirstaid.gr\/hu\/wp-json\/wp\/v2\/users\/1"}],"replies":[{"embeddable":true,"href":"https:\/\/www.medifirstaid.gr\/hu\/wp-json\/wp\/v2\/comments?post=2656"}],"version-history":[{"count":17,"href":"https:\/\/www.medifirstaid.gr\/hu\/wp-json\/wp\/v2\/pages\/2656\/revisions"}],"predecessor-version":[{"id":5847,"href":"https:\/\/www.medifirstaid.gr\/hu\/wp-json\/wp\/v2\/pages\/2656\/revisions\/5847"}],"wp:attachment":[{"href":"https:\/\/www.medifirstaid.gr\/hu\/wp-json\/wp\/v2\/media?parent=2656"}],"curies":[{"name":"wp","href":"https:\/\/api.w.org\/{rel}","templated":true}]}}