{"id":2686,"date":"2024-04-09T09:17:49","date_gmt":"2024-04-09T06:17:49","guid":{"rendered":"https:\/\/www.medifirstaid.gr\/clinics\/"},"modified":"2024-10-23T17:04:12","modified_gmt":"2024-10-23T14:04:12","slug":"clinics","status":"publish","type":"page","link":"https:\/\/www.medifirstaid.gr\/fr\/clinics\/","title":{"rendered":"Clinics"},"content":{"rendered":"\t\t<div data-elementor-type=\"wp-page\" data-elementor-id=\"2686\" class=\"elementor elementor-2686 elementor-104\" data-elementor-post-type=\"page\">\n\t\t\t\t<div class=\"elementor-element elementor-element-63eb15d6 e-flex e-con-boxed e-con e-parent\" data-id=\"63eb15d6\" data-element_type=\"container\">\n\t\t\t\t\t<div class=\"e-con-inner\">\n\t\t<div class=\"elementor-element elementor-element-78dd729e e-con-full e-flex e-con e-child\" data-id=\"78dd729e\" data-element_type=\"container\">\n\t\t\t\t<div class=\"elementor-element elementor-element-3d41ab00 elementor-invisible elementor-widget elementor-widget-heading\" data-id=\"3d41ab00\" data-element_type=\"widget\" data-settings=\"{&quot;_animation&quot;:&quot;fadeInUp&quot;}\" data-widget_type=\"heading.default\">\n\t\t\t\t<div class=\"elementor-widget-container\">\n\t\t\t\t\t<h2 class=\"elementor-heading-title elementor-size-default\">Nous fournissons des services de soins de sant\u00e9 primaires dans plus de 20 h\u00f4tels et centres de vill\u00e9giature 5* dans toute la Gr\u00e8ce!<\/h2>\t\t\t\t<\/div>\n\t\t\t\t<\/div>\n\t\t\t\t<div class=\"elementor-element elementor-element-74c182c elementor-invisible elementor-widget elementor-widget-accordion\" data-id=\"74c182c\" data-element_type=\"widget\" data-settings=\"{&quot;_animation&quot;:&quot;zoomInUp&quot;}\" data-widget_type=\"accordion.default\">\n\t\t\t\t<div class=\"elementor-widget-container\">\n\t\t\t\t\t\t\t<div class=\"elementor-accordion\">\n\t\t\t\t\t\t\t<div class=\"elementor-accordion-item\">\n\t\t\t\t\t<div id=\"elementor-tab-title-1221\" class=\"elementor-tab-title\" data-tab=\"1\" role=\"button\" aria-controls=\"elementor-tab-content-1221\" aria-expanded=\"false\">\n\t\t\t\t\t\t\t\t\t\t\t\t\t<span class=\"elementor-accordion-icon elementor-accordion-icon-right\" aria-hidden=\"true\">\n\t\t\t\t\t\t\t\t\t\t\t\t\t\t\t<span class=\"elementor-accordion-icon-closed\"><svg xmlns=\"http:\/\/www.w3.org\/2000\/svg\" width=\"28\" height=\"29\" viewBox=\"0 0 28 29\" fill=\"none\"><path d=\"M24.0625 13.625H14.875V4.4375H13.125V13.625H3.9375V15.375H13.125V24.5625H14.875V15.375H24.0625V13.625Z\" fill=\"#0FA4E4\"><\/path><\/svg><\/span>\n\t\t\t\t\t\t\t\t<span class=\"elementor-accordion-icon-opened\"><svg xmlns=\"http:\/\/www.w3.org\/2000\/svg\" width=\"28\" height=\"29\" viewBox=\"0 0 28 29\" fill=\"none\"><rect x=\"4\" y=\"14\" width=\"20\" height=\"2\" fill=\"#0FA4E4\"><\/rect><\/svg><\/span>\n\t\t\t\t\t\t\t\t\t\t\t\t\t\t<\/span>\n\t\t\t\t\t\t\t\t\t\t\t\t<a class=\"elementor-accordion-title\" tabindex=\"0\">Office central d'Ath\u00e8nes<\/a>\n\t\t\t\t\t<\/div>\n\t\t\t\t\t<div id=\"elementor-tab-content-1221\" class=\"elementor-tab-content elementor-clearfix\" data-tab=\"1\" role=\"region\" aria-labelledby=\"elementor-tab-title-1221\"><p>Medi First Aid Aid Athens<br \/>Aviateur Papanastasiou 6<br \/>Mobile:\u00a0<a href=\"tel:+306938330678\">+30 6938330678<\/a>\u00a0\u2013 Coordinator Number<br \/>Tel:\u00a0<a href=\"tel:+302106740424\">+30 2106740424<\/a><\/p><p><a class=\"elementor-button\" href=\"https:\/\/www.medifirstaid.gr\/clinic\/athina-kentriko-grafeio-2\/\">Lire plus<\/a><\/p><\/div>\n\t\t\t\t<\/div>\n\t\t\t\t\t\t\t<div class=\"elementor-accordion-item\">\n\t\t\t\t\t<div id=\"elementor-tab-title-1222\" class=\"elementor-tab-title\" data-tab=\"2\" role=\"button\" aria-controls=\"elementor-tab-content-1222\" aria-expanded=\"false\">\n\t\t\t\t\t\t\t\t\t\t\t\t\t<span class=\"elementor-accordion-icon elementor-accordion-icon-right\" aria-hidden=\"true\">\n\t\t\t\t\t\t\t\t\t\t\t\t\t\t\t<span class=\"elementor-accordion-icon-closed\"><svg xmlns=\"http:\/\/www.w3.org\/2000\/svg\" width=\"28\" height=\"29\" viewBox=\"0 0 28 29\" fill=\"none\"><path d=\"M24.0625 13.625H14.875V4.4375H13.125V13.625H3.9375V15.375H13.125V24.5625H14.875V15.375H24.0625V13.625Z\" fill=\"#0FA4E4\"><\/path><\/svg><\/span>\n\t\t\t\t\t\t\t\t<span class=\"elementor-accordion-icon-opened\"><svg xmlns=\"http:\/\/www.w3.org\/2000\/svg\" width=\"28\" height=\"29\" viewBox=\"0 0 28 29\" fill=\"none\"><rect x=\"4\" y=\"14\" width=\"20\" height=\"2\" fill=\"#0FA4E4\"><\/rect><\/svg><\/span>\n\t\t\t\t\t\t\t\t\t\t\t\t\t\t<\/span>\n\t\t\t\t\t\t\t\t\t\t\t\t<a class=\"elementor-accordion-title\" tabindex=\"0\">Thessalonique<\/a>\n\t\t\t\t\t<\/div>\n\t\t\t\t\t<div id=\"elementor-tab-content-1222\" class=\"elementor-tab-content elementor-clearfix\" data-tab=\"2\" role=\"region\" aria-labelledby=\"elementor-tab-title-1222\"><p>Medi First Aid THESSALONIQUE<br \/>Mobile:\u00a0<a href=\"tel:+306938330678\">+30 6938330678<\/a>\u00a0\u2013 Coordinator Number<br \/>Tel:\u00a0<a href=\"tel:+302106740424\">+30 2106740424<\/a><\/p><p><a class=\"elementor-button\" href=\"https:\/\/www.medifirstaid.gr\/clinic\/thessaloniki\/\">Lire plus<\/a><\/p><\/div>\n\t\t\t\t<\/div>\n\t\t\t\t\t\t\t<div class=\"elementor-accordion-item\">\n\t\t\t\t\t<div id=\"elementor-tab-title-1223\" class=\"elementor-tab-title\" data-tab=\"3\" role=\"button\" aria-controls=\"elementor-tab-content-1223\" aria-expanded=\"false\">\n\t\t\t\t\t\t\t\t\t\t\t\t\t<span class=\"elementor-accordion-icon elementor-accordion-icon-right\" aria-hidden=\"true\">\n\t\t\t\t\t\t\t\t\t\t\t\t\t\t\t<span class=\"elementor-accordion-icon-closed\"><svg xmlns=\"http:\/\/www.w3.org\/2000\/svg\" width=\"28\" height=\"29\" viewBox=\"0 0 28 29\" fill=\"none\"><path d=\"M24.0625 13.625H14.875V4.4375H13.125V13.625H3.9375V15.375H13.125V24.5625H14.875V15.375H24.0625V13.625Z\" fill=\"#0FA4E4\"><\/path><\/svg><\/span>\n\t\t\t\t\t\t\t\t<span class=\"elementor-accordion-icon-opened\"><svg xmlns=\"http:\/\/www.w3.org\/2000\/svg\" width=\"28\" height=\"29\" viewBox=\"0 0 28 29\" fill=\"none\"><rect x=\"4\" y=\"14\" width=\"20\" height=\"2\" fill=\"#0FA4E4\"><\/rect><\/svg><\/span>\n\t\t\t\t\t\t\t\t\t\t\t\t\t\t<\/span>\n\t\t\t\t\t\t\t\t\t\t\t\t<a class=\"elementor-accordion-title\" tabindex=\"0\">Pieria<\/a>\n\t\t\t\t\t<\/div>\n\t\t\t\t\t<div id=\"elementor-tab-content-1223\" class=\"elementor-tab-content elementor-clearfix\" data-tab=\"3\" role=\"region\" aria-labelledby=\"elementor-tab-title-1223\"><p>Medi First Aid PIERIA<\/p><p>Roi Paul 16 &#8211; Catherine Paralia<br \/>Mobile: <a href=\"tel:+302106740424\">+30 2106740424 <\/a>\u2013 Coordinator Number +30 6938330678<br \/>Tel: <a href=\"tel:+306938330678\">+30 2351062177<\/a><\/p><p><a class=\"elementor-button\" href=\"https:\/\/www.medifirstaid.gr\/clinic\/pieria\/\">Lire plus<\/a><\/p><\/div>\n\t\t\t\t<\/div>\n\t\t\t\t\t\t\t<div class=\"elementor-accordion-item\">\n\t\t\t\t\t<div id=\"elementor-tab-title-1224\" class=\"elementor-tab-title\" data-tab=\"4\" role=\"button\" aria-controls=\"elementor-tab-content-1224\" aria-expanded=\"false\">\n\t\t\t\t\t\t\t\t\t\t\t\t\t<span class=\"elementor-accordion-icon elementor-accordion-icon-right\" aria-hidden=\"true\">\n\t\t\t\t\t\t\t\t\t\t\t\t\t\t\t<span class=\"elementor-accordion-icon-closed\"><svg xmlns=\"http:\/\/www.w3.org\/2000\/svg\" width=\"28\" height=\"29\" viewBox=\"0 0 28 29\" fill=\"none\"><path d=\"M24.0625 13.625H14.875V4.4375H13.125V13.625H3.9375V15.375H13.125V24.5625H14.875V15.375H24.0625V13.625Z\" fill=\"#0FA4E4\"><\/path><\/svg><\/span>\n\t\t\t\t\t\t\t\t<span class=\"elementor-accordion-icon-opened\"><svg xmlns=\"http:\/\/www.w3.org\/2000\/svg\" width=\"28\" height=\"29\" viewBox=\"0 0 28 29\" fill=\"none\"><rect x=\"4\" y=\"14\" width=\"20\" height=\"2\" fill=\"#0FA4E4\"><\/rect><\/svg><\/span>\n\t\t\t\t\t\t\t\t\t\t\t\t\t\t<\/span>\n\t\t\t\t\t\t\t\t\t\t\t\t<a class=\"elementor-accordion-title\" tabindex=\"0\">Halkidiki<\/a>\n\t\t\t\t\t<\/div>\n\t\t\t\t\t<div id=\"elementor-tab-content-1224\" class=\"elementor-tab-content elementor-clearfix\" data-tab=\"4\" role=\"region\" aria-labelledby=\"elementor-tab-title-1224\"><p>Medi First Aid HALKIDIKI<br \/>Mobile:\u00a0<a href=\"tel:+306938330678\">+30 6938330678<\/a>\u00a0\u2013 Coordinator Number<br \/>Tel:\u00a0<a href=\"tel:+302106740424\">+30 2106740424<\/a><\/p><p><a class=\"elementor-button\" href=\"https:\/\/www.medifirstaid.gr\/clinic\/chalkidiki\/\">Lire plus<\/a><\/p><\/div>\n\t\t\t\t<\/div>\n\t\t\t\t\t\t\t<div class=\"elementor-accordion-item\">\n\t\t\t\t\t<div id=\"elementor-tab-title-1225\" class=\"elementor-tab-title\" data-tab=\"5\" role=\"button\" aria-controls=\"elementor-tab-content-1225\" aria-expanded=\"false\">\n\t\t\t\t\t\t\t\t\t\t\t\t\t<span class=\"elementor-accordion-icon elementor-accordion-icon-right\" aria-hidden=\"true\">\n\t\t\t\t\t\t\t\t\t\t\t\t\t\t\t<span class=\"elementor-accordion-icon-closed\"><svg xmlns=\"http:\/\/www.w3.org\/2000\/svg\" width=\"28\" height=\"29\" viewBox=\"0 0 28 29\" fill=\"none\"><path d=\"M24.0625 13.625H14.875V4.4375H13.125V13.625H3.9375V15.375H13.125V24.5625H14.875V15.375H24.0625V13.625Z\" fill=\"#0FA4E4\"><\/path><\/svg><\/span>\n\t\t\t\t\t\t\t\t<span class=\"elementor-accordion-icon-opened\"><svg xmlns=\"http:\/\/www.w3.org\/2000\/svg\" width=\"28\" height=\"29\" viewBox=\"0 0 28 29\" fill=\"none\"><rect x=\"4\" y=\"14\" width=\"20\" height=\"2\" fill=\"#0FA4E4\"><\/rect><\/svg><\/span>\n\t\t\t\t\t\t\t\t\t\t\t\t\t\t<\/span>\n\t\t\t\t\t\t\t\t\t\t\t\t<a class=\"elementor-accordion-title\" tabindex=\"0\">Cr\u00e8te<\/a>\n\t\t\t\t\t<\/div>\n\t\t\t\t\t<div id=\"elementor-tab-content-1225\" class=\"elementor-tab-content elementor-clearfix\" data-tab=\"5\" role=\"region\" aria-labelledby=\"elementor-tab-title-1225\"><p>Medi First Aid CRETE<br \/>Mobile:\u00a0<a href=\"tel:+306938330678\">+30 6938330678<\/a>\u00a0\u2013 Coordinator Number<br \/>Tel:\u00a0<a href=\"tel:+302106740424\">+30 2106740424<\/a><\/p><p><a class=\"elementor-button\" href=\"https:\/\/www.medifirstaid.gr\/clinic\/kriti\/\">Lire plus<\/a><\/p><\/div>\n\t\t\t\t<\/div>\n\t\t\t\t\t\t\t<div class=\"elementor-accordion-item\">\n\t\t\t\t\t<div id=\"elementor-tab-title-1226\" class=\"elementor-tab-title\" data-tab=\"6\" role=\"button\" aria-controls=\"elementor-tab-content-1226\" aria-expanded=\"false\">\n\t\t\t\t\t\t\t\t\t\t\t\t\t<span class=\"elementor-accordion-icon elementor-accordion-icon-right\" aria-hidden=\"true\">\n\t\t\t\t\t\t\t\t\t\t\t\t\t\t\t<span class=\"elementor-accordion-icon-closed\"><svg xmlns=\"http:\/\/www.w3.org\/2000\/svg\" width=\"28\" height=\"29\" viewBox=\"0 0 28 29\" fill=\"none\"><path d=\"M24.0625 13.625H14.875V4.4375H13.125V13.625H3.9375V15.375H13.125V24.5625H14.875V15.375H24.0625V13.625Z\" fill=\"#0FA4E4\"><\/path><\/svg><\/span>\n\t\t\t\t\t\t\t\t<span class=\"elementor-accordion-icon-opened\"><svg xmlns=\"http:\/\/www.w3.org\/2000\/svg\" width=\"28\" height=\"29\" viewBox=\"0 0 28 29\" fill=\"none\"><rect x=\"4\" y=\"14\" width=\"20\" height=\"2\" fill=\"#0FA4E4\"><\/rect><\/svg><\/span>\n\t\t\t\t\t\t\t\t\t\t\t\t\t\t<\/span>\n\t\t\t\t\t\t\t\t\t\t\t\t<a class=\"elementor-accordion-title\" tabindex=\"0\">Rhodes<\/a>\n\t\t\t\t\t<\/div>\n\t\t\t\t\t<div id=\"elementor-tab-content-1226\" class=\"elementor-tab-content elementor-clearfix\" data-tab=\"6\" role=\"region\" aria-labelledby=\"elementor-tab-title-1226\"><p>Medi First Aid RHODES<br \/>Mobile:\u00a0<a href=\"tel:+306938330678\">+30 6938330678<\/a>\u00a0\u2013 Coordinator Number<br \/>Tel:\u00a0<a href=\"tel:+302106740424\">+30 2106740424<\/a><\/p><p><a class=\"elementor-button\" href=\"https:\/\/www.medifirstaid.gr\/clinic\/rodos\/\">Lire plus<\/a><\/p><\/div>\n\t\t\t\t<\/div>\n\t\t\t\t\t\t\t<div class=\"elementor-accordion-item\">\n\t\t\t\t\t<div id=\"elementor-tab-title-1227\" class=\"elementor-tab-title\" data-tab=\"7\" role=\"button\" aria-controls=\"elementor-tab-content-1227\" aria-expanded=\"false\">\n\t\t\t\t\t\t\t\t\t\t\t\t\t<span class=\"elementor-accordion-icon elementor-accordion-icon-right\" aria-hidden=\"true\">\n\t\t\t\t\t\t\t\t\t\t\t\t\t\t\t<span class=\"elementor-accordion-icon-closed\"><svg xmlns=\"http:\/\/www.w3.org\/2000\/svg\" width=\"28\" height=\"29\" viewBox=\"0 0 28 29\" fill=\"none\"><path d=\"M24.0625 13.625H14.875V4.4375H13.125V13.625H3.9375V15.375H13.125V24.5625H14.875V15.375H24.0625V13.625Z\" fill=\"#0FA4E4\"><\/path><\/svg><\/span>\n\t\t\t\t\t\t\t\t<span class=\"elementor-accordion-icon-opened\"><svg xmlns=\"http:\/\/www.w3.org\/2000\/svg\" width=\"28\" height=\"29\" viewBox=\"0 0 28 29\" fill=\"none\"><rect x=\"4\" y=\"14\" width=\"20\" height=\"2\" fill=\"#0FA4E4\"><\/rect><\/svg><\/span>\n\t\t\t\t\t\t\t\t\t\t\t\t\t\t<\/span>\n\t\t\t\t\t\t\t\t\t\t\t\t<a class=\"elementor-accordion-title\" tabindex=\"0\">P\u00e9loponn\u00e8se<\/a>\n\t\t\t\t\t<\/div>\n\t\t\t\t\t<div id=\"elementor-tab-content-1227\" class=\"elementor-tab-content elementor-clearfix\" data-tab=\"7\" role=\"region\" aria-labelledby=\"elementor-tab-title-1227\"><p>Medi First Aid PELOPONNESE<br \/>Mobile:\u00a0<a href=\"tel:+306938330678\">+30 6938330678<\/a>\u00a0\u2013 Coordinator Number<br \/>Tel:\u00a0<a href=\"tel:+302106740424\">+30 2106740424<\/a><\/p><p><a class=\"elementor-button\" href=\"https:\/\/www.medifirstaid.gr\/clinic\/peloponnisos\/\">Lire plus<\/a><\/p><\/div>\n\t\t\t\t<\/div>\n\t\t\t\t\t\t\t\t<\/div>\n\t\t\t\t\t\t<\/div>\n\t\t\t\t<\/div>\n\t\t<div class=\"elementor-element elementor-element-a882a6c e-flex e-con-boxed elementor-invisible e-con e-child\" data-id=\"a882a6c\" data-element_type=\"container\" data-settings=\"{&quot;animation&quot;:&quot;fadeInUp&quot;}\">\n\t\t\t\t\t<div class=\"e-con-inner\">\n\t\t\t\t<div class=\"elementor-element elementor-element-30feee2 elementor-widget elementor-widget-heading\" data-id=\"30feee2\" data-element_type=\"widget\" data-widget_type=\"heading.default\">\n\t\t\t\t<div class=\"elementor-widget-container\">\n\t\t\t\t\t<h2 class=\"elementor-heading-title elementor-size-default\">Medi First Aid<\/h2>\t\t\t\t<\/div>\n\t\t\t\t<\/div>\n\t\t\t\t<div class=\"elementor-element elementor-element-b4ea32a elementor-widget elementor-widget-text-editor\" data-id=\"b4ea32a\" data-element_type=\"widget\" data-widget_type=\"text-editor.default\">\n\t\t\t\t<div class=\"elementor-widget-container\">\n\t\t\t\t\t\t\t\t\t<p>Chez Medi First Aid, nous nous engageons \u00e0 fournir des services de diagnostic et de traitement avanc\u00e9s et de haute qualit\u00e9 dans toute la Gr\u00e8ce. Avec des cliniques dans diff\u00e9rentes villes, nous r\u00e9pondons aux besoins de sant\u00e9 du public dans tout le pays.<\/p><p>Nos cliniques sont situ\u00e9es dans des centres dans des villes comme Ath\u00e8nes, Thessalonique, la Cr\u00e8te et d&rsquo;autres, offrant un acc\u00e8s imm\u00e9diat aux services de diagnostic et de soins m\u00e9dicaux dans tous les coins de la Gr\u00e8ce.<\/p><p>Chez Medi First Aid, nos patients peuvent b\u00e9n\u00e9ficier d&rsquo;une large gamme de services sp\u00e9cialis\u00e9s.<\/p><p>Nos m\u00e9decins sont comp\u00e9tents et exp\u00e9riment\u00e9s, offrant une approche individuelle et des soins de haute qualit\u00e9 \u00e0 chaque patient. En outre, la technologie de pointe que nous utilisons garantit des diagnostics pr\u00e9cis et des traitements efficaces.<\/p><p>Visitez l&rsquo;une de nos cliniques d\u00e8s aujourd&rsquo;hui et profitez de l&rsquo;expertise de Medi First Aid pour prendre soin de votre sant\u00e9!<\/p>\t\t\t\t\t\t\t\t<\/div>\n\t\t\t\t<\/div>\n\t\t\t\t\t<\/div>\n\t\t\t\t<\/div>\n\t\t\t\t<\/div>\n\t\t\t\t\t<\/div>\n\t\t\t\t<\/div>\n\t\t\t\t<\/div>\n\t\t","protected":false},"excerpt":{"rendered":"<p>Nous fournissons des services de soins de sant\u00e9 primaires dans plus de 20 h\u00f4tels et centres de vill\u00e9giature 5* dans toute la Gr\u00e8ce! Office central d&rsquo;Ath\u00e8nes Medi First Aid Aid AthensAviateur Papanastasiou 6Mobile:\u00a0+30 6938330678\u00a0\u2013 Coordinator NumberTel:\u00a0+30 2106740424 Lire plus Thessalonique Medi First Aid THESSALONIQUEMobile:\u00a0+30 6938330678\u00a0\u2013 Coordinator NumberTel:\u00a0+30 2106740424 Lire plus Pieria Medi First Aid PIERIA [&hellip;]<\/p>\n","protected":false},"author":1,"featured_media":0,"parent":0,"menu_order":0,"comment_status":"closed","ping_status":"closed","template":"","meta":{"footnotes":""},"class_list":["post-2686","page","type-page","status-publish","hentry"],"yoast_head":"<!-- This site is optimized with the Yoast SEO plugin v26.7 - https:\/\/yoast.com\/wordpress\/plugins\/seo\/ -->\n<title>Clinics - MediFirstAid<\/title>\n<meta name=\"robots\" content=\"index, follow, max-snippet:-1, max-image-preview:large, max-video-preview:-1\" \/>\n<link rel=\"canonical\" href=\"https:\/\/www.medifirstaid.gr\/fr\/clinics\/\" \/>\n<meta property=\"og:locale\" content=\"fr_FR\" \/>\n<meta property=\"og:type\" content=\"article\" \/>\n<meta property=\"og:title\" content=\"Clinics - MediFirstAid\" \/>\n<meta property=\"og:description\" content=\"Nous fournissons des services de soins de sant\u00e9 primaires dans plus de 20 h\u00f4tels et centres de vill\u00e9giature 5* dans toute la Gr\u00e8ce! Office central d&rsquo;Ath\u00e8nes Medi First Aid Aid AthensAviateur Papanastasiou 6Mobile:\u00a0+30 6938330678\u00a0\u2013 Coordinator NumberTel:\u00a0+30 2106740424 Lire plus Thessalonique Medi First Aid THESSALONIQUEMobile:\u00a0+30 6938330678\u00a0\u2013 Coordinator NumberTel:\u00a0+30 2106740424 Lire plus Pieria Medi First Aid PIERIA [&hellip;]\" \/>\n<meta property=\"og:url\" content=\"https:\/\/www.medifirstaid.gr\/fr\/clinics\/\" \/>\n<meta property=\"og:site_name\" content=\"MediFirstAid\" \/>\n<meta property=\"article:modified_time\" content=\"2024-10-23T14:04:12+00:00\" \/>\n<meta name=\"twitter:card\" content=\"summary_large_image\" \/>\n<meta name=\"twitter:label1\" content=\"Dur\u00e9e de lecture estim\u00e9e\" \/>\n\t<meta name=\"twitter:data1\" content=\"2 minutes\" \/>\n<script type=\"application\/ld+json\" class=\"yoast-schema-graph\">{\"@context\":\"https:\/\/schema.org\",\"@graph\":[{\"@type\":\"WebPage\",\"@id\":\"https:\/\/www.medifirstaid.gr\/fr\/clinics\/\",\"url\":\"https:\/\/www.medifirstaid.gr\/fr\/clinics\/\",\"name\":\"Clinics - MediFirstAid\",\"isPartOf\":{\"@id\":\"https:\/\/www.medifirstaid.gr\/#website\"},\"datePublished\":\"2024-04-09T06:17:49+00:00\",\"dateModified\":\"2024-10-23T14:04:12+00:00\",\"breadcrumb\":{\"@id\":\"https:\/\/www.medifirstaid.gr\/fr\/clinics\/#breadcrumb\"},\"inLanguage\":\"fr-FR\",\"potentialAction\":[{\"@type\":\"ReadAction\",\"target\":[\"https:\/\/www.medifirstaid.gr\/fr\/clinics\/\"]}]},{\"@type\":\"BreadcrumbList\",\"@id\":\"https:\/\/www.medifirstaid.gr\/fr\/clinics\/#breadcrumb\",\"itemListElement\":[{\"@type\":\"ListItem\",\"position\":1,\"name\":\"Home\",\"item\":\"https:\/\/www.medifirstaid.gr\/fr\/\"},{\"@type\":\"ListItem\",\"position\":2,\"name\":\"Clinics\"}]},{\"@type\":\"WebSite\",\"@id\":\"https:\/\/www.medifirstaid.gr\/#website\",\"url\":\"https:\/\/www.medifirstaid.gr\/\",\"name\":\"MediFirstAid\",\"description\":\"\",\"publisher\":{\"@id\":\"https:\/\/www.medifirstaid.gr\/#organization\"},\"potentialAction\":[{\"@type\":\"SearchAction\",\"target\":{\"@type\":\"EntryPoint\",\"urlTemplate\":\"https:\/\/www.medifirstaid.gr\/?s={search_term_string}\"},\"query-input\":{\"@type\":\"PropertyValueSpecification\",\"valueRequired\":true,\"valueName\":\"search_term_string\"}}],\"inLanguage\":\"fr-FR\"},{\"@type\":\"Organization\",\"@id\":\"https:\/\/www.medifirstaid.gr\/#organization\",\"name\":\"MediFirstAid\",\"url\":\"https:\/\/www.medifirstaid.gr\/\",\"logo\":{\"@type\":\"ImageObject\",\"inLanguage\":\"fr-FR\",\"@id\":\"https:\/\/www.medifirstaid.gr\/#\/schema\/logo\/image\/\",\"url\":\"https:\/\/www.medifirstaid.gr\/wp-content\/uploads\/2024\/04\/logo.png\",\"contentUrl\":\"https:\/\/www.medifirstaid.gr\/wp-content\/uploads\/2024\/04\/logo.png\",\"width\":382,\"height\":136,\"caption\":\"MediFirstAid\"},\"image\":{\"@id\":\"https:\/\/www.medifirstaid.gr\/#\/schema\/logo\/image\/\"}}]}<\/script>\n<!-- \/ Yoast SEO plugin. -->","yoast_head_json":{"title":"Clinics - MediFirstAid","robots":{"index":"index","follow":"follow","max-snippet":"max-snippet:-1","max-image-preview":"max-image-preview:large","max-video-preview":"max-video-preview:-1"},"canonical":"https:\/\/www.medifirstaid.gr\/fr\/clinics\/","og_locale":"fr_FR","og_type":"article","og_title":"Clinics - MediFirstAid","og_description":"Nous fournissons des services de soins de sant\u00e9 primaires dans plus de 20 h\u00f4tels et centres de vill\u00e9giature 5* dans toute la Gr\u00e8ce! Office central d&rsquo;Ath\u00e8nes Medi First Aid Aid AthensAviateur Papanastasiou 6Mobile:\u00a0+30 6938330678\u00a0\u2013 Coordinator NumberTel:\u00a0+30 2106740424 Lire plus Thessalonique Medi First Aid THESSALONIQUEMobile:\u00a0+30 6938330678\u00a0\u2013 Coordinator NumberTel:\u00a0+30 2106740424 Lire plus Pieria Medi First Aid PIERIA [&hellip;]","og_url":"https:\/\/www.medifirstaid.gr\/fr\/clinics\/","og_site_name":"MediFirstAid","article_modified_time":"2024-10-23T14:04:12+00:00","twitter_card":"summary_large_image","twitter_misc":{"Dur\u00e9e de lecture estim\u00e9e":"2 minutes"},"schema":{"@context":"https:\/\/schema.org","@graph":[{"@type":"WebPage","@id":"https:\/\/www.medifirstaid.gr\/fr\/clinics\/","url":"https:\/\/www.medifirstaid.gr\/fr\/clinics\/","name":"Clinics - MediFirstAid","isPartOf":{"@id":"https:\/\/www.medifirstaid.gr\/#website"},"datePublished":"2024-04-09T06:17:49+00:00","dateModified":"2024-10-23T14:04:12+00:00","breadcrumb":{"@id":"https:\/\/www.medifirstaid.gr\/fr\/clinics\/#breadcrumb"},"inLanguage":"fr-FR","potentialAction":[{"@type":"ReadAction","target":["https:\/\/www.medifirstaid.gr\/fr\/clinics\/"]}]},{"@type":"BreadcrumbList","@id":"https:\/\/www.medifirstaid.gr\/fr\/clinics\/#breadcrumb","itemListElement":[{"@type":"ListItem","position":1,"name":"Home","item":"https:\/\/www.medifirstaid.gr\/fr\/"},{"@type":"ListItem","position":2,"name":"Clinics"}]},{"@type":"WebSite","@id":"https:\/\/www.medifirstaid.gr\/#website","url":"https:\/\/www.medifirstaid.gr\/","name":"MediFirstAid","description":"","publisher":{"@id":"https:\/\/www.medifirstaid.gr\/#organization"},"potentialAction":[{"@type":"SearchAction","target":{"@type":"EntryPoint","urlTemplate":"https:\/\/www.medifirstaid.gr\/?s={search_term_string}"},"query-input":{"@type":"PropertyValueSpecification","valueRequired":true,"valueName":"search_term_string"}}],"inLanguage":"fr-FR"},{"@type":"Organization","@id":"https:\/\/www.medifirstaid.gr\/#organization","name":"MediFirstAid","url":"https:\/\/www.medifirstaid.gr\/","logo":{"@type":"ImageObject","inLanguage":"fr-FR","@id":"https:\/\/www.medifirstaid.gr\/#\/schema\/logo\/image\/","url":"https:\/\/www.medifirstaid.gr\/wp-content\/uploads\/2024\/04\/logo.png","contentUrl":"https:\/\/www.medifirstaid.gr\/wp-content\/uploads\/2024\/04\/logo.png","width":382,"height":136,"caption":"MediFirstAid"},"image":{"@id":"https:\/\/www.medifirstaid.gr\/#\/schema\/logo\/image\/"}}]}},"_links":{"self":[{"href":"https:\/\/www.medifirstaid.gr\/fr\/wp-json\/wp\/v2\/pages\/2686","targetHints":{"allow":["GET"]}}],"collection":[{"href":"https:\/\/www.medifirstaid.gr\/fr\/wp-json\/wp\/v2\/pages"}],"about":[{"href":"https:\/\/www.medifirstaid.gr\/fr\/wp-json\/wp\/v2\/types\/page"}],"author":[{"embeddable":true,"href":"https:\/\/www.medifirstaid.gr\/fr\/wp-json\/wp\/v2\/users\/1"}],"replies":[{"embeddable":true,"href":"https:\/\/www.medifirstaid.gr\/fr\/wp-json\/wp\/v2\/comments?post=2686"}],"version-history":[{"count":37,"href":"https:\/\/www.medifirstaid.gr\/fr\/wp-json\/wp\/v2\/pages\/2686\/revisions"}],"predecessor-version":[{"id":6452,"href":"https:\/\/www.medifirstaid.gr\/fr\/wp-json\/wp\/v2\/pages\/2686\/revisions\/6452"}],"wp:attachment":[{"href":"https:\/\/www.medifirstaid.gr\/fr\/wp-json\/wp\/v2\/media?parent=2686"}],"curies":[{"name":"wp","href":"https:\/\/api.w.org\/{rel}","templated":true}]}}