{"id":2650,"date":"2024-04-09T09:08:28","date_gmt":"2024-04-09T06:08:28","guid":{"rendered":"https:\/\/www.medifirstaid.gr\/company\/"},"modified":"2024-07-15T17:48:02","modified_gmt":"2024-07-15T14:48:02","slug":"etaireia","status":"publish","type":"page","link":"https:\/\/www.medifirstaid.gr\/fr\/etaireia\/","title":{"rendered":"Entreprise"},"content":{"rendered":"\t\t<div data-elementor-type=\"wp-page\" data-elementor-id=\"2650\" class=\"elementor elementor-2650 elementor-94\" data-elementor-post-type=\"page\">\n\t\t\t\t<div class=\"elementor-element elementor-element-7a9c5c5 e-flex e-con-boxed e-con e-parent\" data-id=\"7a9c5c5\" data-element_type=\"container\">\n\t\t\t\t\t<div class=\"e-con-inner\">\n\t\t\t\t<div class=\"elementor-element elementor-element-43a44f2 elementor-widget elementor-widget-spacer\" data-id=\"43a44f2\" data-element_type=\"widget\" data-widget_type=\"spacer.default\">\n\t\t\t\t<div class=\"elementor-widget-container\">\n\t\t\t\t\t\t\t<div class=\"elementor-spacer\">\n\t\t\t<div class=\"elementor-spacer-inner\"><\/div>\n\t\t<\/div>\n\t\t\t\t\t\t<\/div>\n\t\t\t\t<\/div>\n\t\t\t\t<div class=\"elementor-element elementor-element-3ebcd9b elementor-invisible elementor-widget elementor-widget-heading\" data-id=\"3ebcd9b\" data-element_type=\"widget\" data-settings=\"{&quot;_animation&quot;:&quot;fadeInUp&quot;}\" data-widget_type=\"heading.default\">\n\t\t\t\t<div class=\"elementor-widget-container\">\n\t\t\t\t\t<span class=\"elementor-heading-title elementor-size-default\">Parce que la sant\u00e9 passe avant tout...<\/span>\t\t\t\t<\/div>\n\t\t\t\t<\/div>\n\t\t\t\t<div class=\"elementor-element elementor-element-c8ae2f9 elementor-invisible elementor-widget elementor-widget-heading\" data-id=\"c8ae2f9\" data-element_type=\"widget\" data-settings=\"{&quot;_animation&quot;:&quot;fadeInUp&quot;}\" data-widget_type=\"heading.default\">\n\t\t\t\t<div class=\"elementor-widget-container\">\n\t\t\t\t\t<h2 class=\"elementor-heading-title elementor-size-default\">Notre objectif est de rendre l'acc\u00e8s aux soins de sant\u00e9 facile, rapide et abordable pour tous.<\/h2>\t\t\t\t<\/div>\n\t\t\t\t<\/div>\n\t\t\t\t<div class=\"elementor-element elementor-element-1ab6604 elementor-invisible elementor-widget elementor-widget-text-editor\" data-id=\"1ab6604\" data-element_type=\"widget\" data-settings=\"{&quot;_animation&quot;:&quot;fadeInUp&quot;}\" data-widget_type=\"text-editor.default\">\n\t\t\t\t<div class=\"elementor-widget-container\">\n\t\t\t\t\t\t\t\t\t<p>Medi First Aid est un centre de diagnostic m\u00e9dical moderne et innovant qui vise \u00e0 offrir une solution compl\u00e8te aux besoins de sant\u00e9 de chaque famille, de chaque personne assur\u00e9e ou non assur\u00e9e, quel que soit son \u00e2ge.<\/p>\t\t\t\t\t\t\t\t<\/div>\n\t\t\t\t<\/div>\n\t\t\t\t<div class=\"elementor-element elementor-element-fa3a91e elementor-invisible elementor-widget elementor-widget-text-editor\" data-id=\"fa3a91e\" data-element_type=\"widget\" data-settings=\"{&quot;_animation&quot;:&quot;fadeInUp&quot;}\" data-widget_type=\"text-editor.default\">\n\t\t\t\t<div class=\"elementor-widget-container\">\n\t\t\t\t\t\t\t\t\t<p>Notre objectif est que l&rsquo;acc\u00e8s au bien de la sant\u00e9 soit facile, rapide et \u00e9conomiquement abordable pour tous.<\/p><p>Une \u00e9quipe de personnes avec une vision, de l&rsquo;amour pour leurs semblables et de nombreuses ann\u00e9es d&rsquo;exp\u00e9rience dans le domaine de la sant\u00e9 a cr\u00e9\u00e9 Medi First Aid.<\/p><p>Connaissant les probl\u00e8mes actuels du syst\u00e8me de sant\u00e9 ainsi que les besoins r\u00e9els de nos concitoyens, nous avons imagin\u00e9 la solution que chaque patient souhaiterait.<\/p><p>Notre principal objectif est la pr\u00e9vention.<\/p><p>Une pr\u00e9vention qui est atteinte gr\u00e2ce \u00e0 un diagnostic correct, des examens n\u00e9cessaires et un traitement fiable, de la part de nos m\u00e9decins.<\/p><p>Nous mettons l&rsquo;accent sur la haute qualit\u00e9 des services m\u00e9dicaux fournis, sur le choix d&rsquo;un personnel m\u00e9dical exp\u00e9riment\u00e9 et sur l&rsquo;\u00e9quipement avec des machines m\u00e9dicales modernes. Notre priorit\u00e9 est le respect de l&rsquo;\u00eatre humain.<\/p><p>Notre personnel est \u00e0 votre disposition pour vous aider \u00e0 trouver une solution \u00e0 chaque probl\u00e8me de sant\u00e9 qui vous pr\u00e9occupe.<\/p><p>Medi First Aid est un centre complet de soins de sant\u00e9 primaires.<\/p><p>Il dispose de nombreuses sp\u00e9cialit\u00e9s m\u00e9dicales et a la capacit\u00e9 d&rsquo;effectuer des examens diagnostiques, ainsi que des actes chirurgicaux.<\/p><p>Vous avez la possibilit\u00e9 de consulter, sur rendez-vous ou en urgence, tout m\u00e9decin sp\u00e9cialiste de notre centre que vous souhaitez.<\/p>\t\t\t\t\t\t\t\t<\/div>\n\t\t\t\t<\/div>\n\t\t\t\t\t<\/div>\n\t\t\t\t<\/div>\n\t\t\t\t<\/div>\n\t\t","protected":false},"excerpt":{"rendered":"<p>Parce que la sant\u00e9 passe avant tout&#8230; Notre objectif est de rendre l&rsquo;acc\u00e8s aux soins de sant\u00e9 facile, rapide et abordable pour tous. Medi First Aid est un centre de diagnostic m\u00e9dical moderne et innovant qui vise \u00e0 offrir une solution compl\u00e8te aux besoins de sant\u00e9 de chaque famille, de chaque personne assur\u00e9e ou non [&hellip;]<\/p>\n","protected":false},"author":1,"featured_media":0,"parent":0,"menu_order":0,"comment_status":"closed","ping_status":"closed","template":"","meta":{"footnotes":""},"class_list":["post-2650","page","type-page","status-publish","hentry"],"yoast_head":"<!-- This site is optimized with the Yoast SEO plugin v26.7 - https:\/\/yoast.com\/wordpress\/plugins\/seo\/ -->\n<title>Entreprise - MediFirstAid<\/title>\n<meta name=\"robots\" content=\"index, follow, max-snippet:-1, max-image-preview:large, max-video-preview:-1\" \/>\n<link rel=\"canonical\" href=\"https:\/\/www.medifirstaid.gr\/fr\/etaireia\/\" \/>\n<meta property=\"og:locale\" content=\"fr_FR\" \/>\n<meta property=\"og:type\" content=\"article\" \/>\n<meta property=\"og:title\" content=\"Entreprise - MediFirstAid\" \/>\n<meta property=\"og:description\" content=\"Parce que la sant\u00e9 passe avant tout&#8230; Notre objectif est de rendre l&rsquo;acc\u00e8s aux soins de sant\u00e9 facile, rapide et abordable pour tous. Medi First Aid est un centre de diagnostic m\u00e9dical moderne et innovant qui vise \u00e0 offrir une solution compl\u00e8te aux besoins de sant\u00e9 de chaque famille, de chaque personne assur\u00e9e ou non [&hellip;]\" \/>\n<meta property=\"og:url\" content=\"https:\/\/www.medifirstaid.gr\/fr\/etaireia\/\" \/>\n<meta property=\"og:site_name\" content=\"MediFirstAid\" \/>\n<meta property=\"article:modified_time\" content=\"2024-07-15T14:48:02+00:00\" \/>\n<meta name=\"twitter:card\" content=\"summary_large_image\" \/>\n<meta name=\"twitter:label1\" content=\"Dur\u00e9e de lecture estim\u00e9e\" \/>\n\t<meta name=\"twitter:data1\" content=\"2 minutes\" \/>\n<script type=\"application\/ld+json\" class=\"yoast-schema-graph\">{\"@context\":\"https:\/\/schema.org\",\"@graph\":[{\"@type\":\"WebPage\",\"@id\":\"https:\/\/www.medifirstaid.gr\/fr\/etaireia\/\",\"url\":\"https:\/\/www.medifirstaid.gr\/fr\/etaireia\/\",\"name\":\"Entreprise - MediFirstAid\",\"isPartOf\":{\"@id\":\"https:\/\/www.medifirstaid.gr\/#website\"},\"datePublished\":\"2024-04-09T06:08:28+00:00\",\"dateModified\":\"2024-07-15T14:48:02+00:00\",\"breadcrumb\":{\"@id\":\"https:\/\/www.medifirstaid.gr\/fr\/etaireia\/#breadcrumb\"},\"inLanguage\":\"fr-FR\",\"potentialAction\":[{\"@type\":\"ReadAction\",\"target\":[\"https:\/\/www.medifirstaid.gr\/fr\/etaireia\/\"]}]},{\"@type\":\"BreadcrumbList\",\"@id\":\"https:\/\/www.medifirstaid.gr\/fr\/etaireia\/#breadcrumb\",\"itemListElement\":[{\"@type\":\"ListItem\",\"position\":1,\"name\":\"Home\",\"item\":\"https:\/\/www.medifirstaid.gr\/fr\/\"},{\"@type\":\"ListItem\",\"position\":2,\"name\":\"Entreprise\"}]},{\"@type\":\"WebSite\",\"@id\":\"https:\/\/www.medifirstaid.gr\/#website\",\"url\":\"https:\/\/www.medifirstaid.gr\/\",\"name\":\"MediFirstAid\",\"description\":\"\",\"publisher\":{\"@id\":\"https:\/\/www.medifirstaid.gr\/#organization\"},\"potentialAction\":[{\"@type\":\"SearchAction\",\"target\":{\"@type\":\"EntryPoint\",\"urlTemplate\":\"https:\/\/www.medifirstaid.gr\/?s={search_term_string}\"},\"query-input\":{\"@type\":\"PropertyValueSpecification\",\"valueRequired\":true,\"valueName\":\"search_term_string\"}}],\"inLanguage\":\"fr-FR\"},{\"@type\":\"Organization\",\"@id\":\"https:\/\/www.medifirstaid.gr\/#organization\",\"name\":\"MediFirstAid\",\"url\":\"https:\/\/www.medifirstaid.gr\/\",\"logo\":{\"@type\":\"ImageObject\",\"inLanguage\":\"fr-FR\",\"@id\":\"https:\/\/www.medifirstaid.gr\/#\/schema\/logo\/image\/\",\"url\":\"https:\/\/www.medifirstaid.gr\/wp-content\/uploads\/2024\/04\/logo.png\",\"contentUrl\":\"https:\/\/www.medifirstaid.gr\/wp-content\/uploads\/2024\/04\/logo.png\",\"width\":382,\"height\":136,\"caption\":\"MediFirstAid\"},\"image\":{\"@id\":\"https:\/\/www.medifirstaid.gr\/#\/schema\/logo\/image\/\"}}]}<\/script>\n<!-- \/ Yoast SEO plugin. -->","yoast_head_json":{"title":"Entreprise - MediFirstAid","robots":{"index":"index","follow":"follow","max-snippet":"max-snippet:-1","max-image-preview":"max-image-preview:large","max-video-preview":"max-video-preview:-1"},"canonical":"https:\/\/www.medifirstaid.gr\/fr\/etaireia\/","og_locale":"fr_FR","og_type":"article","og_title":"Entreprise - MediFirstAid","og_description":"Parce que la sant\u00e9 passe avant tout&#8230; Notre objectif est de rendre l&rsquo;acc\u00e8s aux soins de sant\u00e9 facile, rapide et abordable pour tous. Medi First Aid est un centre de diagnostic m\u00e9dical moderne et innovant qui vise \u00e0 offrir une solution compl\u00e8te aux besoins de sant\u00e9 de chaque famille, de chaque personne assur\u00e9e ou non [&hellip;]","og_url":"https:\/\/www.medifirstaid.gr\/fr\/etaireia\/","og_site_name":"MediFirstAid","article_modified_time":"2024-07-15T14:48:02+00:00","twitter_card":"summary_large_image","twitter_misc":{"Dur\u00e9e de lecture estim\u00e9e":"2 minutes"},"schema":{"@context":"https:\/\/schema.org","@graph":[{"@type":"WebPage","@id":"https:\/\/www.medifirstaid.gr\/fr\/etaireia\/","url":"https:\/\/www.medifirstaid.gr\/fr\/etaireia\/","name":"Entreprise - MediFirstAid","isPartOf":{"@id":"https:\/\/www.medifirstaid.gr\/#website"},"datePublished":"2024-04-09T06:08:28+00:00","dateModified":"2024-07-15T14:48:02+00:00","breadcrumb":{"@id":"https:\/\/www.medifirstaid.gr\/fr\/etaireia\/#breadcrumb"},"inLanguage":"fr-FR","potentialAction":[{"@type":"ReadAction","target":["https:\/\/www.medifirstaid.gr\/fr\/etaireia\/"]}]},{"@type":"BreadcrumbList","@id":"https:\/\/www.medifirstaid.gr\/fr\/etaireia\/#breadcrumb","itemListElement":[{"@type":"ListItem","position":1,"name":"Home","item":"https:\/\/www.medifirstaid.gr\/fr\/"},{"@type":"ListItem","position":2,"name":"Entreprise"}]},{"@type":"WebSite","@id":"https:\/\/www.medifirstaid.gr\/#website","url":"https:\/\/www.medifirstaid.gr\/","name":"MediFirstAid","description":"","publisher":{"@id":"https:\/\/www.medifirstaid.gr\/#organization"},"potentialAction":[{"@type":"SearchAction","target":{"@type":"EntryPoint","urlTemplate":"https:\/\/www.medifirstaid.gr\/?s={search_term_string}"},"query-input":{"@type":"PropertyValueSpecification","valueRequired":true,"valueName":"search_term_string"}}],"inLanguage":"fr-FR"},{"@type":"Organization","@id":"https:\/\/www.medifirstaid.gr\/#organization","name":"MediFirstAid","url":"https:\/\/www.medifirstaid.gr\/","logo":{"@type":"ImageObject","inLanguage":"fr-FR","@id":"https:\/\/www.medifirstaid.gr\/#\/schema\/logo\/image\/","url":"https:\/\/www.medifirstaid.gr\/wp-content\/uploads\/2024\/04\/logo.png","contentUrl":"https:\/\/www.medifirstaid.gr\/wp-content\/uploads\/2024\/04\/logo.png","width":382,"height":136,"caption":"MediFirstAid"},"image":{"@id":"https:\/\/www.medifirstaid.gr\/#\/schema\/logo\/image\/"}}]}},"_links":{"self":[{"href":"https:\/\/www.medifirstaid.gr\/fr\/wp-json\/wp\/v2\/pages\/2650","targetHints":{"allow":["GET"]}}],"collection":[{"href":"https:\/\/www.medifirstaid.gr\/fr\/wp-json\/wp\/v2\/pages"}],"about":[{"href":"https:\/\/www.medifirstaid.gr\/fr\/wp-json\/wp\/v2\/types\/page"}],"author":[{"embeddable":true,"href":"https:\/\/www.medifirstaid.gr\/fr\/wp-json\/wp\/v2\/users\/1"}],"replies":[{"embeddable":true,"href":"https:\/\/www.medifirstaid.gr\/fr\/wp-json\/wp\/v2\/comments?post=2650"}],"version-history":[{"count":17,"href":"https:\/\/www.medifirstaid.gr\/fr\/wp-json\/wp\/v2\/pages\/2650\/revisions"}],"predecessor-version":[{"id":5524,"href":"https:\/\/www.medifirstaid.gr\/fr\/wp-json\/wp\/v2\/pages\/2650\/revisions\/5524"}],"wp:attachment":[{"href":"https:\/\/www.medifirstaid.gr\/fr\/wp-json\/wp\/v2\/media?parent=2650"}],"curies":[{"name":"wp","href":"https:\/\/api.w.org\/{rel}","templated":true}]}}