{"id":2632,"date":"2024-04-12T09:33:47","date_gmt":"2024-04-12T06:33:47","guid":{"rendered":"https:\/\/www.medifirstaid.gr\/contact\/"},"modified":"2025-04-07T16:15:12","modified_gmt":"2025-04-07T13:15:12","slug":"contact","status":"publish","type":"page","link":"https:\/\/www.medifirstaid.gr\/fr\/contact\/","title":{"rendered":"Contact"},"content":{"rendered":"\t\t<div data-elementor-type=\"wp-page\" data-elementor-id=\"2632\" class=\"elementor elementor-2632 elementor-887\" data-elementor-post-type=\"page\">\n\t\t\t\t<div class=\"elementor-element elementor-element-6f7d2227 e-flex e-con-boxed e-con e-parent\" data-id=\"6f7d2227\" data-element_type=\"container\">\n\t\t\t\t\t<div class=\"e-con-inner\">\n\t\t<div class=\"elementor-element elementor-element-d9ba655 e-flex e-con-boxed elementor-invisible e-con e-child\" data-id=\"d9ba655\" data-element_type=\"container\" data-settings=\"{&quot;animation&quot;:&quot;fadeInUp&quot;}\">\n\t\t\t\t\t<div class=\"e-con-inner\">\n\t\t\t\t<div class=\"elementor-element elementor-element-9b41599 elementor-widget elementor-widget-heading\" data-id=\"9b41599\" data-element_type=\"widget\" data-widget_type=\"heading.default\">\n\t\t\t\t<div class=\"elementor-widget-container\">\n\t\t\t\t\t<h2 class=\"elementor-heading-title elementor-size-default\">Contactez nous<\/h2>\t\t\t\t<\/div>\n\t\t\t\t<\/div>\n\t\t\t\t<div class=\"elementor-element elementor-element-894d7ff elementor-widget elementor-widget-text-editor\" data-id=\"894d7ff\" data-element_type=\"widget\" data-widget_type=\"text-editor.default\">\n\t\t\t\t<div class=\"elementor-widget-container\">\n\t\t\t\t\t\t\t\t\t<p>Nous coop\u00e9rons avec des m\u00e9decins de nombreuses sp\u00e9cialit\u00e9s (m\u00e9decins militaires, centres de diagnostic, h\u00f4pitaux priv\u00e9s et compagnies d&rsquo;assurance).<\/p>\t\t\t\t\t\t\t\t<\/div>\n\t\t\t\t<\/div>\n\t\t<div class=\"elementor-element elementor-element-f25c61a e-grid e-con-boxed e-con e-child\" data-id=\"f25c61a\" data-element_type=\"container\">\n\t\t\t\t\t<div class=\"e-con-inner\">\n\t\t<div class=\"elementor-element elementor-element-aa946be e-con-full e-flex e-con e-child\" data-id=\"aa946be\" data-element_type=\"container\">\n\t\t\t\t<div class=\"elementor-element elementor-element-013ac0b elementor-view-framed elementor-shape-circle elementor-widget elementor-widget-icon\" data-id=\"013ac0b\" data-element_type=\"widget\" data-widget_type=\"icon.default\">\n\t\t\t\t<div class=\"elementor-widget-container\">\n\t\t\t\t\t\t\t<div class=\"elementor-icon-wrapper\">\n\t\t\t<div class=\"elementor-icon\">\n\t\t\t<svg xmlns=\"http:\/\/www.w3.org\/2000\/svg\" fill=\"currentColor\" width=\"25\" height=\"26\" viewBox=\"0 0 25 26\"><path d=\"M15.121 5.06948C14.5411 4.96235 14.0085 5.33243 13.8981 5.89849C13.7877 6.46456 14.1589 7.01723 14.7231 7.12801C16.4215 7.45913 17.733 8.77386 18.0654 10.4781C18.16 10.9687 18.5919 11.3266 19.0893 11.3266C19.1561 11.3266 19.2228 11.3206 19.2907 11.3084C19.8549 11.1952 20.2261 10.6437 20.1157 10.0764C19.6195 7.53095 17.6602 5.56494 15.121 5.06948Z\"><\/path><path d=\"M15.0453 0.827775C14.7736 0.78882 14.5006 0.869165 14.2834 1.04203C14.0602 1.21733 13.9207 1.47053 13.8904 1.75418C13.8261 2.32755 14.2398 2.84613 14.8124 2.91065C18.7613 3.35133 21.8307 6.42757 22.2747 10.3888C22.3342 10.9196 22.7794 11.3201 23.3108 11.3201C23.3508 11.3201 23.3896 11.3176 23.4297 11.3128C23.7075 11.2823 23.955 11.1448 24.1297 10.9257C24.3032 10.7065 24.382 10.4339 24.3505 10.1551C23.7973 5.21265 19.9721 1.3768 15.0453 0.827775Z\"><\/path><path fill-rule=\"evenodd\" clip-rule=\"evenodd\" d=\"M10.9955 14.1846C15.8549 19.0426 16.9573 13.4224 20.0513 16.5142C23.0342 19.4963 24.7486 20.0937 20.9693 23.8719C20.4959 24.2524 17.4882 28.8294 6.91804 18.2622C-3.65344 7.69361 0.920913 4.68281 1.30145 4.20955C5.08987 0.42088 5.67703 2.14526 8.65991 5.1273C11.7539 8.22047 6.13604 9.32648 10.9955 14.1846Z\"><\/path><\/svg>\t\t\t<\/div>\n\t\t<\/div>\n\t\t\t\t\t\t<\/div>\n\t\t\t\t<\/div>\n\t\t\t\t<div class=\"elementor-element elementor-element-11cb8b7 elementor-list-item-link-inline elementor-mobile-align-center elementor-icon-list--layout-traditional elementor-widget elementor-widget-icon-list\" data-id=\"11cb8b7\" data-element_type=\"widget\" data-widget_type=\"icon-list.default\">\n\t\t\t\t<div class=\"elementor-widget-container\">\n\t\t\t\t\t\t\t<ul class=\"elementor-icon-list-items\">\n\t\t\t\t\t\t\t<li class=\"elementor-icon-list-item\">\n\t\t\t\t\t\t\t\t\t\t\t<a href=\"tel:+306938330678\">\n\n\t\t\t\t\t\t\t\t\t\t\t<span class=\"elementor-icon-list-text\">(+30) 693 833 0678<\/span>\n\t\t\t\t\t\t\t\t\t\t\t<\/a>\n\t\t\t\t\t\t\t\t\t<\/li>\n\t\t\t\t\t\t\t\t<li class=\"elementor-icon-list-item\">\n\t\t\t\t\t\t\t\t\t\t\t<a href=\"tel:+302106740424\">\n\n\t\t\t\t\t\t\t\t\t\t\t<span class=\"elementor-icon-list-text\">(+30) 210 6740424<\/span>\n\t\t\t\t\t\t\t\t\t\t\t<\/a>\n\t\t\t\t\t\t\t\t\t<\/li>\n\t\t\t\t\t\t<\/ul>\n\t\t\t\t\t\t<\/div>\n\t\t\t\t<\/div>\n\t\t<div class=\"elementor-element elementor-element-a7ad0f6 e-flex e-con-boxed e-con e-child\" data-id=\"a7ad0f6\" data-element_type=\"container\">\n\t\t\t\t\t<div class=\"e-con-inner\">\n\t\t\t\t<div class=\"elementor-element elementor-element-4b9f47f elementor-widget__width-auto elementor-widget elementor-widget-image\" data-id=\"4b9f47f\" data-element_type=\"widget\" data-widget_type=\"image.default\">\n\t\t\t\t<div class=\"elementor-widget-container\">\n\t\t\t\t\t\t\t\t\t\t\t\t\t\t\t\t<a href=\"https:\/\/wa.me\/306938330678\">\n\t\t\t\t\t\t\t<img decoding=\"async\" src=\"https:\/\/www.medifirstaid.gr\/wp-content\/uploads\/2024\/04\/Frame-193.svg\" class=\"attachment-full size-full wp-image-930\" alt=\"\" \/>\t\t\t\t\t\t\t\t<\/a>\n\t\t\t\t\t\t\t\t\t\t\t\t\t\t\t<\/div>\n\t\t\t\t<\/div>\n\t\t\t\t<div class=\"elementor-element elementor-element-1d92e5e elementor-widget__width-auto elementor-widget elementor-widget-image\" data-id=\"1d92e5e\" data-element_type=\"widget\" data-widget_type=\"image.default\">\n\t\t\t\t<div class=\"elementor-widget-container\">\n\t\t\t\t\t\t\t\t\t\t\t\t\t\t\t\t<a href=\"viber:\/\/chat?number=%2B306938330678\">\n\t\t\t\t\t\t\t<img decoding=\"async\" src=\"https:\/\/www.medifirstaid.gr\/wp-content\/uploads\/2024\/04\/layer1.svg\" class=\"attachment-full size-full wp-image-938\" alt=\"\" \/>\t\t\t\t\t\t\t\t<\/a>\n\t\t\t\t\t\t\t\t\t\t\t\t\t\t\t<\/div>\n\t\t\t\t<\/div>\n\t\t\t\t\t<\/div>\n\t\t\t\t<\/div>\n\t\t\t\t<\/div>\n\t\t<div class=\"elementor-element elementor-element-659d106 e-con-full e-flex e-con e-child\" data-id=\"659d106\" data-element_type=\"container\">\n\t\t\t\t<div class=\"elementor-element elementor-element-ee8d4f2 elementor-view-framed elementor-shape-circle elementor-widget elementor-widget-icon\" data-id=\"ee8d4f2\" data-element_type=\"widget\" data-widget_type=\"icon.default\">\n\t\t\t\t<div class=\"elementor-widget-container\">\n\t\t\t\t\t\t\t<div class=\"elementor-icon-wrapper\">\n\t\t\t<div class=\"elementor-icon\">\n\t\t\t<svg xmlns=\"http:\/\/www.w3.org\/2000\/svg\" width=\"27\" height=\"25\" viewBox=\"0 0 27 25\" fill=\"none\"><path d=\"M20.6905 8.66418L15.2778 13.0655C14.2551 13.8768 12.8163 13.8768 11.7936 13.0655L6.33521 8.66418\" stroke=\"white\" stroke-width=\"2.43636\" stroke-linecap=\"round\" stroke-linejoin=\"round\"><\/path><path fill-rule=\"evenodd\" clip-rule=\"evenodd\" d=\"M19.4799 23.4636C23.1848 23.4739 25.6818 20.4298 25.6818 16.6886V8.32167C25.6818 4.5804 23.1848 1.53638 19.4799 1.53638H7.52012C3.8152 1.53638 1.31819 4.5804 1.31819 8.32167V16.6886C1.31819 20.4298 3.8152 23.4739 7.52012 23.4636H19.4799Z\" stroke=\"white\" stroke-width=\"2.43636\" stroke-linecap=\"round\" stroke-linejoin=\"round\"><\/path><\/svg>\t\t\t<\/div>\n\t\t<\/div>\n\t\t\t\t\t\t<\/div>\n\t\t\t\t<\/div>\n\t\t\t\t<div class=\"elementor-element elementor-element-d0ad92b elementor-list-item-link-inline elementor-mobile-align-center elementor-icon-list--layout-traditional elementor-widget elementor-widget-icon-list\" data-id=\"d0ad92b\" data-element_type=\"widget\" data-widget_type=\"icon-list.default\">\n\t\t\t\t<div class=\"elementor-widget-container\">\n\t\t\t\t\t\t\t<ul class=\"elementor-icon-list-items\">\n\t\t\t\t\t\t\t<li class=\"elementor-icon-list-item\">\n\t\t\t\t\t\t\t\t\t\t\t<a href=\"mailto:info@medifirstaid.gr\">\n\n\t\t\t\t\t\t\t\t\t\t\t<span class=\"elementor-icon-list-text\">info@medifirstaid.gr<\/span>\n\t\t\t\t\t\t\t\t\t\t\t<\/a>\n\t\t\t\t\t\t\t\t\t<\/li>\n\t\t\t\t\t\t<\/ul>\n\t\t\t\t\t\t<\/div>\n\t\t\t\t<\/div>\n\t\t\t\t<div class=\"elementor-element elementor-element-842e2ba elementor-widget elementor-widget-text-editor\" data-id=\"842e2ba\" data-element_type=\"widget\" data-widget_type=\"text-editor.default\">\n\t\t\t\t<div class=\"elementor-widget-container\">\n\t\t\t\t\t\t\t\t\t<p><a href=\"#contact-form\">Formulaire de contact<\/a><\/p>\t\t\t\t\t\t\t\t<\/div>\n\t\t\t\t<\/div>\n\t\t\t\t<\/div>\n\t\t<div class=\"elementor-element elementor-element-f042119 e-con-full e-flex e-con e-child\" data-id=\"f042119\" data-element_type=\"container\">\n\t\t\t\t<div class=\"elementor-element elementor-element-33e0122 elementor-view-framed elementor-shape-circle elementor-widget elementor-widget-icon\" data-id=\"33e0122\" data-element_type=\"widget\" data-widget_type=\"icon.default\">\n\t\t\t\t<div class=\"elementor-widget-container\">\n\t\t\t\t\t\t\t<div class=\"elementor-icon-wrapper\">\n\t\t\t<div class=\"elementor-icon\">\n\t\t\t<svg xmlns=\"http:\/\/www.w3.org\/2000\/svg\" width=\"25\" height=\"27\" viewBox=\"0 0 25 27\" fill=\"none\"><path d=\"M1.64924 10.338H23.3621\" stroke=\"white\" stroke-width=\"2.43636\" stroke-linecap=\"round\" stroke-linejoin=\"round\"><\/path><path d=\"M17.9113 15.0955H17.9227\" stroke=\"white\" stroke-width=\"2.43636\" stroke-linecap=\"round\" stroke-linejoin=\"round\"><\/path><path d=\"M12.5056 15.0955H12.5171\" stroke=\"white\" stroke-width=\"2.43636\" stroke-linecap=\"round\" stroke-linejoin=\"round\"><\/path><path d=\"M7.08873 15.0955H7.10018\" stroke=\"white\" stroke-width=\"2.43636\" stroke-linecap=\"round\" stroke-linejoin=\"round\"><\/path><path d=\"M17.9113 19.8298H17.9227\" stroke=\"white\" stroke-width=\"2.43636\" stroke-linecap=\"round\" stroke-linejoin=\"round\"><\/path><path d=\"M12.5056 19.8298H12.5171\" stroke=\"white\" stroke-width=\"2.43636\" stroke-linecap=\"round\" stroke-linejoin=\"round\"><\/path><path d=\"M7.08873 19.8298H7.10018\" stroke=\"white\" stroke-width=\"2.43636\" stroke-linecap=\"round\" stroke-linejoin=\"round\"><\/path><path d=\"M17.426 1.31824V5.32701\" stroke=\"white\" stroke-width=\"2.43636\" stroke-linecap=\"round\" stroke-linejoin=\"round\"><\/path><path d=\"M7.58528 1.31824V5.32701\" stroke=\"white\" stroke-width=\"2.43636\" stroke-linecap=\"round\" stroke-linejoin=\"round\"><\/path><path fill-rule=\"evenodd\" clip-rule=\"evenodd\" d=\"M17.663 3.24194H7.34829C3.77086 3.24194 1.53638 5.23481 1.53638 8.89799V19.9221C1.53638 23.6429 3.77086 25.6818 7.34829 25.6818H17.6517C21.2404 25.6818 23.4637 23.6774 23.4637 20.0143V8.89799C23.4749 5.23481 21.2517 3.24194 17.663 3.24194Z\" stroke=\"white\" stroke-width=\"2.43636\" stroke-linecap=\"round\" stroke-linejoin=\"round\"><\/path><\/svg>\t\t\t<\/div>\n\t\t<\/div>\n\t\t\t\t\t\t<\/div>\n\t\t\t\t<\/div>\n\t\t\t\t<div class=\"elementor-element elementor-element-027cab8 elementor-mobile-align-center elementor-icon-list--layout-traditional elementor-list-item-link-full_width elementor-widget elementor-widget-icon-list\" data-id=\"027cab8\" data-element_type=\"widget\" data-widget_type=\"icon-list.default\">\n\t\t\t\t<div class=\"elementor-widget-container\">\n\t\t\t\t\t\t\t<ul class=\"elementor-icon-list-items\">\n\t\t\t\t\t\t\t<li class=\"elementor-icon-list-item\">\n\t\t\t\t\t\t\t\t\t\t<span class=\"elementor-icon-list-text\">Deuxi\u00e8me - Vendredi\u2028 <br><b>10:00 \u2013 21:00<\/b><\/span>\n\t\t\t\t\t\t\t\t\t<\/li>\n\t\t\t\t\t\t\t\t<li class=\"elementor-icon-list-item\">\n\t\t\t\t\t\t\t\t\t\t<span class=\"elementor-icon-list-text\">Samedi:\u2028 <br><b>10:00 \u2013 14:00<\/b><\/span>\n\t\t\t\t\t\t\t\t\t<\/li>\n\t\t\t\t\t\t<\/ul>\n\t\t\t\t\t\t<\/div>\n\t\t\t\t<\/div>\n\t\t\t\t<\/div>\n\t\t<div class=\"elementor-element elementor-element-00db666 e-con-full e-flex e-con e-child\" data-id=\"00db666\" data-element_type=\"container\">\n\t\t\t\t<div class=\"elementor-element elementor-element-170b822 elementor-view-framed elementor-shape-circle elementor-widget elementor-widget-icon\" data-id=\"170b822\" data-element_type=\"widget\" data-widget_type=\"icon.default\">\n\t\t\t\t<div class=\"elementor-widget-container\">\n\t\t\t\t\t\t\t<div class=\"elementor-icon-wrapper\">\n\t\t\t<div class=\"elementor-icon\">\n\t\t\t<svg xmlns=\"http:\/\/www.w3.org\/2000\/svg\" width=\"25\" height=\"33\" viewBox=\"0 0 25 33\" fill=\"none\"><path d=\"M12.5133 32.3364L3.71387 19.9553C2.27356 18.2609 1.34603 16.1936 1.03929 13.9943C0.73255 11.795 1.05924 9.55407 1.9813 7.53258C2.90336 5.51109 4.38284 3.79222 6.24745 2.57614C8.11206 1.36006 10.285 0.696834 12.5133 0.663696C15.6022 0.69411 18.553 1.94298 20.7196 4.13678C22.8861 6.33057 24.0918 9.29048 24.0726 12.3682C24.0737 15.0531 23.1564 17.6582 21.4717 19.7537L12.5133 32.3364ZM12.5133 3.54304C10.1897 3.56962 7.97166 4.51392 6.34621 6.16857C4.72076 7.82322 3.82079 10.053 3.84391 12.3682C3.85359 14.4814 4.61662 16.5224 5.99682 18.1269L12.5133 27.3264L19.2032 17.9397C20.4749 16.3582 21.1725 14.3947 21.1828 12.3682C21.2059 10.053 20.3059 7.82322 18.6805 6.16857C17.055 4.51392 14.837 3.56962 12.5133 3.54304Z\" fill=\"white\"><\/path><path d=\"M12.5001 14.0637C14.182 14.0637 15.5455 12.7002 15.5455 11.0182C15.5455 9.33627 14.182 7.97278 12.5001 7.97278C10.8181 7.97278 9.45462 9.33627 9.45462 11.0182C9.45462 12.7002 10.8181 14.0637 12.5001 14.0637Z\" fill=\"white\"><\/path><\/svg>\t\t\t<\/div>\n\t\t<\/div>\n\t\t\t\t\t\t<\/div>\n\t\t\t\t<\/div>\n\t\t\t\t<div class=\"elementor-element elementor-element-a33c3f6 elementor-widget elementor-widget-text-editor\" data-id=\"a33c3f6\" data-element_type=\"widget\" data-widget_type=\"text-editor.default\">\n\t\t\t\t<div class=\"elementor-widget-container\">\n\t\t\t\t\t\t\t\t\t<p>Aviateur<br \/>Papanastasiou 6\u2028<br \/>Ath\u00e8nes, 15773 <br \/><a href=\"https:\/\/www.google.com\/maps\/place\/Aeroporou+Papanastasiou+6,+Zografou+157+73,+Greece\/@37.981246,23.764302,14z\/data=!4m6!3m5!1s0x14a197fe0935d9d1:0xae2f4b497af2307!8m2!3d37.981246!4d23.7643017!16s%2Fg%2F11kmclpcz9?hl=en-US&amp;entry=ttu&amp;g_ep=EgoyMDI0MTIwNC4wIKXMDSoASAFQAw%3D%3D\">Carte<\/a><\/p>\t\t\t\t\t\t\t\t<\/div>\n\t\t\t\t<\/div>\n\t\t\t\t<\/div>\n\t\t\t\t\t<\/div>\n\t\t\t\t<\/div>\n\t\t\t\t\t<\/div>\n\t\t\t\t<\/div>\n\t\t<div class=\"elementor-element elementor-element-e3f566b e-flex e-con-boxed elementor-invisible e-con e-child\" data-id=\"e3f566b\" data-element_type=\"container\" data-settings=\"{&quot;animation&quot;:&quot;fadeInUp&quot;}\">\n\t\t\t\t\t<div class=\"e-con-inner\">\n\t\t\t\t<div class=\"elementor-element elementor-element-f028cda elementor-widget elementor-widget-heading\" data-id=\"f028cda\" data-element_type=\"widget\" data-widget_type=\"heading.default\">\n\t\t\t\t<div class=\"elementor-widget-container\">\n\t\t\t\t\t<h2 class=\"elementor-heading-title elementor-size-default\">X\u03ac\u03c1\u03c4\u03b7\u03c2<\/h2>\t\t\t\t<\/div>\n\t\t\t\t<\/div>\n\t\t\t\t<div class=\"elementor-element elementor-element-478046c elementor-widget elementor-widget-google_maps\" data-id=\"478046c\" data-element_type=\"widget\" data-widget_type=\"google_maps.default\">\n\t\t\t\t<div class=\"elementor-widget-container\">\n\t\t\t\t\t\t\t<div class=\"elementor-custom-embed\">\n\t\t\t<iframe loading=\"lazy\"\n\t\t\t\t\tsrc=\"https:\/\/maps.google.com\/maps?q=%CE%91%CE%B5%CF%81%CE%BF%CF%80%CF%8C%CF%81%CE%BF%CF%85%20%CE%A0%CE%B1%CF%80%CE%B1%CE%BD%CE%B1%CF%83%CF%84%CE%B1%CF%83%CE%AF%CE%BF%CF%85%206%E2%80%A8%CE%91%CE%B8%CE%AE%CE%BD%CE%B1%2C%2015773%20&#038;t=m&#038;z=14&#038;output=embed&#038;iwloc=near\"\n\t\t\t\t\ttitle=\"\u0391\u03b5\u03c1\u03bf\u03c0\u03cc\u03c1\u03bf\u03c5 \u03a0\u03b1\u03c0\u03b1\u03bd\u03b1\u03c3\u03c4\u03b1\u03c3\u03af\u03bf\u03c5 6\u2028\u0391\u03b8\u03ae\u03bd\u03b1, 15773 \"\n\t\t\t\t\taria-label=\"\u0391\u03b5\u03c1\u03bf\u03c0\u03cc\u03c1\u03bf\u03c5 \u03a0\u03b1\u03c0\u03b1\u03bd\u03b1\u03c3\u03c4\u03b1\u03c3\u03af\u03bf\u03c5 6\u2028\u0391\u03b8\u03ae\u03bd\u03b1, 15773 \"\n\t\t\t><\/iframe>\n\t\t<\/div>\n\t\t\t\t\t\t<\/div>\n\t\t\t\t<\/div>\n\t\t\t\t\t<\/div>\n\t\t\t\t<\/div>\n\t\t\t\t\t<\/div>\n\t\t\t\t<\/div>\n\t\t\t\t<\/div>\n\t\t","protected":false},"excerpt":{"rendered":"<p>Contactez nous Nous coop\u00e9rons avec des m\u00e9decins de nombreuses sp\u00e9cialit\u00e9s (m\u00e9decins militaires, centres de diagnostic, h\u00f4pitaux priv\u00e9s et compagnies d&rsquo;assurance). (+30) 693 833 0678 (+30) 210 6740424 info@medifirstaid.gr Formulaire de contact Deuxi\u00e8me &#8211; Vendredi\u2028 10:00 \u2013 21:00 Samedi:\u2028 10:00 \u2013 14:00 AviateurPapanastasiou 6\u2028Ath\u00e8nes, 15773 Carte X\u03ac\u03c1\u03c4\u03b7\u03c2<\/p>\n","protected":false},"author":1,"featured_media":0,"parent":0,"menu_order":0,"comment_status":"closed","ping_status":"closed","template":"","meta":{"footnotes":""},"class_list":["post-2632","page","type-page","status-publish","hentry"],"yoast_head":"<!-- This site is optimized with the Yoast SEO plugin v26.7 - https:\/\/yoast.com\/wordpress\/plugins\/seo\/ -->\n<title>Contact - MediFirstAid<\/title>\n<meta name=\"robots\" content=\"index, follow, max-snippet:-1, max-image-preview:large, max-video-preview:-1\" \/>\n<link rel=\"canonical\" href=\"https:\/\/www.medifirstaid.gr\/fr\/contact\/\" \/>\n<meta property=\"og:locale\" content=\"fr_FR\" \/>\n<meta property=\"og:type\" content=\"article\" \/>\n<meta property=\"og:title\" content=\"Contact - MediFirstAid\" \/>\n<meta property=\"og:description\" content=\"Contactez nous Nous coop\u00e9rons avec des m\u00e9decins de nombreuses sp\u00e9cialit\u00e9s (m\u00e9decins militaires, centres de diagnostic, h\u00f4pitaux priv\u00e9s et compagnies d&rsquo;assurance). (+30) 693 833 0678 (+30) 210 6740424 info@medifirstaid.gr Formulaire de contact Deuxi\u00e8me &#8211; Vendredi\u2028 10:00 \u2013 21:00 Samedi:\u2028 10:00 \u2013 14:00 AviateurPapanastasiou 6\u2028Ath\u00e8nes, 15773 Carte X\u03ac\u03c1\u03c4\u03b7\u03c2\" \/>\n<meta property=\"og:url\" content=\"https:\/\/www.medifirstaid.gr\/fr\/contact\/\" \/>\n<meta property=\"og:site_name\" content=\"MediFirstAid\" \/>\n<meta property=\"article:modified_time\" content=\"2025-04-07T13:15:12+00:00\" \/>\n<meta name=\"twitter:card\" content=\"summary_large_image\" \/>\n<meta name=\"twitter:label1\" content=\"Dur\u00e9e de lecture estim\u00e9e\" \/>\n\t<meta name=\"twitter:data1\" content=\"1 minute\" \/>\n<script type=\"application\/ld+json\" class=\"yoast-schema-graph\">{\"@context\":\"https:\/\/schema.org\",\"@graph\":[{\"@type\":\"WebPage\",\"@id\":\"https:\/\/www.medifirstaid.gr\/fr\/contact\/\",\"url\":\"https:\/\/www.medifirstaid.gr\/fr\/contact\/\",\"name\":\"Contact - MediFirstAid\",\"isPartOf\":{\"@id\":\"https:\/\/www.medifirstaid.gr\/#website\"},\"primaryImageOfPage\":{\"@id\":\"https:\/\/www.medifirstaid.gr\/fr\/contact\/#primaryimage\"},\"image\":{\"@id\":\"https:\/\/www.medifirstaid.gr\/fr\/contact\/#primaryimage\"},\"thumbnailUrl\":\"https:\/\/www.medifirstaid.gr\/wp-content\/uploads\/2024\/04\/Frame-193.svg\",\"datePublished\":\"2024-04-12T06:33:47+00:00\",\"dateModified\":\"2025-04-07T13:15:12+00:00\",\"breadcrumb\":{\"@id\":\"https:\/\/www.medifirstaid.gr\/fr\/contact\/#breadcrumb\"},\"inLanguage\":\"fr-FR\",\"potentialAction\":[{\"@type\":\"ReadAction\",\"target\":[\"https:\/\/www.medifirstaid.gr\/fr\/contact\/\"]}]},{\"@type\":\"ImageObject\",\"inLanguage\":\"fr-FR\",\"@id\":\"https:\/\/www.medifirstaid.gr\/fr\/contact\/#primaryimage\",\"url\":\"https:\/\/www.medifirstaid.gr\/wp-content\/uploads\/2024\/04\/Frame-193.svg\",\"contentUrl\":\"https:\/\/www.medifirstaid.gr\/wp-content\/uploads\/2024\/04\/Frame-193.svg\"},{\"@type\":\"BreadcrumbList\",\"@id\":\"https:\/\/www.medifirstaid.gr\/fr\/contact\/#breadcrumb\",\"itemListElement\":[{\"@type\":\"ListItem\",\"position\":1,\"name\":\"Home\",\"item\":\"https:\/\/www.medifirstaid.gr\/fr\/\"},{\"@type\":\"ListItem\",\"position\":2,\"name\":\"Contact\"}]},{\"@type\":\"WebSite\",\"@id\":\"https:\/\/www.medifirstaid.gr\/#website\",\"url\":\"https:\/\/www.medifirstaid.gr\/\",\"name\":\"MediFirstAid\",\"description\":\"\",\"publisher\":{\"@id\":\"https:\/\/www.medifirstaid.gr\/#organization\"},\"potentialAction\":[{\"@type\":\"SearchAction\",\"target\":{\"@type\":\"EntryPoint\",\"urlTemplate\":\"https:\/\/www.medifirstaid.gr\/?s={search_term_string}\"},\"query-input\":{\"@type\":\"PropertyValueSpecification\",\"valueRequired\":true,\"valueName\":\"search_term_string\"}}],\"inLanguage\":\"fr-FR\"},{\"@type\":\"Organization\",\"@id\":\"https:\/\/www.medifirstaid.gr\/#organization\",\"name\":\"MediFirstAid\",\"url\":\"https:\/\/www.medifirstaid.gr\/\",\"logo\":{\"@type\":\"ImageObject\",\"inLanguage\":\"fr-FR\",\"@id\":\"https:\/\/www.medifirstaid.gr\/#\/schema\/logo\/image\/\",\"url\":\"https:\/\/www.medifirstaid.gr\/wp-content\/uploads\/2024\/04\/logo.png\",\"contentUrl\":\"https:\/\/www.medifirstaid.gr\/wp-content\/uploads\/2024\/04\/logo.png\",\"width\":382,\"height\":136,\"caption\":\"MediFirstAid\"},\"image\":{\"@id\":\"https:\/\/www.medifirstaid.gr\/#\/schema\/logo\/image\/\"}}]}<\/script>\n<!-- \/ Yoast SEO plugin. -->","yoast_head_json":{"title":"Contact - MediFirstAid","robots":{"index":"index","follow":"follow","max-snippet":"max-snippet:-1","max-image-preview":"max-image-preview:large","max-video-preview":"max-video-preview:-1"},"canonical":"https:\/\/www.medifirstaid.gr\/fr\/contact\/","og_locale":"fr_FR","og_type":"article","og_title":"Contact - MediFirstAid","og_description":"Contactez nous Nous coop\u00e9rons avec des m\u00e9decins de nombreuses sp\u00e9cialit\u00e9s (m\u00e9decins militaires, centres de diagnostic, h\u00f4pitaux priv\u00e9s et compagnies d&rsquo;assurance). (+30) 693 833 0678 (+30) 210 6740424 info@medifirstaid.gr Formulaire de contact Deuxi\u00e8me &#8211; Vendredi\u2028 10:00 \u2013 21:00 Samedi:\u2028 10:00 \u2013 14:00 AviateurPapanastasiou 6\u2028Ath\u00e8nes, 15773 Carte X\u03ac\u03c1\u03c4\u03b7\u03c2","og_url":"https:\/\/www.medifirstaid.gr\/fr\/contact\/","og_site_name":"MediFirstAid","article_modified_time":"2025-04-07T13:15:12+00:00","twitter_card":"summary_large_image","twitter_misc":{"Dur\u00e9e de lecture estim\u00e9e":"1 minute"},"schema":{"@context":"https:\/\/schema.org","@graph":[{"@type":"WebPage","@id":"https:\/\/www.medifirstaid.gr\/fr\/contact\/","url":"https:\/\/www.medifirstaid.gr\/fr\/contact\/","name":"Contact - MediFirstAid","isPartOf":{"@id":"https:\/\/www.medifirstaid.gr\/#website"},"primaryImageOfPage":{"@id":"https:\/\/www.medifirstaid.gr\/fr\/contact\/#primaryimage"},"image":{"@id":"https:\/\/www.medifirstaid.gr\/fr\/contact\/#primaryimage"},"thumbnailUrl":"https:\/\/www.medifirstaid.gr\/wp-content\/uploads\/2024\/04\/Frame-193.svg","datePublished":"2024-04-12T06:33:47+00:00","dateModified":"2025-04-07T13:15:12+00:00","breadcrumb":{"@id":"https:\/\/www.medifirstaid.gr\/fr\/contact\/#breadcrumb"},"inLanguage":"fr-FR","potentialAction":[{"@type":"ReadAction","target":["https:\/\/www.medifirstaid.gr\/fr\/contact\/"]}]},{"@type":"ImageObject","inLanguage":"fr-FR","@id":"https:\/\/www.medifirstaid.gr\/fr\/contact\/#primaryimage","url":"https:\/\/www.medifirstaid.gr\/wp-content\/uploads\/2024\/04\/Frame-193.svg","contentUrl":"https:\/\/www.medifirstaid.gr\/wp-content\/uploads\/2024\/04\/Frame-193.svg"},{"@type":"BreadcrumbList","@id":"https:\/\/www.medifirstaid.gr\/fr\/contact\/#breadcrumb","itemListElement":[{"@type":"ListItem","position":1,"name":"Home","item":"https:\/\/www.medifirstaid.gr\/fr\/"},{"@type":"ListItem","position":2,"name":"Contact"}]},{"@type":"WebSite","@id":"https:\/\/www.medifirstaid.gr\/#website","url":"https:\/\/www.medifirstaid.gr\/","name":"MediFirstAid","description":"","publisher":{"@id":"https:\/\/www.medifirstaid.gr\/#organization"},"potentialAction":[{"@type":"SearchAction","target":{"@type":"EntryPoint","urlTemplate":"https:\/\/www.medifirstaid.gr\/?s={search_term_string}"},"query-input":{"@type":"PropertyValueSpecification","valueRequired":true,"valueName":"search_term_string"}}],"inLanguage":"fr-FR"},{"@type":"Organization","@id":"https:\/\/www.medifirstaid.gr\/#organization","name":"MediFirstAid","url":"https:\/\/www.medifirstaid.gr\/","logo":{"@type":"ImageObject","inLanguage":"fr-FR","@id":"https:\/\/www.medifirstaid.gr\/#\/schema\/logo\/image\/","url":"https:\/\/www.medifirstaid.gr\/wp-content\/uploads\/2024\/04\/logo.png","contentUrl":"https:\/\/www.medifirstaid.gr\/wp-content\/uploads\/2024\/04\/logo.png","width":382,"height":136,"caption":"MediFirstAid"},"image":{"@id":"https:\/\/www.medifirstaid.gr\/#\/schema\/logo\/image\/"}}]}},"_links":{"self":[{"href":"https:\/\/www.medifirstaid.gr\/fr\/wp-json\/wp\/v2\/pages\/2632","targetHints":{"allow":["GET"]}}],"collection":[{"href":"https:\/\/www.medifirstaid.gr\/fr\/wp-json\/wp\/v2\/pages"}],"about":[{"href":"https:\/\/www.medifirstaid.gr\/fr\/wp-json\/wp\/v2\/types\/page"}],"author":[{"embeddable":true,"href":"https:\/\/www.medifirstaid.gr\/fr\/wp-json\/wp\/v2\/users\/1"}],"replies":[{"embeddable":true,"href":"https:\/\/www.medifirstaid.gr\/fr\/wp-json\/wp\/v2\/comments?post=2632"}],"version-history":[{"count":26,"href":"https:\/\/www.medifirstaid.gr\/fr\/wp-json\/wp\/v2\/pages\/2632\/revisions"}],"predecessor-version":[{"id":6831,"href":"https:\/\/www.medifirstaid.gr\/fr\/wp-json\/wp\/v2\/pages\/2632\/revisions\/6831"}],"wp:attachment":[{"href":"https:\/\/www.medifirstaid.gr\/fr\/wp-json\/wp\/v2\/media?parent=2632"}],"curies":[{"name":"wp","href":"https:\/\/api.w.org\/{rel}","templated":true}]}}