{"id":2688,"date":"2024-04-09T09:17:49","date_gmt":"2024-04-09T06:17:49","guid":{"rendered":"https:\/\/www.medifirstaid.gr\/clinics\/"},"modified":"2024-10-23T17:25:55","modified_gmt":"2024-10-23T14:25:55","slug":"clinics","status":"publish","type":"page","link":"https:\/\/www.medifirstaid.gr\/de\/clinics\/","title":{"rendered":"Kliniken"},"content":{"rendered":"\t\t<div data-elementor-type=\"wp-page\" data-elementor-id=\"2688\" class=\"elementor elementor-2688 elementor-104\" data-elementor-post-type=\"page\">\n\t\t\t\t<div class=\"elementor-element elementor-element-63eb15d6 e-flex e-con-boxed e-con e-parent\" data-id=\"63eb15d6\" data-element_type=\"container\">\n\t\t\t\t\t<div class=\"e-con-inner\">\n\t\t<div class=\"elementor-element elementor-element-78dd729e e-con-full e-flex e-con e-child\" data-id=\"78dd729e\" data-element_type=\"container\">\n\t\t\t\t<div class=\"elementor-element elementor-element-3d41ab00 elementor-invisible elementor-widget elementor-widget-heading\" data-id=\"3d41ab00\" data-element_type=\"widget\" data-settings=\"{&quot;_animation&quot;:&quot;fadeInUp&quot;}\" data-widget_type=\"heading.default\">\n\t\t\t\t<div class=\"elementor-widget-container\">\n\t\t\t\t\t<h2 class=\"elementor-heading-title elementor-size-default\">Wir bieten medizinische Grundversorgung in \u00fcber 20 5-Sterne-Hotels und Resorts in ganz Griechenland!\n<\/h2>\t\t\t\t<\/div>\n\t\t\t\t<\/div>\n\t\t\t\t<div class=\"elementor-element elementor-element-74c182c elementor-invisible elementor-widget elementor-widget-accordion\" data-id=\"74c182c\" data-element_type=\"widget\" data-settings=\"{&quot;_animation&quot;:&quot;zoomInUp&quot;}\" data-widget_type=\"accordion.default\">\n\t\t\t\t<div class=\"elementor-widget-container\">\n\t\t\t\t\t\t\t<div class=\"elementor-accordion\">\n\t\t\t\t\t\t\t<div class=\"elementor-accordion-item\">\n\t\t\t\t\t<div id=\"elementor-tab-title-1221\" class=\"elementor-tab-title\" data-tab=\"1\" role=\"button\" aria-controls=\"elementor-tab-content-1221\" aria-expanded=\"false\">\n\t\t\t\t\t\t\t\t\t\t\t\t\t<span class=\"elementor-accordion-icon elementor-accordion-icon-right\" aria-hidden=\"true\">\n\t\t\t\t\t\t\t\t\t\t\t\t\t\t\t<span class=\"elementor-accordion-icon-closed\"><svg xmlns=\"http:\/\/www.w3.org\/2000\/svg\" width=\"28\" height=\"29\" viewBox=\"0 0 28 29\" fill=\"none\"><path d=\"M24.0625 13.625H14.875V4.4375H13.125V13.625H3.9375V15.375H13.125V24.5625H14.875V15.375H24.0625V13.625Z\" fill=\"#0FA4E4\"><\/path><\/svg><\/span>\n\t\t\t\t\t\t\t\t<span class=\"elementor-accordion-icon-opened\"><svg xmlns=\"http:\/\/www.w3.org\/2000\/svg\" width=\"28\" height=\"29\" viewBox=\"0 0 28 29\" fill=\"none\"><rect x=\"4\" y=\"14\" width=\"20\" height=\"2\" fill=\"#0FA4E4\"><\/rect><\/svg><\/span>\n\t\t\t\t\t\t\t\t\t\t\t\t\t\t<\/span>\n\t\t\t\t\t\t\t\t\t\t\t\t<a class=\"elementor-accordion-title\" tabindex=\"0\">Zentralb\u00fcro Athen<\/a>\n\t\t\t\t\t<\/div>\n\t\t\t\t\t<div id=\"elementor-tab-content-1221\" class=\"elementor-tab-content elementor-clearfix\" data-tab=\"1\" role=\"region\" aria-labelledby=\"elementor-tab-title-1221\"><p>Medi First Aid Aid Athens<br \/>Flieger Papanastasiou 6<br \/>Mobile:\u00a0<a href=\"tel:+306938330678\">+30 6938330678<\/a>\u00a0\u2013 Coordinator Number<br \/>Tel:\u00a0<a href=\"tel:+302106740424\">+30 2106740424<\/a><\/p><p><a class=\"elementor-button\" href=\"https:\/\/www.medifirstaid.gr\/clinic\/athina-kentriko-grafeio-2\/\">Mehr lesen<\/a><\/p><\/div>\n\t\t\t\t<\/div>\n\t\t\t\t\t\t\t<div class=\"elementor-accordion-item\">\n\t\t\t\t\t<div id=\"elementor-tab-title-1222\" class=\"elementor-tab-title\" data-tab=\"2\" role=\"button\" aria-controls=\"elementor-tab-content-1222\" aria-expanded=\"false\">\n\t\t\t\t\t\t\t\t\t\t\t\t\t<span class=\"elementor-accordion-icon elementor-accordion-icon-right\" aria-hidden=\"true\">\n\t\t\t\t\t\t\t\t\t\t\t\t\t\t\t<span class=\"elementor-accordion-icon-closed\"><svg xmlns=\"http:\/\/www.w3.org\/2000\/svg\" width=\"28\" height=\"29\" viewBox=\"0 0 28 29\" fill=\"none\"><path d=\"M24.0625 13.625H14.875V4.4375H13.125V13.625H3.9375V15.375H13.125V24.5625H14.875V15.375H24.0625V13.625Z\" fill=\"#0FA4E4\"><\/path><\/svg><\/span>\n\t\t\t\t\t\t\t\t<span class=\"elementor-accordion-icon-opened\"><svg xmlns=\"http:\/\/www.w3.org\/2000\/svg\" width=\"28\" height=\"29\" viewBox=\"0 0 28 29\" fill=\"none\"><rect x=\"4\" y=\"14\" width=\"20\" height=\"2\" fill=\"#0FA4E4\"><\/rect><\/svg><\/span>\n\t\t\t\t\t\t\t\t\t\t\t\t\t\t<\/span>\n\t\t\t\t\t\t\t\t\t\t\t\t<a class=\"elementor-accordion-title\" tabindex=\"0\">Thessaloniki<\/a>\n\t\t\t\t\t<\/div>\n\t\t\t\t\t<div id=\"elementor-tab-content-1222\" class=\"elementor-tab-content elementor-clearfix\" data-tab=\"2\" role=\"region\" aria-labelledby=\"elementor-tab-title-1222\"><p>Medi First Aid Thessaloniki<br \/>Mobile:\u00a0<a href=\"tel:+306938330678\">+30 6938330678<\/a>\u00a0\u2013 Coordinator Number<br \/>Tel:\u00a0<a href=\"tel:+302106740424\">+30 2106740424<\/a><\/p><p><a class=\"elementor-button\" href=\"https:\/\/www.medifirstaid.gr\/clinic\/thessaloniki\/\">Mehr lesen<\/a><\/p><\/div>\n\t\t\t\t<\/div>\n\t\t\t\t\t\t\t<div class=\"elementor-accordion-item\">\n\t\t\t\t\t<div id=\"elementor-tab-title-1223\" class=\"elementor-tab-title\" data-tab=\"3\" role=\"button\" aria-controls=\"elementor-tab-content-1223\" aria-expanded=\"false\">\n\t\t\t\t\t\t\t\t\t\t\t\t\t<span class=\"elementor-accordion-icon elementor-accordion-icon-right\" aria-hidden=\"true\">\n\t\t\t\t\t\t\t\t\t\t\t\t\t\t\t<span class=\"elementor-accordion-icon-closed\"><svg xmlns=\"http:\/\/www.w3.org\/2000\/svg\" width=\"28\" height=\"29\" viewBox=\"0 0 28 29\" fill=\"none\"><path d=\"M24.0625 13.625H14.875V4.4375H13.125V13.625H3.9375V15.375H13.125V24.5625H14.875V15.375H24.0625V13.625Z\" fill=\"#0FA4E4\"><\/path><\/svg><\/span>\n\t\t\t\t\t\t\t\t<span class=\"elementor-accordion-icon-opened\"><svg xmlns=\"http:\/\/www.w3.org\/2000\/svg\" width=\"28\" height=\"29\" viewBox=\"0 0 28 29\" fill=\"none\"><rect x=\"4\" y=\"14\" width=\"20\" height=\"2\" fill=\"#0FA4E4\"><\/rect><\/svg><\/span>\n\t\t\t\t\t\t\t\t\t\t\t\t\t\t<\/span>\n\t\t\t\t\t\t\t\t\t\t\t\t<a class=\"elementor-accordion-title\" tabindex=\"0\">Pieria<\/a>\n\t\t\t\t\t<\/div>\n\t\t\t\t\t<div id=\"elementor-tab-content-1223\" class=\"elementor-tab-content elementor-clearfix\" data-tab=\"3\" role=\"region\" aria-labelledby=\"elementor-tab-title-1223\"><p>Medi First Aid Pieria<\/p><p>K\u00f6nig Paul 16 &#8211; Catherine Paralia<br \/>Mobile: <a href=\"tel:+302106740424\">+30 2106740424 <\/a>\u2013 Coordinator Number +30 6938330678<br \/>Tel: <a href=\"tel:+306938330678\">+30 2351062177<\/a><\/p><p><a class=\"elementor-button\" href=\"https:\/\/www.medifirstaid.gr\/clinic\/pieria\/\">Mehr lesen<\/a><\/p><\/div>\n\t\t\t\t<\/div>\n\t\t\t\t\t\t\t<div class=\"elementor-accordion-item\">\n\t\t\t\t\t<div id=\"elementor-tab-title-1224\" class=\"elementor-tab-title\" data-tab=\"4\" role=\"button\" aria-controls=\"elementor-tab-content-1224\" aria-expanded=\"false\">\n\t\t\t\t\t\t\t\t\t\t\t\t\t<span class=\"elementor-accordion-icon elementor-accordion-icon-right\" aria-hidden=\"true\">\n\t\t\t\t\t\t\t\t\t\t\t\t\t\t\t<span class=\"elementor-accordion-icon-closed\"><svg xmlns=\"http:\/\/www.w3.org\/2000\/svg\" width=\"28\" height=\"29\" viewBox=\"0 0 28 29\" fill=\"none\"><path d=\"M24.0625 13.625H14.875V4.4375H13.125V13.625H3.9375V15.375H13.125V24.5625H14.875V15.375H24.0625V13.625Z\" fill=\"#0FA4E4\"><\/path><\/svg><\/span>\n\t\t\t\t\t\t\t\t<span class=\"elementor-accordion-icon-opened\"><svg xmlns=\"http:\/\/www.w3.org\/2000\/svg\" width=\"28\" height=\"29\" viewBox=\"0 0 28 29\" fill=\"none\"><rect x=\"4\" y=\"14\" width=\"20\" height=\"2\" fill=\"#0FA4E4\"><\/rect><\/svg><\/span>\n\t\t\t\t\t\t\t\t\t\t\t\t\t\t<\/span>\n\t\t\t\t\t\t\t\t\t\t\t\t<a class=\"elementor-accordion-title\" tabindex=\"0\">Chalkidiki<\/a>\n\t\t\t\t\t<\/div>\n\t\t\t\t\t<div id=\"elementor-tab-content-1224\" class=\"elementor-tab-content elementor-clearfix\" data-tab=\"4\" role=\"region\" aria-labelledby=\"elementor-tab-title-1224\"><p>Medi First Aid Chalkidiki<br \/>Mobile:\u00a0<a href=\"tel:+306938330678\">+30 6938330678<\/a>\u00a0\u2013 Coordinator Number<br \/>Tel:\u00a0<a href=\"tel:+302106740424\">+30 2106740424<\/a><\/p><p><a class=\"elementor-button\" href=\"https:\/\/www.medifirstaid.gr\/clinic\/chalkidiki\/\">Mehr lesen<\/a><\/p><\/div>\n\t\t\t\t<\/div>\n\t\t\t\t\t\t\t<div class=\"elementor-accordion-item\">\n\t\t\t\t\t<div id=\"elementor-tab-title-1225\" class=\"elementor-tab-title\" data-tab=\"5\" role=\"button\" aria-controls=\"elementor-tab-content-1225\" aria-expanded=\"false\">\n\t\t\t\t\t\t\t\t\t\t\t\t\t<span class=\"elementor-accordion-icon elementor-accordion-icon-right\" aria-hidden=\"true\">\n\t\t\t\t\t\t\t\t\t\t\t\t\t\t\t<span class=\"elementor-accordion-icon-closed\"><svg xmlns=\"http:\/\/www.w3.org\/2000\/svg\" width=\"28\" height=\"29\" viewBox=\"0 0 28 29\" fill=\"none\"><path d=\"M24.0625 13.625H14.875V4.4375H13.125V13.625H3.9375V15.375H13.125V24.5625H14.875V15.375H24.0625V13.625Z\" fill=\"#0FA4E4\"><\/path><\/svg><\/span>\n\t\t\t\t\t\t\t\t<span class=\"elementor-accordion-icon-opened\"><svg xmlns=\"http:\/\/www.w3.org\/2000\/svg\" width=\"28\" height=\"29\" viewBox=\"0 0 28 29\" fill=\"none\"><rect x=\"4\" y=\"14\" width=\"20\" height=\"2\" fill=\"#0FA4E4\"><\/rect><\/svg><\/span>\n\t\t\t\t\t\t\t\t\t\t\t\t\t\t<\/span>\n\t\t\t\t\t\t\t\t\t\t\t\t<a class=\"elementor-accordion-title\" tabindex=\"0\">Kreta<\/a>\n\t\t\t\t\t<\/div>\n\t\t\t\t\t<div id=\"elementor-tab-content-1225\" class=\"elementor-tab-content elementor-clearfix\" data-tab=\"5\" role=\"region\" aria-labelledby=\"elementor-tab-title-1225\"><p>Medi First Aid Kreta<br \/>Mobile:\u00a0<a href=\"tel:+306938330678\">+30 6938330678<\/a>\u00a0\u2013 Coordinator Number<br \/>Tel:\u00a0<a href=\"tel:+302106740424\">+30 2106740424<\/a><\/p><p><a class=\"elementor-button\" href=\"https:\/\/www.medifirstaid.gr\/clinic\/kriti\/\">Mehr lesen<\/a><\/p><\/div>\n\t\t\t\t<\/div>\n\t\t\t\t\t\t\t<div class=\"elementor-accordion-item\">\n\t\t\t\t\t<div id=\"elementor-tab-title-1226\" class=\"elementor-tab-title\" data-tab=\"6\" role=\"button\" aria-controls=\"elementor-tab-content-1226\" aria-expanded=\"false\">\n\t\t\t\t\t\t\t\t\t\t\t\t\t<span class=\"elementor-accordion-icon elementor-accordion-icon-right\" aria-hidden=\"true\">\n\t\t\t\t\t\t\t\t\t\t\t\t\t\t\t<span class=\"elementor-accordion-icon-closed\"><svg xmlns=\"http:\/\/www.w3.org\/2000\/svg\" width=\"28\" height=\"29\" viewBox=\"0 0 28 29\" fill=\"none\"><path d=\"M24.0625 13.625H14.875V4.4375H13.125V13.625H3.9375V15.375H13.125V24.5625H14.875V15.375H24.0625V13.625Z\" fill=\"#0FA4E4\"><\/path><\/svg><\/span>\n\t\t\t\t\t\t\t\t<span class=\"elementor-accordion-icon-opened\"><svg xmlns=\"http:\/\/www.w3.org\/2000\/svg\" width=\"28\" height=\"29\" viewBox=\"0 0 28 29\" fill=\"none\"><rect x=\"4\" y=\"14\" width=\"20\" height=\"2\" fill=\"#0FA4E4\"><\/rect><\/svg><\/span>\n\t\t\t\t\t\t\t\t\t\t\t\t\t\t<\/span>\n\t\t\t\t\t\t\t\t\t\t\t\t<a class=\"elementor-accordion-title\" tabindex=\"0\">Rhodos<\/a>\n\t\t\t\t\t<\/div>\n\t\t\t\t\t<div id=\"elementor-tab-content-1226\" class=\"elementor-tab-content elementor-clearfix\" data-tab=\"6\" role=\"region\" aria-labelledby=\"elementor-tab-title-1226\"><p>Medi First Aid Rhodos<br \/>Mobile:\u00a0<a href=\"tel:+306938330678\">+30 6938330678<\/a>\u00a0\u2013 Coordinator Number<br \/>Tel:\u00a0<a href=\"tel:+302106740424\">+30 2106740424<\/a><\/p><p><a class=\"elementor-button\" href=\"https:\/\/www.medifirstaid.gr\/clinic\/rodos\/\">Mehr lesen<\/a><\/p><\/div>\n\t\t\t\t<\/div>\n\t\t\t\t\t\t\t<div class=\"elementor-accordion-item\">\n\t\t\t\t\t<div id=\"elementor-tab-title-1227\" class=\"elementor-tab-title\" data-tab=\"7\" role=\"button\" aria-controls=\"elementor-tab-content-1227\" aria-expanded=\"false\">\n\t\t\t\t\t\t\t\t\t\t\t\t\t<span class=\"elementor-accordion-icon elementor-accordion-icon-right\" aria-hidden=\"true\">\n\t\t\t\t\t\t\t\t\t\t\t\t\t\t\t<span class=\"elementor-accordion-icon-closed\"><svg xmlns=\"http:\/\/www.w3.org\/2000\/svg\" width=\"28\" height=\"29\" viewBox=\"0 0 28 29\" fill=\"none\"><path d=\"M24.0625 13.625H14.875V4.4375H13.125V13.625H3.9375V15.375H13.125V24.5625H14.875V15.375H24.0625V13.625Z\" fill=\"#0FA4E4\"><\/path><\/svg><\/span>\n\t\t\t\t\t\t\t\t<span class=\"elementor-accordion-icon-opened\"><svg xmlns=\"http:\/\/www.w3.org\/2000\/svg\" width=\"28\" height=\"29\" viewBox=\"0 0 28 29\" fill=\"none\"><rect x=\"4\" y=\"14\" width=\"20\" height=\"2\" fill=\"#0FA4E4\"><\/rect><\/svg><\/span>\n\t\t\t\t\t\t\t\t\t\t\t\t\t\t<\/span>\n\t\t\t\t\t\t\t\t\t\t\t\t<a class=\"elementor-accordion-title\" tabindex=\"0\">Peloponnes<\/a>\n\t\t\t\t\t<\/div>\n\t\t\t\t\t<div id=\"elementor-tab-content-1227\" class=\"elementor-tab-content elementor-clearfix\" data-tab=\"7\" role=\"region\" aria-labelledby=\"elementor-tab-title-1227\"><p>Medi First Aid Peloponnes<br \/>Mobile:\u00a0<a href=\"tel:+306938330678\">+30 6938330678<\/a>\u00a0\u2013 Coordinator Number<br \/>Tel:\u00a0<a href=\"tel:+302106740424\">+30 2106740424<\/a><\/p><p><a class=\"elementor-button\" href=\"https:\/\/www.medifirstaid.gr\/clinic\/peloponnisos\/\">Mehr lesen<\/a><\/p><\/div>\n\t\t\t\t<\/div>\n\t\t\t\t\t\t\t\t<\/div>\n\t\t\t\t\t\t<\/div>\n\t\t\t\t<\/div>\n\t\t<div class=\"elementor-element elementor-element-a882a6c e-flex e-con-boxed elementor-invisible e-con e-child\" data-id=\"a882a6c\" data-element_type=\"container\" data-settings=\"{&quot;animation&quot;:&quot;fadeInUp&quot;}\">\n\t\t\t\t\t<div class=\"e-con-inner\">\n\t\t\t\t<div class=\"elementor-element elementor-element-30feee2 elementor-widget elementor-widget-heading\" data-id=\"30feee2\" data-element_type=\"widget\" data-widget_type=\"heading.default\">\n\t\t\t\t<div class=\"elementor-widget-container\">\n\t\t\t\t\t<h2 class=\"elementor-heading-title elementor-size-default\">Medi First Aid<\/h2>\t\t\t\t<\/div>\n\t\t\t\t<\/div>\n\t\t\t\t<div class=\"elementor-element elementor-element-b4ea32a elementor-widget elementor-widget-text-editor\" data-id=\"b4ea32a\" data-element_type=\"widget\" data-widget_type=\"text-editor.default\">\n\t\t\t\t<div class=\"elementor-widget-container\">\n\t\t\t\t\t\t\t\t\t<p>Medi First Aid hat es sich zur Aufgabe gemacht, in ganz Griechenland qualitativ hochwertige und fortschrittliche Diagnose- und Behandlungsdienste anzubieten. Mit Kliniken in verschiedenen St\u00e4dten erf\u00fcllen wir die Gesundheitsbed\u00fcrfnisse der Bev\u00f6lkerung im ganzen Land.<\/p><p>Unsere Kliniken befinden sich an Knotenpunkten in St\u00e4dten wie Athen, Thessaloniki, Kreta und anderen und bieten unmittelbaren Zugang zu Diagnose- und medizinischen Versorgungsleistungen in jeder Ecke Griechenlands.<\/p><p>Bei Medi First Aid k\u00f6nnen unsere Patienten von einem breiten Spektrum an spezialisierten Dienstleistungen profitieren.<\/p><p>Unsere \u00c4rzte sind qualifiziert und erfahren und bieten jedem Patienten einen individuellen Ansatz und eine qualitativ hochwertige Versorgung. Dar\u00fcber hinaus gew\u00e4hrleistet die von uns eingesetzte hochmoderne Technologie genaue Diagnosen und wirksame Behandlungen.<\/p><p>Besuchen Sie noch heute eine unserer Kliniken und nutzen Sie das Fachwissen und die F\u00fcrsorge von Medi First Aid f\u00fcr Ihre Gesundheit!<\/p>\t\t\t\t\t\t\t\t<\/div>\n\t\t\t\t<\/div>\n\t\t\t\t\t<\/div>\n\t\t\t\t<\/div>\n\t\t\t\t<\/div>\n\t\t\t\t\t<\/div>\n\t\t\t\t<\/div>\n\t\t\t\t<\/div>\n\t\t","protected":false},"excerpt":{"rendered":"<p>Wir bieten medizinische Grundversorgung in \u00fcber 20 5-Sterne-Hotels und Resorts in ganz Griechenland! Zentralb\u00fcro Athen Medi First Aid Aid AthensFlieger Papanastasiou 6Mobile:\u00a0+30 6938330678\u00a0\u2013 Coordinator NumberTel:\u00a0+30 2106740424 Mehr lesen Thessaloniki Medi First Aid ThessalonikiMobile:\u00a0+30 6938330678\u00a0\u2013 Coordinator NumberTel:\u00a0+30 2106740424 Mehr lesen Pieria Medi First Aid Pieria K\u00f6nig Paul 16 &#8211; Catherine ParaliaMobile: +30 2106740424 \u2013 Coordinator Number [&hellip;]<\/p>\n","protected":false},"author":1,"featured_media":0,"parent":0,"menu_order":0,"comment_status":"closed","ping_status":"closed","template":"","meta":{"footnotes":""},"class_list":["post-2688","page","type-page","status-publish","hentry"],"yoast_head":"<!-- This site is optimized with the Yoast SEO plugin v26.7 - https:\/\/yoast.com\/wordpress\/plugins\/seo\/ -->\n<title>Kliniken - MediFirstAid<\/title>\n<meta name=\"robots\" content=\"index, follow, max-snippet:-1, max-image-preview:large, max-video-preview:-1\" \/>\n<link rel=\"canonical\" href=\"https:\/\/www.medifirstaid.gr\/de\/clinics\/\" \/>\n<meta property=\"og:locale\" content=\"de_DE\" \/>\n<meta property=\"og:type\" content=\"article\" \/>\n<meta property=\"og:title\" content=\"Kliniken - MediFirstAid\" \/>\n<meta property=\"og:description\" content=\"Wir bieten medizinische Grundversorgung in \u00fcber 20 5-Sterne-Hotels und Resorts in ganz Griechenland! Zentralb\u00fcro Athen Medi First Aid Aid AthensFlieger Papanastasiou 6Mobile:\u00a0+30 6938330678\u00a0\u2013 Coordinator NumberTel:\u00a0+30 2106740424 Mehr lesen Thessaloniki Medi First Aid ThessalonikiMobile:\u00a0+30 6938330678\u00a0\u2013 Coordinator NumberTel:\u00a0+30 2106740424 Mehr lesen Pieria Medi First Aid Pieria K\u00f6nig Paul 16 &#8211; Catherine ParaliaMobile: +30 2106740424 \u2013 Coordinator Number [&hellip;]\" \/>\n<meta property=\"og:url\" content=\"https:\/\/www.medifirstaid.gr\/de\/clinics\/\" \/>\n<meta property=\"og:site_name\" content=\"MediFirstAid\" \/>\n<meta property=\"article:modified_time\" content=\"2024-10-23T14:25:55+00:00\" \/>\n<meta name=\"twitter:card\" content=\"summary_large_image\" \/>\n<meta name=\"twitter:label1\" content=\"Gesch\u00e4tzte Lesezeit\" \/>\n\t<meta name=\"twitter:data1\" content=\"2\u00a0Minuten\" \/>\n<script type=\"application\/ld+json\" class=\"yoast-schema-graph\">{\"@context\":\"https:\/\/schema.org\",\"@graph\":[{\"@type\":\"WebPage\",\"@id\":\"https:\/\/www.medifirstaid.gr\/de\/clinics\/\",\"url\":\"https:\/\/www.medifirstaid.gr\/de\/clinics\/\",\"name\":\"Kliniken - MediFirstAid\",\"isPartOf\":{\"@id\":\"https:\/\/www.medifirstaid.gr\/#website\"},\"datePublished\":\"2024-04-09T06:17:49+00:00\",\"dateModified\":\"2024-10-23T14:25:55+00:00\",\"breadcrumb\":{\"@id\":\"https:\/\/www.medifirstaid.gr\/de\/clinics\/#breadcrumb\"},\"inLanguage\":\"de\",\"potentialAction\":[{\"@type\":\"ReadAction\",\"target\":[\"https:\/\/www.medifirstaid.gr\/de\/clinics\/\"]}]},{\"@type\":\"BreadcrumbList\",\"@id\":\"https:\/\/www.medifirstaid.gr\/de\/clinics\/#breadcrumb\",\"itemListElement\":[{\"@type\":\"ListItem\",\"position\":1,\"name\":\"Home\",\"item\":\"https:\/\/www.medifirstaid.gr\/de\/\"},{\"@type\":\"ListItem\",\"position\":2,\"name\":\"Kliniken\"}]},{\"@type\":\"WebSite\",\"@id\":\"https:\/\/www.medifirstaid.gr\/#website\",\"url\":\"https:\/\/www.medifirstaid.gr\/\",\"name\":\"MediFirstAid\",\"description\":\"\",\"publisher\":{\"@id\":\"https:\/\/www.medifirstaid.gr\/#organization\"},\"potentialAction\":[{\"@type\":\"SearchAction\",\"target\":{\"@type\":\"EntryPoint\",\"urlTemplate\":\"https:\/\/www.medifirstaid.gr\/?s={search_term_string}\"},\"query-input\":{\"@type\":\"PropertyValueSpecification\",\"valueRequired\":true,\"valueName\":\"search_term_string\"}}],\"inLanguage\":\"de\"},{\"@type\":\"Organization\",\"@id\":\"https:\/\/www.medifirstaid.gr\/#organization\",\"name\":\"MediFirstAid\",\"url\":\"https:\/\/www.medifirstaid.gr\/\",\"logo\":{\"@type\":\"ImageObject\",\"inLanguage\":\"de\",\"@id\":\"https:\/\/www.medifirstaid.gr\/#\/schema\/logo\/image\/\",\"url\":\"https:\/\/www.medifirstaid.gr\/wp-content\/uploads\/2024\/04\/logo.png\",\"contentUrl\":\"https:\/\/www.medifirstaid.gr\/wp-content\/uploads\/2024\/04\/logo.png\",\"width\":382,\"height\":136,\"caption\":\"MediFirstAid\"},\"image\":{\"@id\":\"https:\/\/www.medifirstaid.gr\/#\/schema\/logo\/image\/\"}}]}<\/script>\n<!-- \/ Yoast SEO plugin. -->","yoast_head_json":{"title":"Kliniken - MediFirstAid","robots":{"index":"index","follow":"follow","max-snippet":"max-snippet:-1","max-image-preview":"max-image-preview:large","max-video-preview":"max-video-preview:-1"},"canonical":"https:\/\/www.medifirstaid.gr\/de\/clinics\/","og_locale":"de_DE","og_type":"article","og_title":"Kliniken - MediFirstAid","og_description":"Wir bieten medizinische Grundversorgung in \u00fcber 20 5-Sterne-Hotels und Resorts in ganz Griechenland! Zentralb\u00fcro Athen Medi First Aid Aid AthensFlieger Papanastasiou 6Mobile:\u00a0+30 6938330678\u00a0\u2013 Coordinator NumberTel:\u00a0+30 2106740424 Mehr lesen Thessaloniki Medi First Aid ThessalonikiMobile:\u00a0+30 6938330678\u00a0\u2013 Coordinator NumberTel:\u00a0+30 2106740424 Mehr lesen Pieria Medi First Aid Pieria K\u00f6nig Paul 16 &#8211; Catherine ParaliaMobile: +30 2106740424 \u2013 Coordinator Number [&hellip;]","og_url":"https:\/\/www.medifirstaid.gr\/de\/clinics\/","og_site_name":"MediFirstAid","article_modified_time":"2024-10-23T14:25:55+00:00","twitter_card":"summary_large_image","twitter_misc":{"Gesch\u00e4tzte Lesezeit":"2\u00a0Minuten"},"schema":{"@context":"https:\/\/schema.org","@graph":[{"@type":"WebPage","@id":"https:\/\/www.medifirstaid.gr\/de\/clinics\/","url":"https:\/\/www.medifirstaid.gr\/de\/clinics\/","name":"Kliniken - MediFirstAid","isPartOf":{"@id":"https:\/\/www.medifirstaid.gr\/#website"},"datePublished":"2024-04-09T06:17:49+00:00","dateModified":"2024-10-23T14:25:55+00:00","breadcrumb":{"@id":"https:\/\/www.medifirstaid.gr\/de\/clinics\/#breadcrumb"},"inLanguage":"de","potentialAction":[{"@type":"ReadAction","target":["https:\/\/www.medifirstaid.gr\/de\/clinics\/"]}]},{"@type":"BreadcrumbList","@id":"https:\/\/www.medifirstaid.gr\/de\/clinics\/#breadcrumb","itemListElement":[{"@type":"ListItem","position":1,"name":"Home","item":"https:\/\/www.medifirstaid.gr\/de\/"},{"@type":"ListItem","position":2,"name":"Kliniken"}]},{"@type":"WebSite","@id":"https:\/\/www.medifirstaid.gr\/#website","url":"https:\/\/www.medifirstaid.gr\/","name":"MediFirstAid","description":"","publisher":{"@id":"https:\/\/www.medifirstaid.gr\/#organization"},"potentialAction":[{"@type":"SearchAction","target":{"@type":"EntryPoint","urlTemplate":"https:\/\/www.medifirstaid.gr\/?s={search_term_string}"},"query-input":{"@type":"PropertyValueSpecification","valueRequired":true,"valueName":"search_term_string"}}],"inLanguage":"de"},{"@type":"Organization","@id":"https:\/\/www.medifirstaid.gr\/#organization","name":"MediFirstAid","url":"https:\/\/www.medifirstaid.gr\/","logo":{"@type":"ImageObject","inLanguage":"de","@id":"https:\/\/www.medifirstaid.gr\/#\/schema\/logo\/image\/","url":"https:\/\/www.medifirstaid.gr\/wp-content\/uploads\/2024\/04\/logo.png","contentUrl":"https:\/\/www.medifirstaid.gr\/wp-content\/uploads\/2024\/04\/logo.png","width":382,"height":136,"caption":"MediFirstAid"},"image":{"@id":"https:\/\/www.medifirstaid.gr\/#\/schema\/logo\/image\/"}}]}},"_links":{"self":[{"href":"https:\/\/www.medifirstaid.gr\/de\/wp-json\/wp\/v2\/pages\/2688","targetHints":{"allow":["GET"]}}],"collection":[{"href":"https:\/\/www.medifirstaid.gr\/de\/wp-json\/wp\/v2\/pages"}],"about":[{"href":"https:\/\/www.medifirstaid.gr\/de\/wp-json\/wp\/v2\/types\/page"}],"author":[{"embeddable":true,"href":"https:\/\/www.medifirstaid.gr\/de\/wp-json\/wp\/v2\/users\/1"}],"replies":[{"embeddable":true,"href":"https:\/\/www.medifirstaid.gr\/de\/wp-json\/wp\/v2\/comments?post=2688"}],"version-history":[{"count":31,"href":"https:\/\/www.medifirstaid.gr\/de\/wp-json\/wp\/v2\/pages\/2688\/revisions"}],"predecessor-version":[{"id":6460,"href":"https:\/\/www.medifirstaid.gr\/de\/wp-json\/wp\/v2\/pages\/2688\/revisions\/6460"}],"wp:attachment":[{"href":"https:\/\/www.medifirstaid.gr\/de\/wp-json\/wp\/v2\/media?parent=2688"}],"curies":[{"name":"wp","href":"https:\/\/api.w.org\/{rel}","templated":true}]}}